{"id":180224,"date":"2026-02-28T22:18:43","date_gmt":"2026-02-28T21:18:43","guid":{"rendered":"https:\/\/interiorposter.com\/product\/obraz-na-plotnie-czlowiek-witruwianski-styl-da-vinci\/"},"modified":"2026-03-01T02:41:00","modified_gmt":"2026-03-01T01:41:00","slug":"obraz-na-plotnie-czlowiek-witruwianski-styl-da-vinci","status":"publish","type":"product","link":"https:\/\/interiorposter.com\/cs\/product\/obraz-na-plotnie-czlowiek-witruwianski-styl-da-vinci\/","title":{"rendered":"Obraz na pl\u00e1tn\u011b Vitruvi\u00e1nsk\u00fd mu\u017e ve stylu da Vinci"},"content":{"rendered":"<p>Nad\u010dasov\u00e1 klasika, kter\u00e1 dod\u00e1 interi\u00e9ru intelektu\u00e1ln\u00ed charakter a elegantn\u00ed hloubku. Tento obraz na pl\u00e1tn\u011b, inspirovan\u00fd Vitruvi\u00e1nsk\u00fdm mu\u017eem ve stylu Leonarda da Vinci, spojuje lidskou postavu s geometri\u00ed kruhu a \u010dtverce a vytv\u00e1\u0159\u00ed v\u00fdrazn\u00fd, snadno rozpoznateln\u00fd prvek na st\u011bn\u011b. Barevnost je tepl\u00e1 a tlumen\u00e1, p\u0159evl\u00e1daj\u00ed odst\u00edny s\u00e9pie, b\u00e9\u017eov\u00e9 a hn\u011bd\u00e9 s efektem zest\u00e1rl\u00e9ho pergamenu. Skv\u011ble se hod\u00ed jako dekorace na st\u011bnu do ob\u00fdvac\u00edho pokoje, kancel\u00e1\u0159e, p\u0159eds\u00edn\u011b, lo\u017enice, hotelu nebo restaurace, zejm\u00e9na do klasick\u00fdch, industri\u00e1ln\u00edch a minimalistick\u00fdch interi\u00e9r\u016f.<\/p>\n","protected":false},"excerpt":{"rendered":"<p>Obraz na pl\u00e1tn\u011b inspirovan\u00fd Vitruvi\u00e1nsk\u00fdm mu\u017eem ve stylu da Vinci, v tepl\u00fdch t\u00f3nech s\u00e9pie a b\u00e9\u017eov\u00e9. V\u00fdrazn\u00fd akcent do ob\u00fdvac\u00edho pokoje, kancel\u00e1\u0159e i hotelu.<\/p>\n","protected":false},"featured_media":180037,"comment_status":"open","ping_status":"closed","template":"","meta":[],"product_brand":[],"product_cat":[210,74,289,86,207,303,68,83,71,89],"product_tag":[702,186],"class_list":{"0":"post-180224","1":"product","2":"type-product","3":"status-publish","4":"has-post-thumbnail","6":"product_cat-geometricke","7":"product_cat-hotel-cs","8":"product_cat-ilustrace","9":"product_cat-kancelar","10":"product_cat-konceptualni-umeni","11":"product_cat-lide","12":"product_cat-loznice","13":"product_cat-obyvaci-pokoj","14":"product_cat-predsin","15":"product_cat-restaurace","16":"product_tag-horizontalni","17":"product_tag-vicebarevny","19":"first","20":"instock","21":"taxable","22":"shipping-taxable","23":"product-type-variable","24":"has-default-attributes"},"aioseo_notices":[],"_links":{"self":[{"href":"https:\/\/interiorposter.com\/cs\/wp-json\/wp\/v2\/product\/180224","targetHints":{"allow":["GET"]}}],"collection":[{"href":"https:\/\/interiorposter.com\/cs\/wp-json\/wp\/v2\/product"}],"about":[{"href":"https:\/\/interiorposter.com\/cs\/wp-json\/wp\/v2\/types\/product"}],"replies":[{"embeddable":true,"href":"https:\/\/interiorposter.com\/cs\/wp-json\/wp\/v2\/comments?post=180224"}],"wp:featuredmedia":[{"embeddable":true,"href":"https:\/\/interiorposter.com\/cs\/wp-json\/wp\/v2\/media\/180037"}],"wp:attachment":[{"href":"https:\/\/interiorposter.com\/cs\/wp-json\/wp\/v2\/media?parent=180224"}],"wp:term":[{"taxonomy":"product_brand","embeddable":true,"href":"https:\/\/interiorposter.com\/cs\/wp-json\/wp\/v2\/product_brand?post=180224"},{"taxonomy":"product_cat","embeddable":true,"href":"https:\/\/interiorposter.com\/cs\/wp-json\/wp\/v2\/product_cat?post=180224"},{"taxonomy":"product_tag","embeddable":true,"href":"https:\/\/interiorposter.com\/cs\/wp-json\/wp\/v2\/product_tag?post=180224"}],"curies":[{"name":"wp","href":"https:\/\/api.w.org\/{rel}","templated":true}]}}