{"id":180161,"date":"2026-02-28T22:20:45","date_gmt":"2026-02-28T21:20:45","guid":{"rendered":"https:\/\/interiorposter.com\/product\/obraz-na-plotnie-w-stylu-van-gogha-gwiazdzista-noc\/"},"modified":"2026-03-01T02:18:03","modified_gmt":"2026-03-01T01:18:03","slug":"obraz-na-plotnie-w-stylu-van-gogha-gwiazdzista-noc","status":"publish","type":"product","link":"https:\/\/interiorposter.com\/cs\/product\/obraz-na-plotnie-w-stylu-van-gogha-gwiazdzista-noc\/","title":{"rendered":"Obraz na pl\u00e1tn\u011b ve stylu Van Gogha Hv\u011bzdn\u00e1 noc"},"content":{"rendered":"<p>Pono\u0159te interi\u00e9r do atmosf\u00e9ry no\u010dn\u00ed oblohy pln\u00e9 v\u00ed\u0159iv\u00fdch tah\u016f a z\u00e1\u0159iv\u00fdch hv\u011bzd. Tento obraz na pl\u00e1tn\u011b je ve stylu mal\u00ed\u0159sk\u00e9m, inspirovan\u00fd stylem Van Gogha, p\u0159itahuje pozornost dynamikou a vytv\u00e1\u0159\u00ed klidnou, inspirativn\u00ed n\u00e1ladu. P\u0159evl\u00e1daj\u00ed temn\u00e9 modr\u00e9 a modr\u00e9 odst\u00edny, dopln\u011bn\u00e9 tepl\u00fdmi \u017elut\u00fdmi akcenty, kter\u00e9 kompozici rozz\u00e1\u0159\u00ed. Skv\u011ble se hod\u00ed jako dekorace na st\u011bnu do ob\u00fdvac\u00edho pokoje, lo\u017enice, kancel\u00e1\u0159e, p\u0159eds\u00edn\u011b, hotelu nebo restaurace, kdy\u017e chcete dodat prostoru um\u011bleckou energii a elegantn\u00ed charakter.<\/p>\n","protected":false},"excerpt":{"rendered":"<p>Obraz na pl\u00e1tn\u011b ve stylu mal\u00ed\u0159sk\u00e9m inspirovan\u00fd Van Goghem, s v\u00ed\u0159ivou no\u010dn\u00ed oblohou v modr\u00fdch t\u00f3nech a \u017elut\u00fdmi hv\u011bzdami. P\u016fsobiv\u00e1 dekorace do ob\u00fdvac\u00edho pokoje, lo\u017enice i kancel\u00e1\u0159e.<\/p>\n","protected":false},"featured_media":180130,"comment_status":"open","ping_status":"closed","template":"","meta":[],"product_brand":[],"product_cat":[95,74,289,86,207,135,68,297,265,83,71,89],"product_tag":[702,186],"class_list":{"0":"post-180161","1":"product","2":"type-product","3":"status-publish","4":"has-post-thumbnail","6":"product_cat-abstraktni","7":"product_cat-hotel-cs","8":"product_cat-ilustrace","9":"product_cat-kancelar","10":"product_cat-konceptualni-umeni","11":"product_cat-krajiny","12":"product_cat-loznice","13":"product_cat-malirsky","14":"product_cat-nocni","15":"product_cat-obyvaci-pokoj","16":"product_cat-predsin","17":"product_cat-restaurace","18":"product_tag-horizontalni","19":"product_tag-vicebarevny","21":"first","22":"instock","23":"taxable","24":"shipping-taxable","25":"purchasable","26":"product-type-variable","27":"has-default-attributes"},"aioseo_notices":[],"_links":{"self":[{"href":"https:\/\/interiorposter.com\/cs\/wp-json\/wp\/v2\/product\/180161","targetHints":{"allow":["GET"]}}],"collection":[{"href":"https:\/\/interiorposter.com\/cs\/wp-json\/wp\/v2\/product"}],"about":[{"href":"https:\/\/interiorposter.com\/cs\/wp-json\/wp\/v2\/types\/product"}],"replies":[{"embeddable":true,"href":"https:\/\/interiorposter.com\/cs\/wp-json\/wp\/v2\/comments?post=180161"}],"wp:featuredmedia":[{"embeddable":true,"href":"https:\/\/interiorposter.com\/cs\/wp-json\/wp\/v2\/media\/180130"}],"wp:attachment":[{"href":"https:\/\/interiorposter.com\/cs\/wp-json\/wp\/v2\/media?parent=180161"}],"wp:term":[{"taxonomy":"product_brand","embeddable":true,"href":"https:\/\/interiorposter.com\/cs\/wp-json\/wp\/v2\/product_brand?post=180161"},{"taxonomy":"product_cat","embeddable":true,"href":"https:\/\/interiorposter.com\/cs\/wp-json\/wp\/v2\/product_cat?post=180161"},{"taxonomy":"product_tag","embeddable":true,"href":"https:\/\/interiorposter.com\/cs\/wp-json\/wp\/v2\/product_tag?post=180161"}],"curies":[{"name":"wp","href":"https:\/\/api.w.org\/{rel}","templated":true}]}}