{"id":177424,"date":"2026-02-23T02:48:53","date_gmt":"2026-02-23T01:48:53","guid":{"rendered":"https:\/\/interiorposter.com\/product\/obraz-wieloczesciowy-baltyk-o-zmierzchu-na-plazy\/"},"modified":"2026-02-23T02:55:07","modified_gmt":"2026-02-23T01:55:07","slug":"obraz-wieloczesciowy-baltyk-o-zmierzchu-na-plazy","status":"publish","type":"product","link":"https:\/\/interiorposter.com\/cs\/product\/obraz-wieloczesciowy-baltyk-o-zmierzchu-na-plazy\/","title":{"rendered":"V\u00edced\u00edln\u00fd obraz na pl\u00e1tn\u011b Baltsk\u00e9 mo\u0159e za soumraku na pl\u00e1\u017ei"},"content":{"rendered":"<p>Tento v\u00edced\u00edln\u00fd obraz na pl\u00e1tn\u011b zachycuje klidn\u00e9 Baltsk\u00e9 mo\u0159e za soumraku, s lini\u00ed d\u0159ev\u011bn\u00fdch k\u016fl\u016f, kter\u00e1 vede zrak sm\u011brem k obzoru. T\u0159\u00edpanelov\u00e9 proveden\u00ed dod\u00e1 interi\u00e9ru hloubku a jemn\u011b rozmazan\u00e1 voda vytv\u00e1\u0159\u00ed uklid\u0148uj\u00edc\u00ed, relaxa\u010dn\u00ed dojem. Barevnost je n\u00e1ladov\u00e1 a kontrastn\u00ed: tepl\u00e9 zlat\u00e9 t\u00f3ny z\u00e1padu plynule p\u0159ech\u00e1zej\u00ed do chladn\u00fdch modr\u00fdch a tmav\u011b modr\u00fdch odst\u00edn\u016f nebe i mo\u0159e, s akcenty tmav\u00e9ho d\u0159eva na p\u00edsku. Skv\u011ble se hod\u00ed do ob\u00fdvac\u00edho pokoje, lo\u017enice nebo kancel\u00e1\u0159e, stejn\u011b tak do hotelu, restaurace \u010di p\u0159eds\u00edn\u011b jako elegantn\u00ed dekorace na st\u011bnu. Pokud hled\u00e1te modern\u00ed obraz na pl\u00e1tn\u011b, kter\u00fd p\u0159inese klid a podtrhne p\u0159\u00edmo\u0159skou atmosf\u00e9ru, tento motiv je skv\u011bl\u00e1 volba.<\/p>\n","protected":false},"excerpt":{"rendered":"<p>Triptych s Baltsk\u00fdm mo\u0159em za soumraku, tepl\u00fdm sv\u011btlem z\u00e1padu a chladnou mod\u0159\u00ed vody. N\u00e1ladov\u00fd obraz na pl\u00e1tn\u011b do ob\u00fdv\u00e1ku i lo\u017enice.<\/p>\n","protected":false},"featured_media":169911,"comment_status":"open","ping_status":"closed","template":"","meta":[],"product_brand":[],"product_cat":[108,74,86,135,68,105,141,83,71,89],"product_tag":[186,533],"class_list":{"0":"post-177424","1":"product","2":"type-product","3":"status-publish","4":"has-post-thumbnail","6":"product_cat-fotografie","7":"product_cat-hotel-cs","8":"product_cat-kancelar","9":"product_cat-krajiny","10":"product_cat-loznice","11":"product_cat-moderni","12":"product_cat-more-a-pobrezi","13":"product_cat-obyvaci-pokoj","14":"product_cat-predsin","15":"product_cat-restaurace","16":"product_tag-vicebarevny","17":"product_tag-vicedilny-obraz","19":"first","20":"instock","21":"taxable","22":"shipping-taxable","23":"purchasable","24":"product-type-variable","25":"has-default-attributes"},"aioseo_notices":[],"_links":{"self":[{"href":"https:\/\/interiorposter.com\/cs\/wp-json\/wp\/v2\/product\/177424","targetHints":{"allow":["GET"]}}],"collection":[{"href":"https:\/\/interiorposter.com\/cs\/wp-json\/wp\/v2\/product"}],"about":[{"href":"https:\/\/interiorposter.com\/cs\/wp-json\/wp\/v2\/types\/product"}],"replies":[{"embeddable":true,"href":"https:\/\/interiorposter.com\/cs\/wp-json\/wp\/v2\/comments?post=177424"}],"wp:featuredmedia":[{"embeddable":true,"href":"https:\/\/interiorposter.com\/cs\/wp-json\/wp\/v2\/media\/169911"}],"wp:attachment":[{"href":"https:\/\/interiorposter.com\/cs\/wp-json\/wp\/v2\/media?parent=177424"}],"wp:term":[{"taxonomy":"product_brand","embeddable":true,"href":"https:\/\/interiorposter.com\/cs\/wp-json\/wp\/v2\/product_brand?post=177424"},{"taxonomy":"product_cat","embeddable":true,"href":"https:\/\/interiorposter.com\/cs\/wp-json\/wp\/v2\/product_cat?post=177424"},{"taxonomy":"product_tag","embeddable":true,"href":"https:\/\/interiorposter.com\/cs\/wp-json\/wp\/v2\/product_tag?post=177424"}],"curies":[{"name":"wp","href":"https:\/\/api.w.org\/{rel}","templated":true}]}}