{"id":177384,"date":"2026-02-20T03:20:45","date_gmt":"2026-02-20T02:20:45","guid":{"rendered":"https:\/\/interiorposter.com\/product\/obraz-wieloczesciowy-tropikalny-zachod-nad-laguna\/"},"modified":"2026-02-23T02:41:54","modified_gmt":"2026-02-23T01:41:54","slug":"obraz-wieloczesciowy-tropikalny-zachod-nad-laguna","status":"publish","type":"product","link":"https:\/\/interiorposter.com\/cs\/product\/obraz-wieloczesciowy-tropikalny-zachod-nad-laguna\/","title":{"rendered":"V\u00edced\u00edln\u00fd obraz na pl\u00e1tn\u011b Tropick\u00fd z\u00e1pad nad lagunou"},"content":{"rendered":"<p>Tento v\u00edced\u00edln\u00fd obraz na pl\u00e1tn\u011b p\u0159inese do interi\u00e9ru atmosf\u00e9ru exotick\u00e9 dovolen\u00e9: bungalov na k\u016flech, d\u0159ev\u011bn\u00e9 molo a klidn\u00e1 laguna vytv\u00e1\u0159ej\u00ed sc\u00e9nu plnou lehkosti a sn\u011bn\u00ed. Syt\u00e9 barvy z\u00e1padu slunce spojuj\u00ed tepl\u00e9 \u010derven\u00e9 a oran\u017eov\u00e9 t\u00f3ny s chladn\u00fdm tyrkysem vody, tak\u017ee p\u016fsob\u00ed v\u00fdrazn\u011b, ale z\u00e1rove\u0148 harmonicky. Skv\u011ble se hod\u00ed do ob\u00fdvac\u00edho pokoje, lo\u017enice nebo kancel\u00e1\u0159e, stejn\u011b tak do hotelu, restaurace \u010di p\u0159eds\u00edn\u011b, kde dod\u00e1 energii i n\u00e1dech luxusu. Pokud hled\u00e1te modern\u00ed dekoraci na st\u011bnu, kter\u00e1 navod\u00ed relax a ka\u017ed\u00fd den p\u0159ipomene cestov\u00e1n\u00ed, tento motiv bude ide\u00e1ln\u00ed volba.<\/p>\n","protected":false},"excerpt":{"rendered":"<p>Exotick\u00e1 laguna, molo a z\u00e1pad slunce v tyrkysu a tepl\u00fdch \u010derven\u00fdch t\u00f3nech. V\u00edced\u00edln\u00fd obraz na pl\u00e1tn\u011b do ob\u00fdv\u00e1ku i lo\u017enice.<\/p>\n","protected":false},"featured_media":175952,"comment_status":"open","ping_status":"closed","template":"","meta":[],"product_brand":[],"product_cat":[108,74,86,135,68,105,141,83,71,89],"product_tag":[186,533],"class_list":{"0":"post-177384","1":"product","2":"type-product","3":"status-publish","4":"has-post-thumbnail","6":"product_cat-fotografie","7":"product_cat-hotel-cs","8":"product_cat-kancelar","9":"product_cat-krajiny","10":"product_cat-loznice","11":"product_cat-moderni","12":"product_cat-more-a-pobrezi","13":"product_cat-obyvaci-pokoj","14":"product_cat-predsin","15":"product_cat-restaurace","16":"product_tag-vicebarevny","17":"product_tag-vicedilny-obraz","19":"first","20":"instock","21":"taxable","22":"shipping-taxable","23":"product-type-variable","24":"has-default-attributes"},"aioseo_notices":[],"_links":{"self":[{"href":"https:\/\/interiorposter.com\/cs\/wp-json\/wp\/v2\/product\/177384","targetHints":{"allow":["GET"]}}],"collection":[{"href":"https:\/\/interiorposter.com\/cs\/wp-json\/wp\/v2\/product"}],"about":[{"href":"https:\/\/interiorposter.com\/cs\/wp-json\/wp\/v2\/types\/product"}],"replies":[{"embeddable":true,"href":"https:\/\/interiorposter.com\/cs\/wp-json\/wp\/v2\/comments?post=177384"}],"wp:featuredmedia":[{"embeddable":true,"href":"https:\/\/interiorposter.com\/cs\/wp-json\/wp\/v2\/media\/175952"}],"wp:attachment":[{"href":"https:\/\/interiorposter.com\/cs\/wp-json\/wp\/v2\/media?parent=177384"}],"wp:term":[{"taxonomy":"product_brand","embeddable":true,"href":"https:\/\/interiorposter.com\/cs\/wp-json\/wp\/v2\/product_brand?post=177384"},{"taxonomy":"product_cat","embeddable":true,"href":"https:\/\/interiorposter.com\/cs\/wp-json\/wp\/v2\/product_cat?post=177384"},{"taxonomy":"product_tag","embeddable":true,"href":"https:\/\/interiorposter.com\/cs\/wp-json\/wp\/v2\/product_tag?post=177384"}],"curies":[{"name":"wp","href":"https:\/\/api.w.org\/{rel}","templated":true}]}}