{"id":177318,"date":"2026-02-20T02:57:46","date_gmt":"2026-02-20T01:57:46","guid":{"rendered":"https:\/\/interiorposter.com\/product\/tryptyk-zachod-slonca-nad-baltykiem-obraz-na-plotnie\/"},"modified":"2026-02-23T02:34:09","modified_gmt":"2026-02-23T01:34:09","slug":"tryptyk-zachod-slonca-nad-baltykiem-obraz-na-plotnie","status":"publish","type":"product","link":"https:\/\/interiorposter.com\/cs\/product\/tryptyk-zachod-slonca-nad-baltykiem-obraz-na-plotnie\/","title":{"rendered":"Triptych  Z\u00e1pad slunce nad Baltsk\u00fdm mo\u0159em, obraz na pl\u00e1tn\u011b"},"content":{"rendered":"<p>Tento triptych zachycuje z\u00e1pad slunce nad Baltsk\u00fdm mo\u0159em z pohledu p\u00eds\u010dit\u00fdch dun, mezi jemn\u00fdmi tr\u00e1vami. T\u0159\u00edpanelov\u00e9 proveden\u00ed kr\u00e1sn\u011b vytv\u00e1\u0159\u00ed hloubku a p\u0159in\u00e1\u0161\u00ed do interi\u00e9ru lehkost i dovolenkov\u00fd klid. Barevnost je sv\u011btl\u00e1 a tepl\u00e1: zlat\u00e9 sv\u011btlo na obzoru se poj\u00ed s pastelov\u011b modrou oblohou, b\u00e9\u017eov\u00fdm p\u00edskem a jemnou zelen\u00ed rostlin. Jde o obraz na pl\u00e1tn\u011b, kter\u00fd se skv\u011ble hod\u00ed do ob\u00fdvac\u00edho pokoje, lo\u017enice, p\u0159eds\u00edn\u011b nebo kuchyn\u011b, a tak\u00e9 do hotelu \u010di restaurace, kde podtrhne p\u0159\u00edrodn\u00ed, modern\u00ed styl. Pokud hled\u00e1te elegantn\u00ed dekoraci na st\u011bnu, kter\u00e1 prostor prosv\u011btl\u00ed a zklidn\u00ed, tento motiv je skv\u011bl\u00e1 volba.<\/p>\n","protected":false},"excerpt":{"rendered":"<p>Triptych se z\u00e1padem slunce nad Baltsk\u00fdm mo\u0159em, dunami a travinami ve sv\u011btl\u00fdch, tepl\u00fdch t\u00f3nech. Obraz na pl\u00e1tn\u011b do ob\u00fdv\u00e1ku i lo\u017enice.<\/p>\n","protected":false},"featured_media":174723,"comment_status":"open","ping_status":"closed","template":"","meta":[],"product_brand":[],"product_cat":[108,74,135,80,68,141,83,71,89,123,111],"product_tag":[186,533],"class_list":{"0":"post-177318","1":"product","2":"type-product","3":"status-publish","4":"has-post-thumbnail","6":"product_cat-fotografie","7":"product_cat-hotel-cs","8":"product_cat-krajiny","9":"product_cat-kuchyne","10":"product_cat-loznice","11":"product_cat-more-a-pobrezi","12":"product_cat-obyvaci-pokoj","13":"product_cat-predsin","14":"product_cat-restaurace","15":"product_cat-rostliny-a-kvetiny","16":"product_cat-skandinavsky","17":"product_tag-vicebarevny","18":"product_tag-vicedilny-obraz","20":"first","21":"instock","22":"taxable","23":"shipping-taxable","24":"purchasable","25":"product-type-variable","26":"has-default-attributes"},"aioseo_notices":[],"_links":{"self":[{"href":"https:\/\/interiorposter.com\/cs\/wp-json\/wp\/v2\/product\/177318","targetHints":{"allow":["GET"]}}],"collection":[{"href":"https:\/\/interiorposter.com\/cs\/wp-json\/wp\/v2\/product"}],"about":[{"href":"https:\/\/interiorposter.com\/cs\/wp-json\/wp\/v2\/types\/product"}],"replies":[{"embeddable":true,"href":"https:\/\/interiorposter.com\/cs\/wp-json\/wp\/v2\/comments?post=177318"}],"wp:featuredmedia":[{"embeddable":true,"href":"https:\/\/interiorposter.com\/cs\/wp-json\/wp\/v2\/media\/174723"}],"wp:attachment":[{"href":"https:\/\/interiorposter.com\/cs\/wp-json\/wp\/v2\/media?parent=177318"}],"wp:term":[{"taxonomy":"product_brand","embeddable":true,"href":"https:\/\/interiorposter.com\/cs\/wp-json\/wp\/v2\/product_brand?post=177318"},{"taxonomy":"product_cat","embeddable":true,"href":"https:\/\/interiorposter.com\/cs\/wp-json\/wp\/v2\/product_cat?post=177318"},{"taxonomy":"product_tag","embeddable":true,"href":"https:\/\/interiorposter.com\/cs\/wp-json\/wp\/v2\/product_tag?post=177318"}],"curies":[{"name":"wp","href":"https:\/\/api.w.org\/{rel}","templated":true}]}}