{"id":177281,"date":"2026-02-20T01:28:24","date_gmt":"2026-02-20T00:28:24","guid":{"rendered":"https:\/\/interiorposter.com\/product\/tryptyk-molo-w-gdyni-orlowo-obraz-na-plotnie\/"},"modified":"2026-02-23T02:23:18","modified_gmt":"2026-02-23T01:23:18","slug":"tryptyk-molo-w-gdyni-orlowo-obraz-na-plotnie","status":"publish","type":"product","link":"https:\/\/interiorposter.com\/cs\/product\/tryptyk-molo-w-gdyni-orlowo-obraz-na-plotnie\/","title":{"rendered":"Triptych Molo v Gdyni Orlowo, obraz na pl\u00e1tn\u011b"},"content":{"rendered":"<p>Tento triptych s pohledem na molo v Gdyni Orlowo vede zrak do hloubky z\u00e1b\u011bru a kr\u00e1sn\u011b otev\u0159e prostor na st\u011bn\u011b. D\u0159ev\u011bn\u00e1 prkna mola, lampy a lavi\u010dka vytv\u00e1\u0159ej\u00ed atmosf\u00e9ru p\u0159\u00edmo\u0159sk\u00e9 proch\u00e1zky a obloha v odst\u00ednech r\u016f\u017eov\u00e9, fialov\u00e9 a tepl\u00e9 oran\u017eov\u00e9 dod\u00e1v\u00e1 kouzlo z\u00e1padu slunce. Je to obraz na pl\u00e1tn\u011b, kter\u00fd se skv\u011ble hod\u00ed do ob\u00fdvac\u00edho pokoje, lo\u017enice nebo kancel\u00e1\u0159e, a tak\u00e9 do hotelu, restaurace \u010di p\u0159eds\u00edn\u011b, kde se stane elegantn\u00edm modern\u00edm akcentem. Ide\u00e1ln\u00ed volba, pokud chcete do interi\u00e9ru vn\u00e9st klid, sv\u011btlo a dovolenkovou n\u00e1ladu ka\u017ed\u00fd den.<\/p>\n","protected":false},"excerpt":{"rendered":"<p>Triptych s molem v Gdyni Orlowo a z\u00e1padem slunce v pastelov\u00e9 r\u016f\u017eov\u00e9 a tepl\u00e9 oran\u017eov\u00e9. N\u00e1ladov\u00fd obraz na pl\u00e1tn\u011b do ob\u00fdv\u00e1ku i lo\u017enice.<\/p>\n","protected":false},"featured_media":170548,"comment_status":"open","ping_status":"closed","template":"","meta":[],"product_brand":[],"product_cat":[108,74,86,68,120,105,141,83,71,89],"product_tag":[186,533],"class_list":{"0":"post-177281","1":"product","2":"type-product","3":"status-publish","4":"has-post-thumbnail","6":"product_cat-fotografie","7":"product_cat-hotel-cs","8":"product_cat-kancelar","9":"product_cat-loznice","10":"product_cat-mesta-a-mosty","11":"product_cat-moderni","12":"product_cat-more-a-pobrezi","13":"product_cat-obyvaci-pokoj","14":"product_cat-predsin","15":"product_cat-restaurace","16":"product_tag-vicebarevny","17":"product_tag-vicedilny-obraz","19":"first","20":"instock","21":"taxable","22":"shipping-taxable","23":"purchasable","24":"product-type-variable","25":"has-default-attributes"},"aioseo_notices":[],"_links":{"self":[{"href":"https:\/\/interiorposter.com\/cs\/wp-json\/wp\/v2\/product\/177281","targetHints":{"allow":["GET"]}}],"collection":[{"href":"https:\/\/interiorposter.com\/cs\/wp-json\/wp\/v2\/product"}],"about":[{"href":"https:\/\/interiorposter.com\/cs\/wp-json\/wp\/v2\/types\/product"}],"replies":[{"embeddable":true,"href":"https:\/\/interiorposter.com\/cs\/wp-json\/wp\/v2\/comments?post=177281"}],"wp:featuredmedia":[{"embeddable":true,"href":"https:\/\/interiorposter.com\/cs\/wp-json\/wp\/v2\/media\/170548"}],"wp:attachment":[{"href":"https:\/\/interiorposter.com\/cs\/wp-json\/wp\/v2\/media?parent=177281"}],"wp:term":[{"taxonomy":"product_brand","embeddable":true,"href":"https:\/\/interiorposter.com\/cs\/wp-json\/wp\/v2\/product_brand?post=177281"},{"taxonomy":"product_cat","embeddable":true,"href":"https:\/\/interiorposter.com\/cs\/wp-json\/wp\/v2\/product_cat?post=177281"},{"taxonomy":"product_tag","embeddable":true,"href":"https:\/\/interiorposter.com\/cs\/wp-json\/wp\/v2\/product_tag?post=177281"}],"curies":[{"name":"wp","href":"https:\/\/api.w.org\/{rel}","templated":true}]}}