{"id":177246,"date":"2026-02-20T01:00:20","date_gmt":"2026-02-20T00:00:20","guid":{"rendered":"https:\/\/interiorposter.com\/product\/obraz-wieloczesciowy-molo-o-zachodzie-slonca\/"},"modified":"2026-02-23T02:13:20","modified_gmt":"2026-02-23T01:13:20","slug":"obraz-wieloczesciowy-molo-o-zachodzie-slonca","status":"publish","type":"product","link":"https:\/\/interiorposter.com\/cs\/product\/obraz-wieloczesciowy-molo-o-zachodzie-slonca\/","title":{"rendered":"V\u00edced\u00edln\u00fd obraz na pl\u00e1tn\u011b Molo p\u0159i z\u00e1padu slunce"},"content":{"rendered":"<p>T\u0159\u00edpanelov\u00e1 kompozice s d\u0159ev\u011bn\u00fdm molem vedouc\u00edm sm\u011brem ke slunci vytv\u00e1\u0159\u00ed v\u00fdrazn\u00fd dojem hloubky a opticky zv\u011bt\u0161uje prostor. Klidn\u00e1 hladina, jemn\u00fd opar a obloha v odst\u00ednech r\u016f\u017eov\u00e9, oran\u017eov\u00e9 a fialov\u00e9 navozuj\u00ed pastelovou, romantickou atmosf\u00e9ru. Jde o elegantn\u00ed obraz na pl\u00e1tn\u011b, kter\u00fd se skv\u011ble hod\u00ed jako dekorace do ob\u00fdvac\u00edho pokoje nad pohovku, do lo\u017enice pro zklidn\u011bn\u00ed, ale i do kancel\u00e1\u0159e, hotelu, restaurace \u010di p\u0159eds\u00edn\u011b jako stylov\u00fd prvek na st\u011bnu. Ide\u00e1ln\u00ed volba, pokud hled\u00e1te modern\u00ed dekoraci, kter\u00e1 uklidn\u00ed, z\u00fatuln\u00ed interi\u00e9r a pozve k chv\u00edli odpo\u010dinku.<\/p>\n","protected":false},"excerpt":{"rendered":"<p>Pastelov\u00fd z\u00e1pad slunce a molo v t\u0159\u00edpanelov\u00e9 kompozici. N\u00e1ladov\u00fd obraz na pl\u00e1tn\u011b do ob\u00fdv\u00e1ku, lo\u017enice nebo hotelu.<\/p>\n","protected":false},"featured_media":169027,"comment_status":"open","ping_status":"closed","template":"","meta":[],"product_brand":[],"product_cat":[74,86,68,297,105,141,83,71,89],"product_tag":[186,533],"class_list":{"0":"post-177246","1":"product","2":"type-product","3":"status-publish","4":"has-post-thumbnail","6":"product_cat-hotel-cs","7":"product_cat-kancelar","8":"product_cat-loznice","9":"product_cat-malirsky","10":"product_cat-moderni","11":"product_cat-more-a-pobrezi","12":"product_cat-obyvaci-pokoj","13":"product_cat-predsin","14":"product_cat-restaurace","15":"product_tag-vicebarevny","16":"product_tag-vicedilny-obraz","18":"first","19":"instock","20":"taxable","21":"shipping-taxable","22":"purchasable","23":"product-type-variable","24":"has-default-attributes"},"aioseo_notices":[],"_links":{"self":[{"href":"https:\/\/interiorposter.com\/cs\/wp-json\/wp\/v2\/product\/177246","targetHints":{"allow":["GET"]}}],"collection":[{"href":"https:\/\/interiorposter.com\/cs\/wp-json\/wp\/v2\/product"}],"about":[{"href":"https:\/\/interiorposter.com\/cs\/wp-json\/wp\/v2\/types\/product"}],"replies":[{"embeddable":true,"href":"https:\/\/interiorposter.com\/cs\/wp-json\/wp\/v2\/comments?post=177246"}],"wp:featuredmedia":[{"embeddable":true,"href":"https:\/\/interiorposter.com\/cs\/wp-json\/wp\/v2\/media\/169027"}],"wp:attachment":[{"href":"https:\/\/interiorposter.com\/cs\/wp-json\/wp\/v2\/media?parent=177246"}],"wp:term":[{"taxonomy":"product_brand","embeddable":true,"href":"https:\/\/interiorposter.com\/cs\/wp-json\/wp\/v2\/product_brand?post=177246"},{"taxonomy":"product_cat","embeddable":true,"href":"https:\/\/interiorposter.com\/cs\/wp-json\/wp\/v2\/product_cat?post=177246"},{"taxonomy":"product_tag","embeddable":true,"href":"https:\/\/interiorposter.com\/cs\/wp-json\/wp\/v2\/product_tag?post=177246"}],"curies":[{"name":"wp","href":"https:\/\/api.w.org\/{rel}","templated":true}]}}