{"id":177194,"date":"2026-02-19T22:45:24","date_gmt":"2026-02-19T21:45:24","guid":{"rendered":"https:\/\/interiorposter.com\/product\/obraz-na-plotnie-zloty-zachod-slonca-nad-morzem\/"},"modified":"2026-02-23T02:08:11","modified_gmt":"2026-02-23T01:08:11","slug":"obraz-na-plotnie-zloty-zachod-slonca-nad-morzem","status":"publish","type":"product","link":"https:\/\/interiorposter.com\/cs\/product\/obraz-na-plotnie-zloty-zachod-slonca-nad-morzem\/","title":{"rendered":"Obraz na pl\u00e1tn\u011b Zlat\u00fd z\u00e1pad slunce nad mo\u0159em"},"content":{"rendered":"<p>Tepl\u00fd z\u00e1pad slunce nad mo\u0159em a jemn\u00e9, p\u011bniv\u00e9 vlny vytv\u00e1\u0159ej\u00ed uklid\u0148uj\u00edc\u00ed sc\u00e9nu, kter\u00e1 do interi\u00e9ru p\u0159in\u00e1\u0161\u00ed sv\u011btlo a klid. Zlat\u00e9 a medov\u00e9 t\u00f3ny oblohy se propojuj\u00ed s tyrkysovou a jemnou zelen\u00ed vody, d\u00edky \u010demu\u017e p\u016fsob\u00ed barevnost pastelov\u011b a optimisticky. Tento obraz na pl\u00e1tn\u011b se skv\u011ble hod\u00ed jako dekorace do ob\u00fdvac\u00edho pokoje nad pohovku, do lo\u017enice nad postel, do kuchyn\u011b \u010di p\u0159eds\u00edn\u011b, a tak\u00e9 do hotelu nebo restaurace, kde podtrhne \u00fatulnou atmosf\u00e9ru. Ide\u00e1ln\u00ed volba, pokud hled\u00e1te elegantn\u00ed obraz na st\u011bnu, kter\u00fd zklidn\u00ed a z\u00e1rove\u0148 dod\u00e1 energii.<\/p>\n","protected":false},"excerpt":{"rendered":"<p>Zlat\u00fd z\u00e1pad slunce a klidn\u00e9 vlny v tepl\u00fdch pastelov\u00fdch barv\u00e1ch. Obraz na pl\u00e1tn\u011b do ob\u00fdv\u00e1ku, lo\u017enice nebo hotelu.<\/p>\n","protected":false},"featured_media":177191,"comment_status":"open","ping_status":"closed","template":"","meta":[],"product_brand":[],"product_cat":[74,80,68,297,141,83,71,89],"product_tag":[702,277,186],"class_list":{"0":"post-177194","1":"product","2":"type-product","3":"status-publish","4":"has-post-thumbnail","6":"product_cat-hotel-cs","7":"product_cat-kuchyne","8":"product_cat-loznice","9":"product_cat-malirsky","10":"product_cat-more-a-pobrezi","11":"product_cat-obyvaci-pokoj","12":"product_cat-predsin","13":"product_cat-restaurace","14":"product_tag-horizontalni","15":"product_tag-pastelove","16":"product_tag-vicebarevny","18":"first","19":"instock","20":"taxable","21":"shipping-taxable","22":"purchasable","23":"product-type-variable","24":"has-default-attributes"},"aioseo_notices":[],"_links":{"self":[{"href":"https:\/\/interiorposter.com\/cs\/wp-json\/wp\/v2\/product\/177194","targetHints":{"allow":["GET"]}}],"collection":[{"href":"https:\/\/interiorposter.com\/cs\/wp-json\/wp\/v2\/product"}],"about":[{"href":"https:\/\/interiorposter.com\/cs\/wp-json\/wp\/v2\/types\/product"}],"replies":[{"embeddable":true,"href":"https:\/\/interiorposter.com\/cs\/wp-json\/wp\/v2\/comments?post=177194"}],"wp:featuredmedia":[{"embeddable":true,"href":"https:\/\/interiorposter.com\/cs\/wp-json\/wp\/v2\/media\/177191"}],"wp:attachment":[{"href":"https:\/\/interiorposter.com\/cs\/wp-json\/wp\/v2\/media?parent=177194"}],"wp:term":[{"taxonomy":"product_brand","embeddable":true,"href":"https:\/\/interiorposter.com\/cs\/wp-json\/wp\/v2\/product_brand?post=177194"},{"taxonomy":"product_cat","embeddable":true,"href":"https:\/\/interiorposter.com\/cs\/wp-json\/wp\/v2\/product_cat?post=177194"},{"taxonomy":"product_tag","embeddable":true,"href":"https:\/\/interiorposter.com\/cs\/wp-json\/wp\/v2\/product_tag?post=177194"}],"curies":[{"name":"wp","href":"https:\/\/api.w.org\/{rel}","templated":true}]}}