{"id":177135,"date":"2026-02-19T22:53:03","date_gmt":"2026-02-19T21:53:03","guid":{"rendered":"https:\/\/interiorposter.com\/product\/obraz-na-plotnie-latarnia-morska-w-sztormie-nad-morzem\/"},"modified":"2026-02-23T01:53:18","modified_gmt":"2026-02-23T00:53:18","slug":"obraz-na-plotnie-latarnia-morska-w-sztormie-nad-morzem","status":"publish","type":"product","link":"https:\/\/interiorposter.com\/cs\/product\/obraz-na-plotnie-latarnia-morska-w-sztormie-nad-morzem\/","title":{"rendered":"Obraz na pl\u00e1tn\u011b Maj\u00e1k v bou\u0159i nad mo\u0159em"},"content":{"rendered":"<p>Dramaticky pojat\u00fd maj\u00e1k na skalnat\u00e9m b\u0159ehu a bou\u0159\u00edc\u00ed vlny vytv\u00e1\u0159ej\u00ed motiv, kter\u00fd okam\u017eit\u011b p\u0159it\u00e1hne pozornost a dod\u00e1 interi\u00e9ru charakter. Chladn\u00e1, tmav\u00e1 paleta mod\u0159\u00ed a \u0161ed\u00ed, zv\u00fdrazn\u011bn\u00e1 b\u00edlou mo\u0159sk\u00e9 p\u011bny, navozuje atmosf\u00e9ru s\u00edly p\u0159\u00edrody a prostoru. Tento obraz na pl\u00e1tn\u011b se hod\u00ed do ob\u00fdvac\u00edho pokoje, lo\u017enice i kancel\u00e1\u0159e, stejn\u011b tak do hotelov\u00e9ho foyer, restaurace nebo p\u0159eds\u00edn\u011b, kde vytvo\u0159\u00ed modern\u00ed a elegantn\u00ed akcent na st\u011bn\u011b. Ide\u00e1ln\u00ed pro milovn\u00edky mo\u0159e a p\u016fsobiv\u00fdch pob\u0159e\u017en\u00edch sc\u00e9n. Um\u00edst\u011bte jej nad pohovku nebo komodu a z\u00edskejte v\u00fdrazn\u00fd st\u0159edobod m\u00edstnosti.<\/p>\n","protected":false},"excerpt":{"rendered":"<p>Maj\u00e1k v bou\u0159i a mohutn\u00e9 vlny v chladn\u00fdch modr\u00fdch a \u0161ed\u00fdch t\u00f3nech. V\u00fdrazn\u00fd obraz na pl\u00e1tn\u011b do ob\u00fdv\u00e1ku, kancel\u00e1\u0159e i lo\u017enice.<\/p>\n","protected":false},"featured_media":162320,"comment_status":"open","ping_status":"closed","template":"","meta":[],"product_brand":[],"product_cat":[108,74,86,68,141,83,71,89],"product_tag":[702,271,186],"class_list":{"0":"post-177135","1":"product","2":"type-product","3":"status-publish","4":"has-post-thumbnail","6":"product_cat-fotografie","7":"product_cat-hotel-cs","8":"product_cat-kancelar","9":"product_cat-loznice","10":"product_cat-more-a-pobrezi","11":"product_cat-obyvaci-pokoj","12":"product_cat-predsin","13":"product_cat-restaurace","14":"product_tag-horizontalni","15":"product_tag-tmave","16":"product_tag-vicebarevny","18":"first","19":"instock","20":"taxable","21":"shipping-taxable","22":"purchasable","23":"product-type-variable","24":"has-default-attributes"},"aioseo_notices":[],"_links":{"self":[{"href":"https:\/\/interiorposter.com\/cs\/wp-json\/wp\/v2\/product\/177135","targetHints":{"allow":["GET"]}}],"collection":[{"href":"https:\/\/interiorposter.com\/cs\/wp-json\/wp\/v2\/product"}],"about":[{"href":"https:\/\/interiorposter.com\/cs\/wp-json\/wp\/v2\/types\/product"}],"replies":[{"embeddable":true,"href":"https:\/\/interiorposter.com\/cs\/wp-json\/wp\/v2\/comments?post=177135"}],"wp:featuredmedia":[{"embeddable":true,"href":"https:\/\/interiorposter.com\/cs\/wp-json\/wp\/v2\/media\/162320"}],"wp:attachment":[{"href":"https:\/\/interiorposter.com\/cs\/wp-json\/wp\/v2\/media?parent=177135"}],"wp:term":[{"taxonomy":"product_brand","embeddable":true,"href":"https:\/\/interiorposter.com\/cs\/wp-json\/wp\/v2\/product_brand?post=177135"},{"taxonomy":"product_cat","embeddable":true,"href":"https:\/\/interiorposter.com\/cs\/wp-json\/wp\/v2\/product_cat?post=177135"},{"taxonomy":"product_tag","embeddable":true,"href":"https:\/\/interiorposter.com\/cs\/wp-json\/wp\/v2\/product_tag?post=177135"}],"curies":[{"name":"wp","href":"https:\/\/api.w.org\/{rel}","templated":true}]}}