{"id":176910,"date":"2026-02-22T05:35:25","date_gmt":"2026-02-22T04:35:25","guid":{"rendered":"https:\/\/interiorposter.com\/product\/obraz-na-plotnie-czarno-bialy-pomost-nad-woda\/"},"modified":"2026-02-22T05:37:47","modified_gmt":"2026-02-22T04:37:47","slug":"obraz-na-plotnie-czarno-bialy-pomost-nad-woda","status":"publish","type":"product","link":"https:\/\/interiorposter.com\/cs\/product\/obraz-na-plotnie-czarno-bialy-pomost-nad-woda\/","title":{"rendered":"Obraz na pl\u00e1tn\u011b \u010cernob\u00edl\u00e1 l\u00e1vka nad vodou"},"content":{"rendered":"<p>Vytvo\u0159te v interi\u00e9ru pocit ticha a prostoru d\u00edky \u010dernob\u00edl\u00e9 fotografii. Zak\u0159iven\u00e1 d\u0159ev\u011bn\u00e1 l\u00e1vka vede pohled do hloubky klidn\u00e9 hladiny, jemn\u00fd opar a linie obzoru dod\u00e1vaj\u00ed kompozici elegantn\u00ed, nad\u010dasov\u00fd charakter. Tento obraz na pl\u00e1tn\u011b se skv\u011ble hod\u00ed jako dekorace na st\u011bnu do ob\u00fdvac\u00edho pokoje, lo\u017enice i kancel\u00e1\u0159e a tak\u00e9 do hotelu, restaurace \u010di p\u0159eds\u00edn\u011b. Monochromatick\u00e1, tlumen\u00e1 barevnost se kr\u00e1sn\u011b kombinuje s betonem, d\u0159evem a minimalistick\u00fdmi dopl\u0148ky a podtrhne modern\u00ed styl s v\u00fdrazem.<\/p>\n","protected":false},"excerpt":{"rendered":"<p>\u010cernob\u00edl\u00e1 l\u00e1vka nad klidnou vodou pro zklid\u0148uj\u00edc\u00ed, elegantn\u00ed atmosf\u00e9ru. Obraz na pl\u00e1tn\u011b ide\u00e1ln\u00ed do ob\u00fdvac\u00edho pokoje, lo\u017enice, kancel\u00e1\u0159e i modern\u00edch interi\u00e9r\u016f.<\/p>\n","protected":false},"featured_media":162227,"comment_status":"open","ping_status":"closed","template":"","meta":[],"product_brand":[],"product_cat":[108,74,86,65,68,102,141,265,83,89,111],"product_tag":[702,180,271],"class_list":{"0":"post-176910","1":"product","2":"type-product","3":"status-publish","4":"has-post-thumbnail","6":"product_cat-fotografie","7":"product_cat-hotel-cs","8":"product_cat-kancelar","9":"product_cat-koupelna","10":"product_cat-loznice","11":"product_cat-minimalisticky","12":"product_cat-more-a-pobrezi","13":"product_cat-nocni","14":"product_cat-obyvaci-pokoj","15":"product_cat-restaurace","16":"product_cat-skandinavsky","17":"product_tag-horizontalni","18":"product_tag-seda","19":"product_tag-tmave","21":"first","22":"instock","23":"taxable","24":"shipping-taxable","25":"purchasable","26":"product-type-variable","27":"has-default-attributes"},"aioseo_notices":[],"_links":{"self":[{"href":"https:\/\/interiorposter.com\/cs\/wp-json\/wp\/v2\/product\/176910","targetHints":{"allow":["GET"]}}],"collection":[{"href":"https:\/\/interiorposter.com\/cs\/wp-json\/wp\/v2\/product"}],"about":[{"href":"https:\/\/interiorposter.com\/cs\/wp-json\/wp\/v2\/types\/product"}],"replies":[{"embeddable":true,"href":"https:\/\/interiorposter.com\/cs\/wp-json\/wp\/v2\/comments?post=176910"}],"wp:featuredmedia":[{"embeddable":true,"href":"https:\/\/interiorposter.com\/cs\/wp-json\/wp\/v2\/media\/162227"}],"wp:attachment":[{"href":"https:\/\/interiorposter.com\/cs\/wp-json\/wp\/v2\/media?parent=176910"}],"wp:term":[{"taxonomy":"product_brand","embeddable":true,"href":"https:\/\/interiorposter.com\/cs\/wp-json\/wp\/v2\/product_brand?post=176910"},{"taxonomy":"product_cat","embeddable":true,"href":"https:\/\/interiorposter.com\/cs\/wp-json\/wp\/v2\/product_cat?post=176910"},{"taxonomy":"product_tag","embeddable":true,"href":"https:\/\/interiorposter.com\/cs\/wp-json\/wp\/v2\/product_tag?post=176910"}],"curies":[{"name":"wp","href":"https:\/\/api.w.org\/{rel}","templated":true}]}}