{"id":176859,"date":"2026-02-19T23:13:59","date_gmt":"2026-02-19T22:13:59","guid":{"rendered":"https:\/\/interiorposter.com\/product\/obraz-na-plotnie-zachod-slonca-nad-spokojnym-morzem\/"},"modified":"2026-02-22T05:25:50","modified_gmt":"2026-02-22T04:25:50","slug":"obraz-na-plotnie-zachod-slonca-nad-spokojnym-morzem","status":"publish","type":"product","link":"https:\/\/interiorposter.com\/cs\/product\/obraz-na-plotnie-zachod-slonca-nad-spokojnym-morzem\/","title":{"rendered":"Obraz na pl\u00e1tn\u011b Z\u00e1pad slunce nad klidn\u00fdm mo\u0159em"},"content":{"rendered":"<p>Vneste do interi\u00e9ru teplo a klid jako na pr\u00e1zdninov\u00e9m pob\u0159e\u017e\u00ed ve zlat\u00e9 hodin\u011b. Sc\u00e9na zobrazuje z\u00e1pad slunce nad mo\u0159em v mal\u00ed\u0159sk\u00e9m stylu, kter\u00fd dod\u00e1v\u00e1 motivu jemnost, \u00fatulnost a elegantn\u00ed charakter. Hebk\u00e9 sv\u011btlo, t\u0159pytiv\u00e1 hladina a klidn\u00e9 vlny vytv\u00e1\u0159ej\u00ed uvoln\u011bnou atmosf\u00e9ru a kr\u00e1sn\u011b dopln\u00ed aran\u017em\u00e1. Tento obraz na pl\u00e1tn\u011b se skv\u011ble hod\u00ed jako dekorace na st\u011bnu do ob\u00fdvac\u00edho pokoje, lo\u017enice nebo kancel\u00e1\u0159e a tak\u00e9 do hotelu, restaurace \u010di p\u0159eds\u00edn\u011b. Barevnost je tepl\u00e1 a pastelov\u00e1: zlat\u00e1 a oran\u017eov\u00e1 se m\u00eds\u00ed s modrou, tyrkysovou a jemn\u00fdmi fialov\u00fdmi t\u00f3ny.<\/p>\n","protected":false},"excerpt":{"rendered":"<p>Z\u00e1pad slunce nad mo\u0159em v mal\u00ed\u0159sk\u00e9m stylu, v tepl\u00fdch zlat\u00fdch a pastelov\u00fdch t\u00f3nech. Obraz na pl\u00e1tn\u011b, kter\u00fd z\u00fatuln\u00ed interi\u00e9r a navod\u00ed klid.<\/p>\n","protected":false},"featured_media":163255,"comment_status":"open","ping_status":"closed","template":"","meta":[],"product_brand":[],"product_cat":[74,86,65,135,68,297,141,83,71,89,111],"product_tag":[702,186],"class_list":{"0":"post-176859","1":"product","2":"type-product","3":"status-publish","4":"has-post-thumbnail","6":"product_cat-hotel-cs","7":"product_cat-kancelar","8":"product_cat-koupelna","9":"product_cat-krajiny","10":"product_cat-loznice","11":"product_cat-malirsky","12":"product_cat-more-a-pobrezi","13":"product_cat-obyvaci-pokoj","14":"product_cat-predsin","15":"product_cat-restaurace","16":"product_cat-skandinavsky","17":"product_tag-horizontalni","18":"product_tag-vicebarevny","20":"first","21":"instock","22":"taxable","23":"shipping-taxable","24":"purchasable","25":"product-type-variable","26":"has-default-attributes"},"aioseo_notices":[],"_links":{"self":[{"href":"https:\/\/interiorposter.com\/cs\/wp-json\/wp\/v2\/product\/176859","targetHints":{"allow":["GET"]}}],"collection":[{"href":"https:\/\/interiorposter.com\/cs\/wp-json\/wp\/v2\/product"}],"about":[{"href":"https:\/\/interiorposter.com\/cs\/wp-json\/wp\/v2\/types\/product"}],"replies":[{"embeddable":true,"href":"https:\/\/interiorposter.com\/cs\/wp-json\/wp\/v2\/comments?post=176859"}],"wp:featuredmedia":[{"embeddable":true,"href":"https:\/\/interiorposter.com\/cs\/wp-json\/wp\/v2\/media\/163255"}],"wp:attachment":[{"href":"https:\/\/interiorposter.com\/cs\/wp-json\/wp\/v2\/media?parent=176859"}],"wp:term":[{"taxonomy":"product_brand","embeddable":true,"href":"https:\/\/interiorposter.com\/cs\/wp-json\/wp\/v2\/product_brand?post=176859"},{"taxonomy":"product_cat","embeddable":true,"href":"https:\/\/interiorposter.com\/cs\/wp-json\/wp\/v2\/product_cat?post=176859"},{"taxonomy":"product_tag","embeddable":true,"href":"https:\/\/interiorposter.com\/cs\/wp-json\/wp\/v2\/product_tag?post=176859"}],"curies":[{"name":"wp","href":"https:\/\/api.w.org\/{rel}","templated":true}]}}