{"id":176798,"date":"2026-02-19T23:17:50","date_gmt":"2026-02-19T22:17:50","guid":{"rendered":"https:\/\/interiorposter.com\/product\/obraz-na-plotnie-minimalistyczny-szkic-wybrzeza\/"},"modified":"2026-02-22T02:55:49","modified_gmt":"2026-02-22T01:55:49","slug":"obraz-na-plotnie-minimalistyczny-szkic-wybrzeza","status":"publish","type":"product","link":"https:\/\/interiorposter.com\/cs\/product\/obraz-na-plotnie-minimalistyczny-szkic-wybrzeza\/","title":{"rendered":"Obraz na pl\u00e1tn\u011b Minimalistick\u00e1 skica pob\u0159e\u017e\u00ed"},"content":{"rendered":"<p>Jemn\u00e1 \u010dernob\u00edl\u00e1 skica skalnat\u00e9ho pob\u0159e\u017e\u00ed vnese do interi\u00e9ru klid a lehkost, jako rann\u00ed proch\u00e1zka u mo\u0159e. Delik\u00e1tn\u00ed kresba, klidn\u00e1 linie vln a pt\u00e1ci nad obzorem vytv\u00e1\u0159ej\u00ed elegantn\u00ed dekoraci na st\u011bnu, kter\u00e1 nep\u0159eb\u00edj\u00ed prostor, ale kr\u00e1sn\u011b ho zharmonizuje. Tento obraz na pl\u00e1tn\u011b se skv\u011ble hod\u00ed do ob\u00fdvac\u00edho pokoje, lo\u017enice i kancel\u00e1\u0159e, stejn\u011b jako do p\u0159eds\u00edn\u011b, hotelu \u010di restaurace. Sv\u011btl\u00e1 minimalistick\u00e1 barevnost se snadno kombinuje s b\u00edlou, d\u0159evem a \u0161ed\u00fdmi t\u00f3ny a podtrhne modern\u00ed vzdu\u0161n\u00fd styl.<\/p>\n","protected":false},"excerpt":{"rendered":"<p>\u010cernob\u00edl\u00e1 minimalistick\u00e1 skica mo\u0159sk\u00e9ho pob\u0159e\u017e\u00ed. Obraz na pl\u00e1tn\u011b, kter\u00fd zklidn\u00ed interi\u00e9r a hod\u00ed se do ob\u00fdvac\u00edho pokoje, lo\u017enice i kancel\u00e1\u0159e.<\/p>\n","protected":false},"featured_media":176854,"comment_status":"open","ping_status":"closed","template":"","meta":[],"product_brand":[],"product_cat":[74,289,86,65,135,80,68,102,105,141,83,71,89,111],"product_tag":[702,180,274],"class_list":{"0":"post-176798","1":"product","2":"type-product","3":"status-publish","4":"has-post-thumbnail","6":"product_cat-hotel-cs","7":"product_cat-ilustrace","8":"product_cat-kancelar","9":"product_cat-koupelna","10":"product_cat-krajiny","11":"product_cat-kuchyne","12":"product_cat-loznice","13":"product_cat-minimalisticky","14":"product_cat-moderni","15":"product_cat-more-a-pobrezi","16":"product_cat-obyvaci-pokoj","17":"product_cat-predsin","18":"product_cat-restaurace","19":"product_cat-skandinavsky","20":"product_tag-horizontalni","21":"product_tag-seda","22":"product_tag-svetle","24":"first","25":"instock","26":"taxable","27":"shipping-taxable","28":"purchasable","29":"product-type-variable","30":"has-default-attributes"},"aioseo_notices":[],"_links":{"self":[{"href":"https:\/\/interiorposter.com\/cs\/wp-json\/wp\/v2\/product\/176798","targetHints":{"allow":["GET"]}}],"collection":[{"href":"https:\/\/interiorposter.com\/cs\/wp-json\/wp\/v2\/product"}],"about":[{"href":"https:\/\/interiorposter.com\/cs\/wp-json\/wp\/v2\/types\/product"}],"replies":[{"embeddable":true,"href":"https:\/\/interiorposter.com\/cs\/wp-json\/wp\/v2\/comments?post=176798"}],"wp:featuredmedia":[{"embeddable":true,"href":"https:\/\/interiorposter.com\/cs\/wp-json\/wp\/v2\/media\/176854"}],"wp:attachment":[{"href":"https:\/\/interiorposter.com\/cs\/wp-json\/wp\/v2\/media?parent=176798"}],"wp:term":[{"taxonomy":"product_brand","embeddable":true,"href":"https:\/\/interiorposter.com\/cs\/wp-json\/wp\/v2\/product_brand?post=176798"},{"taxonomy":"product_cat","embeddable":true,"href":"https:\/\/interiorposter.com\/cs\/wp-json\/wp\/v2\/product_cat?post=176798"},{"taxonomy":"product_tag","embeddable":true,"href":"https:\/\/interiorposter.com\/cs\/wp-json\/wp\/v2\/product_tag?post=176798"}],"curies":[{"name":"wp","href":"https:\/\/api.w.org\/{rel}","templated":true}]}}