{"id":176747,"date":"2026-02-19T23:25:33","date_gmt":"2026-02-19T22:25:33","guid":{"rendered":"https:\/\/interiorposter.com\/product\/obraz-na-plotnie-zachod-slonca-nad-morzem-w-rozu\/"},"modified":"2026-02-22T02:07:16","modified_gmt":"2026-02-22T01:07:16","slug":"obraz-na-plotnie-zachod-slonca-nad-morzem-w-rozu","status":"publish","type":"product","link":"https:\/\/interiorposter.com\/cs\/product\/obraz-na-plotnie-zachod-slonca-nad-morzem-w-rozu\/","title":{"rendered":"Obraz na pl\u00e1tn\u011b R\u016f\u017eov\u00fd z\u00e1pad slunce nad mo\u0159em"},"content":{"rendered":"<p>Vneste do interi\u00e9ru klidnou atmosf\u00e9ru p\u0159\u00edmo\u0159sk\u00e9ho z\u00e1padu slunce. Pastelov\u00e9 r\u016f\u017eovo-zlat\u00e9 nebe, jemn\u00e9 mraky a klidn\u00e9 vlny vytv\u00e1\u0159ej\u00ed sc\u00e9nu, kter\u00e1 uklid\u0148uje a dod\u00e1 prostoru lehkost. Tento obraz na pl\u00e1tn\u011b se skv\u011ble hod\u00ed jako dekorace na st\u011bnu do ob\u00fdvac\u00edho pokoje, lo\u017enice nebo kancel\u00e1\u0159e a v\u00fdborn\u011b zapadne tak\u00e9 do hotelu, restaurace \u010di p\u0159eds\u00edn\u011b. Tepl\u00e1, subtiln\u00ed barevnost se kr\u00e1sn\u011b kombinuje se sv\u011btl\u00fdm d\u0159evem, b\u00e9\u017eovou a \u0161edou a podpo\u0159\u00ed modern\u00ed, elegantn\u00ed styl.<\/p>\n","protected":false},"excerpt":{"rendered":"<p>Pastelov\u00fd z\u00e1pad slunce nad mo\u0159em v r\u016f\u017eovo-zlat\u00fdch t\u00f3nech, kter\u00fd zklidn\u00ed a prosv\u011btl\u00ed interi\u00e9r. Obraz na pl\u00e1tn\u011b ide\u00e1ln\u00ed do ob\u00fdvac\u00edho pokoje i lo\u017enice.<\/p>\n","protected":false},"featured_media":163906,"comment_status":"open","ping_status":"closed","template":"","meta":[],"product_brand":[],"product_cat":[108,74,86,68,102,141,83,71,89,111],"product_tag":[702,186],"class_list":{"0":"post-176747","1":"product","2":"type-product","3":"status-publish","4":"has-post-thumbnail","6":"product_cat-fotografie","7":"product_cat-hotel-cs","8":"product_cat-kancelar","9":"product_cat-loznice","10":"product_cat-minimalisticky","11":"product_cat-more-a-pobrezi","12":"product_cat-obyvaci-pokoj","13":"product_cat-predsin","14":"product_cat-restaurace","15":"product_cat-skandinavsky","16":"product_tag-horizontalni","17":"product_tag-vicebarevny","19":"first","20":"instock","21":"taxable","22":"shipping-taxable","23":"purchasable","24":"product-type-variable","25":"has-default-attributes"},"aioseo_notices":[],"_links":{"self":[{"href":"https:\/\/interiorposter.com\/cs\/wp-json\/wp\/v2\/product\/176747","targetHints":{"allow":["GET"]}}],"collection":[{"href":"https:\/\/interiorposter.com\/cs\/wp-json\/wp\/v2\/product"}],"about":[{"href":"https:\/\/interiorposter.com\/cs\/wp-json\/wp\/v2\/types\/product"}],"replies":[{"embeddable":true,"href":"https:\/\/interiorposter.com\/cs\/wp-json\/wp\/v2\/comments?post=176747"}],"wp:featuredmedia":[{"embeddable":true,"href":"https:\/\/interiorposter.com\/cs\/wp-json\/wp\/v2\/media\/163906"}],"wp:attachment":[{"href":"https:\/\/interiorposter.com\/cs\/wp-json\/wp\/v2\/media?parent=176747"}],"wp:term":[{"taxonomy":"product_brand","embeddable":true,"href":"https:\/\/interiorposter.com\/cs\/wp-json\/wp\/v2\/product_brand?post=176747"},{"taxonomy":"product_cat","embeddable":true,"href":"https:\/\/interiorposter.com\/cs\/wp-json\/wp\/v2\/product_cat?post=176747"},{"taxonomy":"product_tag","embeddable":true,"href":"https:\/\/interiorposter.com\/cs\/wp-json\/wp\/v2\/product_tag?post=176747"}],"curies":[{"name":"wp","href":"https:\/\/api.w.org\/{rel}","templated":true}]}}