{"id":176698,"date":"2026-02-19T23:37:03","date_gmt":"2026-02-19T22:37:03","guid":{"rendered":"https:\/\/interiorposter.com\/product\/obraz-na-plotnie-lodka-na-pastelowym-zachodzie-slonca\/"},"modified":"2026-02-21T04:18:41","modified_gmt":"2026-02-21T03:18:41","slug":"obraz-na-plotnie-lodka-na-pastelowym-zachodzie-slonca","status":"publish","type":"product","link":"https:\/\/interiorposter.com\/cs\/product\/obraz-na-plotnie-lodka-na-pastelowym-zachodzie-slonca\/","title":{"rendered":"Obraz na pl\u00e1tn\u011b lo\u010fka v pastelov\u00e9m z\u00e1padu slunce"},"content":{"rendered":"<p>Tento obraz na pl\u00e1tn\u011b zobrazuje osam\u011blou lo\u010fku na klidn\u00e9 hladin\u011b, zahalenou do jemn\u00e9ho sv\u011btla z\u00e1padu slunce. Plynul\u00e9 p\u0159echody barev a mal\u00ed\u0159sk\u00e1 textura vytv\u00e1\u0159ej\u00ed pocit ticha a prostoru, kter\u00fd interi\u00e9r kr\u00e1sn\u011b zklidn\u00ed a dod\u00e1 mu eleganci. Skv\u011ble se hod\u00ed do ob\u00fdvac\u00edho pokoje, lo\u017enice, kancel\u00e1\u0159e, hotelu i restaurace, kdy\u017e chcete navodit uklid\u0148uj\u00edc\u00ed atmosf\u00e9ru a um\u011bleck\u00fd akcent na ze\u010f. Barevnost je tepl\u00e1 a pastelov\u00e1, kombinuje modr\u00e9, fialov\u00e9 a r\u016f\u017eov\u00e9 t\u00f3ny s oran\u017eovo zlatou z\u00e1\u0159\u00ed na horizontu. Ide\u00e1ln\u00ed pro milovn\u00edky mo\u0159e a klidn\u00fdch motiv\u016f.<\/p>\n","protected":false},"excerpt":{"rendered":"<p>Mal\u00ed\u0159sk\u00fd obraz na pl\u00e1tn\u011b s lo\u010fkou na klidn\u00e9 vod\u011b p\u0159i z\u00e1padu slunce. Pastelov\u00e9 modr\u00e9 a tepl\u00e9 oran\u017eov\u00e9 t\u00f3ny vytvo\u0159\u00ed relaxa\u010dn\u00ed n\u00e1ladu.<\/p>\n","protected":false},"featured_media":164464,"comment_status":"open","ping_status":"closed","template":"","meta":[],"product_brand":[],"product_cat":[74,86,207,135,68,297,102,105,141,83,89,268],"product_tag":[702,186],"class_list":{"0":"post-176698","1":"product","2":"type-product","3":"status-publish","4":"has-post-thumbnail","6":"product_cat-hotel-cs","7":"product_cat-kancelar","8":"product_cat-konceptualni-umeni","9":"product_cat-krajiny","10":"product_cat-loznice","11":"product_cat-malirsky","12":"product_cat-minimalisticky","13":"product_cat-moderni","14":"product_cat-more-a-pobrezi","15":"product_cat-obyvaci-pokoj","16":"product_cat-restaurace","17":"product_cat-vozidla","18":"product_tag-horizontalni","19":"product_tag-vicebarevny","21":"first","22":"instock","23":"taxable","24":"shipping-taxable","25":"purchasable","26":"product-type-variable","27":"has-default-attributes"},"aioseo_notices":[],"_links":{"self":[{"href":"https:\/\/interiorposter.com\/cs\/wp-json\/wp\/v2\/product\/176698","targetHints":{"allow":["GET"]}}],"collection":[{"href":"https:\/\/interiorposter.com\/cs\/wp-json\/wp\/v2\/product"}],"about":[{"href":"https:\/\/interiorposter.com\/cs\/wp-json\/wp\/v2\/types\/product"}],"replies":[{"embeddable":true,"href":"https:\/\/interiorposter.com\/cs\/wp-json\/wp\/v2\/comments?post=176698"}],"wp:featuredmedia":[{"embeddable":true,"href":"https:\/\/interiorposter.com\/cs\/wp-json\/wp\/v2\/media\/164464"}],"wp:attachment":[{"href":"https:\/\/interiorposter.com\/cs\/wp-json\/wp\/v2\/media?parent=176698"}],"wp:term":[{"taxonomy":"product_brand","embeddable":true,"href":"https:\/\/interiorposter.com\/cs\/wp-json\/wp\/v2\/product_brand?post=176698"},{"taxonomy":"product_cat","embeddable":true,"href":"https:\/\/interiorposter.com\/cs\/wp-json\/wp\/v2\/product_cat?post=176698"},{"taxonomy":"product_tag","embeddable":true,"href":"https:\/\/interiorposter.com\/cs\/wp-json\/wp\/v2\/product_tag?post=176698"}],"curies":[{"name":"wp","href":"https:\/\/api.w.org\/{rel}","templated":true}]}}