{"id":176647,"date":"2026-02-19T23:40:52","date_gmt":"2026-02-19T22:40:52","guid":{"rendered":"https:\/\/interiorposter.com\/product\/obraz-na-plotnie-zaglowka-na-kolorowym-zachodzie-slonca\/"},"modified":"2026-02-21T04:06:26","modified_gmt":"2026-02-21T03:06:26","slug":"obraz-na-plotnie-zaglowka-na-kolorowym-zachodzie-slonca","status":"publish","type":"product","link":"https:\/\/interiorposter.com\/cs\/product\/obraz-na-plotnie-zaglowka-na-kolorowym-zachodzie-slonca\/","title":{"rendered":"Obraz na pl\u00e1tn\u011b plachetnice v barevn\u00e9m z\u00e1padu slunce"},"content":{"rendered":"<p>Tento obraz na pl\u00e1tn\u011b zobrazuje plachetnici na klidn\u00e9 hladin\u011b p\u0159i z\u00e1padu slunce v expresivn\u00edm mal\u00ed\u0159sk\u00e9m stylu. V\u00fdrazn\u00e9 tahy barev vytv\u00e1\u0159ej\u00ed dojem pohybu a sv\u011btla, tak\u017ee dekorace okam\u017eit\u011b o\u017eiv\u00ed interi\u00e9r a p\u0159it\u00e1hne pozornost. Skv\u011ble se hod\u00ed do ob\u00fdvac\u00edho pokoje, lo\u017enice, kancel\u00e1\u0159e, hotelu i restaurace, kdy\u017e chcete dodat prostoru energii a um\u011bleck\u00fd charakter. Barevnost je syt\u00e1 a kontrastn\u00ed: kobaltov\u00e9 a fialov\u00e9 nebe se m\u00eds\u00ed se zlat\u00fdmi, oran\u017eov\u00fdmi a \u010derven\u00fdmi odlesky na vod\u011b. Elegantn\u00ed akcent na ze\u010f, kter\u00fd navozuje pocit svobody a cestov\u00e1n\u00ed.<\/p>\n","protected":false},"excerpt":{"rendered":"<p>Mal\u00ed\u0159sk\u00fd obraz na pl\u00e1tn\u011b s plachetnic\u00ed p\u0159i z\u00e1padu slunce. Syt\u00e9 modr\u00e9 a zlat\u00e9 odlesky vytv\u00e1\u0159ej\u00ed v\u00fdraznou modern\u00ed dekoraci.<\/p>\n","protected":false},"featured_media":164608,"comment_status":"open","ping_status":"closed","template":"","meta":[],"product_brand":[],"product_cat":[99,74,86,207,135,68,297,141,83,89,268],"product_tag":[702,186],"class_list":{"0":"post-176647","1":"product","2":"type-product","3":"status-publish","4":"has-post-thumbnail","6":"product_cat-glamour-cs","7":"product_cat-hotel-cs","8":"product_cat-kancelar","9":"product_cat-konceptualni-umeni","10":"product_cat-krajiny","11":"product_cat-loznice","12":"product_cat-malirsky","13":"product_cat-more-a-pobrezi","14":"product_cat-obyvaci-pokoj","15":"product_cat-restaurace","16":"product_cat-vozidla","17":"product_tag-horizontalni","18":"product_tag-vicebarevny","20":"first","21":"instock","22":"taxable","23":"shipping-taxable","24":"purchasable","25":"product-type-variable","26":"has-default-attributes"},"aioseo_notices":[],"_links":{"self":[{"href":"https:\/\/interiorposter.com\/cs\/wp-json\/wp\/v2\/product\/176647","targetHints":{"allow":["GET"]}}],"collection":[{"href":"https:\/\/interiorposter.com\/cs\/wp-json\/wp\/v2\/product"}],"about":[{"href":"https:\/\/interiorposter.com\/cs\/wp-json\/wp\/v2\/types\/product"}],"replies":[{"embeddable":true,"href":"https:\/\/interiorposter.com\/cs\/wp-json\/wp\/v2\/comments?post=176647"}],"wp:featuredmedia":[{"embeddable":true,"href":"https:\/\/interiorposter.com\/cs\/wp-json\/wp\/v2\/media\/164608"}],"wp:attachment":[{"href":"https:\/\/interiorposter.com\/cs\/wp-json\/wp\/v2\/media?parent=176647"}],"wp:term":[{"taxonomy":"product_brand","embeddable":true,"href":"https:\/\/interiorposter.com\/cs\/wp-json\/wp\/v2\/product_brand?post=176647"},{"taxonomy":"product_cat","embeddable":true,"href":"https:\/\/interiorposter.com\/cs\/wp-json\/wp\/v2\/product_cat?post=176647"},{"taxonomy":"product_tag","embeddable":true,"href":"https:\/\/interiorposter.com\/cs\/wp-json\/wp\/v2\/product_tag?post=176647"}],"curies":[{"name":"wp","href":"https:\/\/api.w.org\/{rel}","templated":true}]}}