{"id":176594,"date":"2026-02-19T23:43:42","date_gmt":"2026-02-19T22:43:42","guid":{"rendered":"https:\/\/interiorposter.com\/product\/obraz-na-plotnie-flamingi-w-blasku-zachodu-slonca\/"},"modified":"2026-02-21T03:54:46","modified_gmt":"2026-02-21T02:54:46","slug":"obraz-na-plotnie-flamingi-w-blasku-zachodu-slonca","status":"publish","type":"product","link":"https:\/\/interiorposter.com\/cs\/product\/obraz-na-plotnie-flamingi-w-blasku-zachodu-slonca\/","title":{"rendered":"Obraz na pl\u00e1tn\u011b plame\u0148\u00e1ci v z\u00e1\u0159i z\u00e1padu slunce"},"content":{"rendered":"<p>Tento obraz na pl\u00e1tn\u011b zachycuje hejno plame\u0148\u00e1k\u016f brod\u00edc\u00edch se v klidn\u00e9 vod\u011b, zalit\u00fdch tepl\u00fdm sv\u011btlem zapadaj\u00edc\u00edho slunce. Jemn\u011b rozost\u0159en\u00e9 pozad\u00ed zv\u00fdraz\u0148uje elegantn\u00ed siluety a dod\u00e1v\u00e1 sc\u00e9n\u011b lehkost, p\u0159itom zaujme barvami. Skv\u011ble se hod\u00ed do ob\u00fdvac\u00edho pokoje, lo\u017enice, p\u0159eds\u00edn\u011b, kancel\u00e1\u0159e, hotelu i restaurace, kdy\u017e chcete interi\u00e9ru dodat styl a pozitivn\u00ed energii. Barevnost je tepl\u00e1 a syt\u00e1: kor\u00e1lov\u00e9 r\u016f\u017eov\u00e9 a oran\u017eov\u00e9 t\u00f3ny dopl\u0148uje mod\u0159 vody a zlat\u00e1 z\u00e1\u0159e. Ide\u00e1ln\u00ed dekorace na ze\u010f pro milovn\u00edky p\u0159\u00edrody a cestov\u00e1n\u00ed.<\/p>\n","protected":false},"excerpt":{"rendered":"<p>Obraz na pl\u00e1tn\u011b s plame\u0148\u00e1ky ve vod\u011b p\u0159i z\u00e1padu slunce. Tepl\u00e9 r\u016f\u017eov\u00e9 a zlat\u00e9 t\u00f3ny dodaj\u00ed interi\u00e9ru eleganci a pr\u00e1zdninovou atmosf\u00e9ru.<\/p>\n","protected":false},"featured_media":164794,"comment_status":"open","ping_status":"closed","template":"","meta":[],"product_brand":[],"product_cat":[108,99,74,86,65,135,80,68,141,83,71,89,254],"product_tag":[702,186],"class_list":{"0":"post-176594","1":"product","2":"type-product","3":"status-publish","4":"has-post-thumbnail","6":"product_cat-fotografie","7":"product_cat-glamour-cs","8":"product_cat-hotel-cs","9":"product_cat-kancelar","10":"product_cat-koupelna","11":"product_cat-krajiny","12":"product_cat-kuchyne","13":"product_cat-loznice","14":"product_cat-more-a-pobrezi","15":"product_cat-obyvaci-pokoj","16":"product_cat-predsin","17":"product_cat-restaurace","18":"product_cat-zvirata-a-priroda","19":"product_tag-horizontalni","20":"product_tag-vicebarevny","22":"first","23":"instock","24":"taxable","25":"shipping-taxable","26":"purchasable","27":"product-type-variable","28":"has-default-attributes"},"aioseo_notices":[],"_links":{"self":[{"href":"https:\/\/interiorposter.com\/cs\/wp-json\/wp\/v2\/product\/176594","targetHints":{"allow":["GET"]}}],"collection":[{"href":"https:\/\/interiorposter.com\/cs\/wp-json\/wp\/v2\/product"}],"about":[{"href":"https:\/\/interiorposter.com\/cs\/wp-json\/wp\/v2\/types\/product"}],"replies":[{"embeddable":true,"href":"https:\/\/interiorposter.com\/cs\/wp-json\/wp\/v2\/comments?post=176594"}],"wp:featuredmedia":[{"embeddable":true,"href":"https:\/\/interiorposter.com\/cs\/wp-json\/wp\/v2\/media\/164794"}],"wp:attachment":[{"href":"https:\/\/interiorposter.com\/cs\/wp-json\/wp\/v2\/media?parent=176594"}],"wp:term":[{"taxonomy":"product_brand","embeddable":true,"href":"https:\/\/interiorposter.com\/cs\/wp-json\/wp\/v2\/product_brand?post=176594"},{"taxonomy":"product_cat","embeddable":true,"href":"https:\/\/interiorposter.com\/cs\/wp-json\/wp\/v2\/product_cat?post=176594"},{"taxonomy":"product_tag","embeddable":true,"href":"https:\/\/interiorposter.com\/cs\/wp-json\/wp\/v2\/product_tag?post=176594"}],"curies":[{"name":"wp","href":"https:\/\/api.w.org\/{rel}","templated":true}]}}