{"id":176543,"date":"2026-02-21T03:46:35","date_gmt":"2026-02-21T02:46:35","guid":{"rendered":"https:\/\/interiorposter.com\/product\/obraz-wieloczesciowy-zachod-slonca-nad-oceanem\/"},"modified":"2026-02-21T03:47:55","modified_gmt":"2026-02-21T02:47:55","slug":"obraz-wieloczesciowy-zachod-slonca-nad-oceanem","status":"publish","type":"product","link":"https:\/\/interiorposter.com\/cs\/product\/obraz-wieloczesciowy-zachod-slonca-nad-oceanem\/","title":{"rendered":"V\u00edced\u00edln\u00fd obraz na pl\u00e1tn\u011b z\u00e1pad slunce nad oce\u00e1nem"},"content":{"rendered":"<p>Tento v\u00edced\u00edln\u00fd obraz na pl\u00e1tn\u011b zachycuje velkolep\u00fd z\u00e1pad slunce nad oce\u00e1nem, s vlnami u b\u0159ehu a oblohou plnou dramatick\u00fdch, dynamick\u00fdch mrak\u016f. Intenzivn\u00ed z\u00e1\u0159e na horizontu upout\u00e1 pozornost a vnese do interi\u00e9ru energii, zat\u00edmco \u0161irok\u00fd z\u00e1b\u011br kr\u00e1sn\u011b vytv\u00e1\u0159\u00ed pocit prostoru na zdi. Skv\u011ble se hod\u00ed do ob\u00fdvac\u00edho pokoje, lo\u017enice, kancel\u00e1\u0159e, hotelu, restaurace i p\u0159eds\u00edn\u011b, kdy\u017e chcete dodat m\u00edstnosti barvu a charakter. Barevnost je syt\u00e1 a kontrastn\u00ed: ohniv\u00e9 oran\u017eov\u00e9 a zlat\u00e9 t\u00f3ny se m\u00eds\u00ed s fialovou, r\u016f\u017eovou a hlubokou mod\u0159\u00ed mo\u0159e. Dekorace, kter\u00e1 ka\u017ed\u00fd den p\u0159ipomene svobodu a pr\u00e1zdninovou lehkost.<\/p>\n","protected":false},"excerpt":{"rendered":"<p>V\u00edced\u00edln\u00fd obraz na pl\u00e1tn\u011b s oce\u00e1nem a p\u016fsobiv\u00fdm z\u00e1padem slunce. Ohniv\u00e9 oran\u017eov\u00e9 a fialov\u00e9 t\u00f3ny vytvo\u0159\u00ed v\u00fdrazn\u00fd modern\u00ed akcent.<\/p>\n","protected":false},"featured_media":165309,"comment_status":"open","ping_status":"closed","template":"","meta":[],"product_brand":[],"product_cat":[108,74,86,135,68,105,141,83,71,89],"product_tag":[186,533],"class_list":{"0":"post-176543","1":"product","2":"type-product","3":"status-publish","4":"has-post-thumbnail","6":"product_cat-fotografie","7":"product_cat-hotel-cs","8":"product_cat-kancelar","9":"product_cat-krajiny","10":"product_cat-loznice","11":"product_cat-moderni","12":"product_cat-more-a-pobrezi","13":"product_cat-obyvaci-pokoj","14":"product_cat-predsin","15":"product_cat-restaurace","16":"product_tag-vicebarevny","17":"product_tag-vicedilny-obraz","19":"first","20":"instock","21":"taxable","22":"shipping-taxable","23":"purchasable","24":"product-type-variable","25":"has-default-attributes"},"aioseo_notices":[],"_links":{"self":[{"href":"https:\/\/interiorposter.com\/cs\/wp-json\/wp\/v2\/product\/176543","targetHints":{"allow":["GET"]}}],"collection":[{"href":"https:\/\/interiorposter.com\/cs\/wp-json\/wp\/v2\/product"}],"about":[{"href":"https:\/\/interiorposter.com\/cs\/wp-json\/wp\/v2\/types\/product"}],"replies":[{"embeddable":true,"href":"https:\/\/interiorposter.com\/cs\/wp-json\/wp\/v2\/comments?post=176543"}],"wp:featuredmedia":[{"embeddable":true,"href":"https:\/\/interiorposter.com\/cs\/wp-json\/wp\/v2\/media\/165309"}],"wp:attachment":[{"href":"https:\/\/interiorposter.com\/cs\/wp-json\/wp\/v2\/media?parent=176543"}],"wp:term":[{"taxonomy":"product_brand","embeddable":true,"href":"https:\/\/interiorposter.com\/cs\/wp-json\/wp\/v2\/product_brand?post=176543"},{"taxonomy":"product_cat","embeddable":true,"href":"https:\/\/interiorposter.com\/cs\/wp-json\/wp\/v2\/product_cat?post=176543"},{"taxonomy":"product_tag","embeddable":true,"href":"https:\/\/interiorposter.com\/cs\/wp-json\/wp\/v2\/product_tag?post=176543"}],"curies":[{"name":"wp","href":"https:\/\/api.w.org\/{rel}","templated":true}]}}