{"id":176500,"date":"2026-02-21T03:40:29","date_gmt":"2026-02-21T02:40:29","guid":{"rendered":"https:\/\/interiorposter.com\/product\/obraz-wieloczesciowy-turkusowe-morze-i-sloneczne-molo\/"},"modified":"2026-02-21T03:41:57","modified_gmt":"2026-02-21T02:41:57","slug":"obraz-wieloczesciowy-turkusowe-morze-i-sloneczne-molo","status":"publish","type":"product","link":"https:\/\/interiorposter.com\/cs\/product\/obraz-wieloczesciowy-turkusowe-morze-i-sloneczne-molo\/","title":{"rendered":"V\u00edced\u00edln\u00fd obraz na pl\u00e1tn\u011b tyrkysov\u00e9 mo\u0159e a slune\u010dn\u00e9 molo"},"content":{"rendered":"<p>Tento v\u00edced\u00edln\u00fd obraz na pl\u00e1tn\u011b v\u00e1s p\u0159enese p\u0159\u00edmo do tropick\u00e9ho dne, kde se d\u0159ev\u011bn\u00e9 molo setk\u00e1v\u00e1 s k\u0159i\u0161\u0165\u00e1lov\u011b tyrkysovou vodou a jasn\u00fdm sluncem na modr\u00e9 obloze. Kompozice p\u016fsob\u00ed sv\u011b\u017ee a vzdu\u0161n\u011b, tak\u017ee skv\u011ble projasn\u00ed interi\u00e9r a stane se v\u00fdrazn\u00fdm prvkem v ob\u00fdvac\u00edm pokoji, lo\u017enici, kuchyni, kancel\u00e1\u0159i, hotelu i restauraci. Barevnost je sv\u011btl\u00e1 a syt\u00e1, postaven\u00e1 na odst\u00ednech tyrkysov\u00e9 a modr\u00e9, dopln\u011bn\u00e1 teplou hn\u011bd\u00ed d\u0159eva a b\u00edlou oblak\u016f. Dekorace na ze\u010f, kter\u00e1 dod\u00e1 energii, zlep\u0161\u00ed n\u00e1ladu a zve k odpo\u010dinku ka\u017ed\u00fd den.<\/p>\n","protected":false},"excerpt":{"rendered":"<p>V\u00edced\u00edln\u00fd obraz na pl\u00e1tn\u011b s tyrkysov\u00fdm mo\u0159em a molem na slunci. Syt\u00e9 modr\u00e9 t\u00f3ny vytvo\u0159\u00ed pr\u00e1zdninovou atmosf\u00e9ru a projasn\u00ed interi\u00e9r.<\/p>\n","protected":false},"featured_media":165897,"comment_status":"open","ping_status":"closed","template":"","meta":[],"product_brand":[],"product_cat":[108,74,86,135,68,105,141,83,71,89],"product_tag":[186],"class_list":{"0":"post-176500","1":"product","2":"type-product","3":"status-publish","4":"has-post-thumbnail","6":"product_cat-fotografie","7":"product_cat-hotel-cs","8":"product_cat-kancelar","9":"product_cat-krajiny","10":"product_cat-loznice","11":"product_cat-moderni","12":"product_cat-more-a-pobrezi","13":"product_cat-obyvaci-pokoj","14":"product_cat-predsin","15":"product_cat-restaurace","16":"product_tag-vicebarevny","18":"first","19":"instock","20":"taxable","21":"shipping-taxable","22":"purchasable","23":"product-type-variable","24":"has-default-attributes"},"aioseo_notices":[],"_links":{"self":[{"href":"https:\/\/interiorposter.com\/cs\/wp-json\/wp\/v2\/product\/176500","targetHints":{"allow":["GET"]}}],"collection":[{"href":"https:\/\/interiorposter.com\/cs\/wp-json\/wp\/v2\/product"}],"about":[{"href":"https:\/\/interiorposter.com\/cs\/wp-json\/wp\/v2\/types\/product"}],"replies":[{"embeddable":true,"href":"https:\/\/interiorposter.com\/cs\/wp-json\/wp\/v2\/comments?post=176500"}],"wp:featuredmedia":[{"embeddable":true,"href":"https:\/\/interiorposter.com\/cs\/wp-json\/wp\/v2\/media\/165897"}],"wp:attachment":[{"href":"https:\/\/interiorposter.com\/cs\/wp-json\/wp\/v2\/media?parent=176500"}],"wp:term":[{"taxonomy":"product_brand","embeddable":true,"href":"https:\/\/interiorposter.com\/cs\/wp-json\/wp\/v2\/product_brand?post=176500"},{"taxonomy":"product_cat","embeddable":true,"href":"https:\/\/interiorposter.com\/cs\/wp-json\/wp\/v2\/product_cat?post=176500"},{"taxonomy":"product_tag","embeddable":true,"href":"https:\/\/interiorposter.com\/cs\/wp-json\/wp\/v2\/product_tag?post=176500"}],"curies":[{"name":"wp","href":"https:\/\/api.w.org\/{rel}","templated":true}]}}