{"id":176463,"date":"2026-02-21T03:35:29","date_gmt":"2026-02-21T02:35:29","guid":{"rendered":"https:\/\/interiorposter.com\/product\/obraz-wieloczesciowy-spokojne-morze-i-drewniane-falochrony\/"},"modified":"2026-02-21T03:37:08","modified_gmt":"2026-02-21T02:37:08","slug":"obraz-wieloczesciowy-spokojne-morze-i-drewniane-falochrony","status":"publish","type":"product","link":"https:\/\/interiorposter.com\/cs\/product\/obraz-wieloczesciowy-spokojne-morze-i-drewniane-falochrony\/","title":{"rendered":"V\u00edced\u00edln\u00fd obraz na pl\u00e1tn\u011b klidn\u00e9 mo\u0159e a d\u0159ev\u011bn\u00e9 vlnolamy"},"content":{"rendered":"<p>Tento v\u00edced\u00edln\u00fd obraz na pl\u00e1tn\u011b zachycuje klidn\u00e9, hladk\u00e9 mo\u0159e a \u0159adu d\u0159ev\u011bn\u00fdch vlnolam\u016f miz\u00edc\u00edch v d\u00e1lce, kter\u00e9 vytv\u00e1\u0159ej\u00ed uklid\u0148uj\u00edc\u00ed rytmus a v\u00fdraznou hloubku. Minimalistick\u00e1 kompozice dod\u00e1 interi\u00e9ru lehkost a klid, proto se skv\u011ble hod\u00ed do ob\u00fdvac\u00edho pokoje, lo\u017enice, kancel\u00e1\u0159e, p\u0159eds\u00edn\u011b, hotelu i restaurace. Barevnost je chladn\u00e1 a tlumen\u00e1: jemn\u00e9 \u0161ed\u00e9, modr\u00e9 a lehk\u00e9 tyrkysov\u00e9 t\u00f3ny, vyv\u00e1\u017een\u00e9 p\u0159\u00edrodn\u00ed hn\u011bd\u00ed d\u0159eva a kamenit\u00fdm pob\u0159e\u017e\u00edm. Elegantn\u00ed dekorace na ze\u010f, kter\u00e1 p\u0159in\u00e1\u0161\u00ed harmonii a modern\u00ed p\u0159\u00edmo\u0159skou atmosf\u00e9ru.<\/p>\n","protected":false},"excerpt":{"rendered":"<p>V\u00edced\u00edln\u00fd obraz na pl\u00e1tn\u011b s klidn\u00fdm mo\u0159em a d\u0159ev\u011bn\u00fdmi vlnolamy. Chladn\u00e9 \u0161ed\u00e9 a modr\u00e9 t\u00f3ny vytvo\u0159\u00ed minimalistick\u00fd, relaxa\u010dn\u00ed akcent.<\/p>\n","protected":false},"featured_media":166969,"comment_status":"open","ping_status":"closed","template":"","meta":[],"product_brand":[],"product_cat":[108,74,86,135,68,102,105,141,83,71,89,111],"product_tag":[186,533],"class_list":{"0":"post-176463","1":"product","2":"type-product","3":"status-publish","4":"has-post-thumbnail","6":"product_cat-fotografie","7":"product_cat-hotel-cs","8":"product_cat-kancelar","9":"product_cat-krajiny","10":"product_cat-loznice","11":"product_cat-minimalisticky","12":"product_cat-moderni","13":"product_cat-more-a-pobrezi","14":"product_cat-obyvaci-pokoj","15":"product_cat-predsin","16":"product_cat-restaurace","17":"product_cat-skandinavsky","18":"product_tag-vicebarevny","19":"product_tag-vicedilny-obraz","21":"first","22":"instock","23":"taxable","24":"shipping-taxable","25":"purchasable","26":"product-type-variable","27":"has-default-attributes"},"aioseo_notices":[],"_links":{"self":[{"href":"https:\/\/interiorposter.com\/cs\/wp-json\/wp\/v2\/product\/176463","targetHints":{"allow":["GET"]}}],"collection":[{"href":"https:\/\/interiorposter.com\/cs\/wp-json\/wp\/v2\/product"}],"about":[{"href":"https:\/\/interiorposter.com\/cs\/wp-json\/wp\/v2\/types\/product"}],"replies":[{"embeddable":true,"href":"https:\/\/interiorposter.com\/cs\/wp-json\/wp\/v2\/comments?post=176463"}],"wp:featuredmedia":[{"embeddable":true,"href":"https:\/\/interiorposter.com\/cs\/wp-json\/wp\/v2\/media\/166969"}],"wp:attachment":[{"href":"https:\/\/interiorposter.com\/cs\/wp-json\/wp\/v2\/media?parent=176463"}],"wp:term":[{"taxonomy":"product_brand","embeddable":true,"href":"https:\/\/interiorposter.com\/cs\/wp-json\/wp\/v2\/product_brand?post=176463"},{"taxonomy":"product_cat","embeddable":true,"href":"https:\/\/interiorposter.com\/cs\/wp-json\/wp\/v2\/product_cat?post=176463"},{"taxonomy":"product_tag","embeddable":true,"href":"https:\/\/interiorposter.com\/cs\/wp-json\/wp\/v2\/product_tag?post=176463"}],"curies":[{"name":"wp","href":"https:\/\/api.w.org\/{rel}","templated":true}]}}