{"id":176423,"date":"2026-02-21T03:28:39","date_gmt":"2026-02-21T02:28:39","guid":{"rendered":"https:\/\/interiorposter.com\/product\/obraz-wieloczesciowy-wieczorne-molo-pod-chmurami\/"},"modified":"2026-02-21T03:31:03","modified_gmt":"2026-02-21T02:31:03","slug":"obraz-wieloczesciowy-wieczorne-molo-pod-chmurami","status":"publish","type":"product","link":"https:\/\/interiorposter.com\/cs\/product\/obraz-wieloczesciowy-wieczorne-molo-pod-chmurami\/","title":{"rendered":"V\u00edced\u00edln\u00fd obraz na pl\u00e1tn\u011b ve\u010dern\u00ed molo pod mraky"},"content":{"rendered":"<p>Tento v\u00edced\u00edln\u00fd obraz na pl\u00e1tn\u011b zachycuje dlouh\u00e9 molo sm\u011b\u0159uj\u00edc\u00ed do klidn\u00e9 vody, osv\u011btlen\u00e9 tepl\u00fdmi lampami pod dramatickou ve\u010dern\u00ed oblohou. V\u00fdrazn\u00e1 perspektiva vtahuje pohled vp\u0159ed a dod\u00e1v\u00e1 interi\u00e9ru hloubku, proto se skv\u011ble hod\u00ed do ob\u00fdvac\u00edho pokoje, lo\u017enice, kancel\u00e1\u0159e, p\u0159eds\u00edn\u011b, hotelu i restaurace. Barevnost je tmav\u00e1 a kontrastn\u00ed: hlubok\u00e9 n\u00e1mo\u0159nick\u00e9 mod\u0159e a grafitov\u00e9 mraky s chladnou mod\u0159\u00ed vody, kter\u00e9 naru\u0161uje zlat\u00fd svit sv\u011btel a tenk\u00e1 linie z\u00e1padu. Elegantn\u00ed dekorace na ze\u010f, kter\u00e1 vytv\u00e1\u0159\u00ed klidnou atmosf\u00e9ru s modern\u00edm n\u00e1dechem.<\/p>\n","protected":false},"excerpt":{"rendered":"<p>V\u00edced\u00edln\u00fd obraz na pl\u00e1tn\u011b s ve\u010dern\u00edm molem a tepl\u00fdm sv\u011btlem lamp. Tmav\u00e1 obloha a zlat\u00e9 akcenty vytvo\u0159\u00ed v\u00fdraznou n\u00e1ladu.<\/p>\n","protected":false},"featured_media":167363,"comment_status":"open","ping_status":"closed","template":"","meta":[],"product_brand":[],"product_cat":[108,74,86,135,68,105,141,265,83,71,89],"product_tag":[271,186,533],"class_list":{"0":"post-176423","1":"product","2":"type-product","3":"status-publish","4":"has-post-thumbnail","6":"product_cat-fotografie","7":"product_cat-hotel-cs","8":"product_cat-kancelar","9":"product_cat-krajiny","10":"product_cat-loznice","11":"product_cat-moderni","12":"product_cat-more-a-pobrezi","13":"product_cat-nocni","14":"product_cat-obyvaci-pokoj","15":"product_cat-predsin","16":"product_cat-restaurace","17":"product_tag-tmave","18":"product_tag-vicebarevny","19":"product_tag-vicedilny-obraz","21":"first","22":"instock","23":"taxable","24":"shipping-taxable","25":"purchasable","26":"product-type-variable","27":"has-default-attributes"},"aioseo_notices":[],"_links":{"self":[{"href":"https:\/\/interiorposter.com\/cs\/wp-json\/wp\/v2\/product\/176423","targetHints":{"allow":["GET"]}}],"collection":[{"href":"https:\/\/interiorposter.com\/cs\/wp-json\/wp\/v2\/product"}],"about":[{"href":"https:\/\/interiorposter.com\/cs\/wp-json\/wp\/v2\/types\/product"}],"replies":[{"embeddable":true,"href":"https:\/\/interiorposter.com\/cs\/wp-json\/wp\/v2\/comments?post=176423"}],"wp:featuredmedia":[{"embeddable":true,"href":"https:\/\/interiorposter.com\/cs\/wp-json\/wp\/v2\/media\/167363"}],"wp:attachment":[{"href":"https:\/\/interiorposter.com\/cs\/wp-json\/wp\/v2\/media?parent=176423"}],"wp:term":[{"taxonomy":"product_brand","embeddable":true,"href":"https:\/\/interiorposter.com\/cs\/wp-json\/wp\/v2\/product_brand?post=176423"},{"taxonomy":"product_cat","embeddable":true,"href":"https:\/\/interiorposter.com\/cs\/wp-json\/wp\/v2\/product_cat?post=176423"},{"taxonomy":"product_tag","embeddable":true,"href":"https:\/\/interiorposter.com\/cs\/wp-json\/wp\/v2\/product_tag?post=176423"}],"curies":[{"name":"wp","href":"https:\/\/api.w.org\/{rel}","templated":true}]}}