{"id":176376,"date":"2026-02-21T02:52:13","date_gmt":"2026-02-21T01:52:13","guid":{"rendered":"https:\/\/interiorposter.com\/product\/obraz-na-plotnie-zaglowka-na-morzu-o-zachodzie-slonca\/"},"modified":"2026-02-21T02:53:55","modified_gmt":"2026-02-21T01:53:55","slug":"obraz-na-plotnie-zaglowka-na-morzu-o-zachodzie-slonca","status":"publish","type":"product","link":"https:\/\/interiorposter.com\/cs\/product\/obraz-na-plotnie-zaglowka-na-morzu-o-zachodzie-slonca\/","title":{"rendered":"Obraz na pl\u00e1tn\u011b plachetnice na mo\u0159i p\u0159i z\u00e1padu slunce"},"content":{"rendered":"<p>Tento n\u00e1ladov\u00fd obraz na pl\u00e1tn\u011b zachycuje plachetnici pluj\u00edc\u00ed po klidn\u00e9m mo\u0159i v z\u00e1\u0159i zapadaj\u00edc\u00edho slunce. Mal\u00ed\u0159sk\u00fd styl a jemn\u011b rozpt\u00fdlen\u00e9 sv\u011btlo vn\u00e1\u0161ej\u00ed do interi\u00e9ru teplo a harmonii, zat\u00edmco otev\u0159en\u00e1 obloha dod\u00e1v\u00e1 dekoraci lehkost. Skv\u011ble se hod\u00ed do ob\u00fdvac\u00edho pokoje, lo\u017enice, kancel\u00e1\u0159e, p\u0159eds\u00edn\u011b, hotelu i restaurace. Barevnost je sv\u011btl\u00e1, tepl\u00e1 a pastelov\u00e1, s kr\u00e9movou b\u00e9\u017eovou, medov\u011b oran\u017eovou a n\u011b\u017enou mod\u0159\u00ed mo\u0159e. Elegantn\u00ed obraz, kter\u00fd navozuje relax a chu\u0165 cestovat.<\/p>\n","protected":false},"excerpt":{"rendered":"<p>Mal\u00ed\u0159sk\u00fd obraz na pl\u00e1tn\u011b s plachetnic\u00ed na klidn\u00e9m mo\u0159i. Sv\u011btl\u00e9 pastelov\u00e9 b\u00e9\u017eov\u00e9 a zlat\u00e9 t\u00f3ny vytv\u00e1\u0159ej\u00ed h\u0159ejivou atmosf\u00e9ru.<\/p>\n","protected":false},"featured_media":158786,"comment_status":"open","ping_status":"closed","template":"","meta":[],"product_brand":[],"product_cat":[74,86,65,135,80,68,297,141,83,71,89,111,268],"product_tag":[702,277,274,186],"class_list":{"0":"post-176376","1":"product","2":"type-product","3":"status-publish","4":"has-post-thumbnail","6":"product_cat-hotel-cs","7":"product_cat-kancelar","8":"product_cat-koupelna","9":"product_cat-krajiny","10":"product_cat-kuchyne","11":"product_cat-loznice","12":"product_cat-malirsky","13":"product_cat-more-a-pobrezi","14":"product_cat-obyvaci-pokoj","15":"product_cat-predsin","16":"product_cat-restaurace","17":"product_cat-skandinavsky","18":"product_cat-vozidla","19":"product_tag-horizontalni","20":"product_tag-pastelove","21":"product_tag-svetle","22":"product_tag-vicebarevny","24":"first","25":"instock","26":"taxable","27":"shipping-taxable","28":"purchasable","29":"product-type-variable","30":"has-default-attributes"},"aioseo_notices":[],"_links":{"self":[{"href":"https:\/\/interiorposter.com\/cs\/wp-json\/wp\/v2\/product\/176376","targetHints":{"allow":["GET"]}}],"collection":[{"href":"https:\/\/interiorposter.com\/cs\/wp-json\/wp\/v2\/product"}],"about":[{"href":"https:\/\/interiorposter.com\/cs\/wp-json\/wp\/v2\/types\/product"}],"replies":[{"embeddable":true,"href":"https:\/\/interiorposter.com\/cs\/wp-json\/wp\/v2\/comments?post=176376"}],"wp:featuredmedia":[{"embeddable":true,"href":"https:\/\/interiorposter.com\/cs\/wp-json\/wp\/v2\/media\/158786"}],"wp:attachment":[{"href":"https:\/\/interiorposter.com\/cs\/wp-json\/wp\/v2\/media?parent=176376"}],"wp:term":[{"taxonomy":"product_brand","embeddable":true,"href":"https:\/\/interiorposter.com\/cs\/wp-json\/wp\/v2\/product_brand?post=176376"},{"taxonomy":"product_cat","embeddable":true,"href":"https:\/\/interiorposter.com\/cs\/wp-json\/wp\/v2\/product_cat?post=176376"},{"taxonomy":"product_tag","embeddable":true,"href":"https:\/\/interiorposter.com\/cs\/wp-json\/wp\/v2\/product_tag?post=176376"}],"curies":[{"name":"wp","href":"https:\/\/api.w.org\/{rel}","templated":true}]}}