{"id":176337,"date":"2026-02-21T02:35:02","date_gmt":"2026-02-21T01:35:02","guid":{"rendered":"https:\/\/interiorposter.com\/product\/obraz-wieloczesciowy-molo-na-morzu-o-zachodzie-slonca\/"},"modified":"2026-02-21T02:36:26","modified_gmt":"2026-02-21T01:36:26","slug":"obraz-wieloczesciowy-molo-na-morzu-o-zachodzie-slonca","status":"publish","type":"product","link":"https:\/\/interiorposter.com\/cs\/product\/obraz-wieloczesciowy-molo-na-morzu-o-zachodzie-slonca\/","title":{"rendered":"V\u00edced\u00edln\u00fd obraz na pl\u00e1tn\u011b molo u mo\u0159e p\u0159i z\u00e1padu slunce"},"content":{"rendered":"<p>Tento v\u00edced\u00edln\u00fd obraz na pl\u00e1tn\u011b v\u00e1s p\u0159enese na klidn\u00e9 pob\u0159e\u017e\u00ed, kde d\u0159ev\u011bn\u00e9 molo vede p\u0159\u00edmo k mo\u0159i a zapadaj\u00edc\u00edmu slunci. V\u00fdrazn\u00e1 perspektiva vtahuje pohled do hloubky a opticky dod\u00e1v\u00e1 prostoru v\u00edce vzdu\u0161nosti, proto se skv\u011ble hod\u00ed do ob\u00fdvac\u00edho pokoje, lo\u017enice, p\u0159eds\u00edn\u011b, kancel\u00e1\u0159e, hotelu i restaurace. Barevnost je tepl\u00e1 a pastelov\u00e1, s jemn\u00fdmi oran\u017eov\u00fdmi a r\u016f\u017eov\u00fdmi t\u00f3ny na obloze a chladnou mod\u0159\u00ed mo\u0159e, dopln\u011bn\u00e1 p\u00edskovou b\u00e9\u017eovou a zelen\u00ed dun. Je to elegantn\u00ed dekorace na ze\u010f, kter\u00e1 vytv\u00e1\u0159\u00ed atmosf\u00e9ru relaxu a lehkosti.<\/p>\n","protected":false},"excerpt":{"rendered":"<p>V\u00edced\u00edln\u00fd obraz na pl\u00e1tn\u011b s molem, mo\u0159em a z\u00e1padem slunce. Tepl\u00e9 pastelov\u00e9 t\u00f3ny a mod\u0159 mo\u0159e zklidn\u00ed interi\u00e9r.<\/p>\n","protected":false},"featured_media":167849,"comment_status":"open","ping_status":"closed","template":"","meta":[],"product_brand":[],"product_cat":[108,74,86,135,68,141,83,71,89,111],"product_tag":[186,533],"class_list":{"0":"post-176337","1":"product","2":"type-product","3":"status-publish","4":"has-post-thumbnail","6":"product_cat-fotografie","7":"product_cat-hotel-cs","8":"product_cat-kancelar","9":"product_cat-krajiny","10":"product_cat-loznice","11":"product_cat-more-a-pobrezi","12":"product_cat-obyvaci-pokoj","13":"product_cat-predsin","14":"product_cat-restaurace","15":"product_cat-skandinavsky","16":"product_tag-vicebarevny","17":"product_tag-vicedilny-obraz","19":"first","20":"instock","21":"taxable","22":"shipping-taxable","23":"purchasable","24":"product-type-variable","25":"has-default-attributes"},"aioseo_notices":[],"_links":{"self":[{"href":"https:\/\/interiorposter.com\/cs\/wp-json\/wp\/v2\/product\/176337","targetHints":{"allow":["GET"]}}],"collection":[{"href":"https:\/\/interiorposter.com\/cs\/wp-json\/wp\/v2\/product"}],"about":[{"href":"https:\/\/interiorposter.com\/cs\/wp-json\/wp\/v2\/types\/product"}],"replies":[{"embeddable":true,"href":"https:\/\/interiorposter.com\/cs\/wp-json\/wp\/v2\/comments?post=176337"}],"wp:featuredmedia":[{"embeddable":true,"href":"https:\/\/interiorposter.com\/cs\/wp-json\/wp\/v2\/media\/167849"}],"wp:attachment":[{"href":"https:\/\/interiorposter.com\/cs\/wp-json\/wp\/v2\/media?parent=176337"}],"wp:term":[{"taxonomy":"product_brand","embeddable":true,"href":"https:\/\/interiorposter.com\/cs\/wp-json\/wp\/v2\/product_brand?post=176337"},{"taxonomy":"product_cat","embeddable":true,"href":"https:\/\/interiorposter.com\/cs\/wp-json\/wp\/v2\/product_cat?post=176337"},{"taxonomy":"product_tag","embeddable":true,"href":"https:\/\/interiorposter.com\/cs\/wp-json\/wp\/v2\/product_tag?post=176337"}],"curies":[{"name":"wp","href":"https:\/\/api.w.org\/{rel}","templated":true}]}}