{"id":147750,"date":"2026-02-17T05:07:39","date_gmt":"2026-02-17T04:07:39","guid":{"rendered":"https:\/\/interiorposter.com\/product\/obraz-na-plotnie-kolorowe-parasole-w-deszczu\/"},"modified":"2026-02-17T05:09:33","modified_gmt":"2026-02-17T04:09:33","slug":"obraz-na-plotnie-kolorowe-parasole-w-deszczu","status":"publish","type":"product","link":"https:\/\/interiorposter.com\/cs\/product\/obraz-na-plotnie-kolorowe-parasole-w-deszczu\/","title":{"rendered":"Obraz na pl\u00e1tn\u011b barevn\u00e9 de\u0161tn\u00edky v de\u0161ti"},"content":{"rendered":"<p>Tento obraz na pl\u00e1tn\u011b vnese do interi\u00e9ru energii m\u011bsta a radostn\u00fd barevn\u00fd akcent. Dav s de\u0161tn\u00edky zachycen\u00fd v de\u0161ti vytv\u00e1\u0159\u00ed dynamickou sc\u00e9nu, kter\u00e1 prostor o\u017eiv\u00ed a p\u0159it\u00e1hne pozornost. Styl je modern\u00ed a mal\u00ed\u0159sk\u00fd s v\u00fdrazn\u00fdm expresivn\u00edm pojet\u00edm a siln\u00fdm pocitem pohybu. Barevnost je intenzivn\u00ed a kontrastn\u00ed, dominuj\u00ed \u017elut\u00e9, tyrkysov\u00e9, \u010derven\u00e9, zelen\u00e9 a modr\u00e9 t\u00f3ny na pozad\u00ed mokr\u00e9 ulice. Skv\u011ble se hod\u00ed jako dekorace na st\u011bnu do ob\u00fdv\u00e1ku, dom\u00e1c\u00ed kancel\u00e1\u0159e i p\u0159eds\u00edn\u011b. Vynikne tak\u00e9 v hotelu nebo restauraci, kde m\u00e1 vytv\u00e1\u0159et atmosf\u00e9ru a dodat prostoru charakter. Skv\u011bl\u00e1 volba, pokud chcete obraz, kter\u00fd zlep\u0161\u00ed n\u00e1ladu ka\u017ed\u00fd den.<\/p>\n","protected":false},"excerpt":{"rendered":"<p>Obraz na pl\u00e1tn\u011b s barevn\u00fdmi de\u0161tn\u00edky v de\u0161ti. V\u00fdrazn\u00e9 barvy a mal\u00ed\u0159sk\u00fd styl rozz\u00e1\u0159\u00ed ob\u00fdv\u00e1k, kancel\u00e1\u0159 i p\u0159eds\u00ed\u0148.<\/p>\n","protected":false},"featured_media":147747,"comment_status":"open","ping_status":"closed","template":"","meta":[],"product_brand":[],"product_cat":[95,74,86,207,303,297,120,105,83,71,89],"product_tag":[702,186],"class_list":{"0":"post-147750","1":"product","2":"type-product","3":"status-publish","4":"has-post-thumbnail","6":"product_cat-abstraktni","7":"product_cat-hotel-cs","8":"product_cat-kancelar","9":"product_cat-konceptualni-umeni","10":"product_cat-lide","11":"product_cat-malirsky","12":"product_cat-mesta-a-mosty","13":"product_cat-moderni","14":"product_cat-obyvaci-pokoj","15":"product_cat-predsin","16":"product_cat-restaurace","17":"product_tag-horizontalni","18":"product_tag-vicebarevny","20":"first","21":"instock","22":"taxable","23":"shipping-taxable","24":"purchasable","25":"product-type-variable","26":"has-default-attributes"},"aioseo_notices":[],"_links":{"self":[{"href":"https:\/\/interiorposter.com\/cs\/wp-json\/wp\/v2\/product\/147750","targetHints":{"allow":["GET"]}}],"collection":[{"href":"https:\/\/interiorposter.com\/cs\/wp-json\/wp\/v2\/product"}],"about":[{"href":"https:\/\/interiorposter.com\/cs\/wp-json\/wp\/v2\/types\/product"}],"replies":[{"embeddable":true,"href":"https:\/\/interiorposter.com\/cs\/wp-json\/wp\/v2\/comments?post=147750"}],"wp:featuredmedia":[{"embeddable":true,"href":"https:\/\/interiorposter.com\/cs\/wp-json\/wp\/v2\/media\/147747"}],"wp:attachment":[{"href":"https:\/\/interiorposter.com\/cs\/wp-json\/wp\/v2\/media?parent=147750"}],"wp:term":[{"taxonomy":"product_brand","embeddable":true,"href":"https:\/\/interiorposter.com\/cs\/wp-json\/wp\/v2\/product_brand?post=147750"},{"taxonomy":"product_cat","embeddable":true,"href":"https:\/\/interiorposter.com\/cs\/wp-json\/wp\/v2\/product_cat?post=147750"},{"taxonomy":"product_tag","embeddable":true,"href":"https:\/\/interiorposter.com\/cs\/wp-json\/wp\/v2\/product_tag?post=147750"}],"curies":[{"name":"wp","href":"https:\/\/api.w.org\/{rel}","templated":true}]}}