{"id":147698,"date":"2026-02-17T04:48:45","date_gmt":"2026-02-17T03:48:45","guid":{"rendered":"https:\/\/interiorposter.com\/product\/obraz-na-plotnie-biale-konie-nad-morzem-o-zachodzie\/"},"modified":"2026-02-17T04:50:26","modified_gmt":"2026-02-17T03:50:26","slug":"obraz-na-plotnie-biale-konie-nad-morzem-o-zachodzie","status":"publish","type":"product","link":"https:\/\/interiorposter.com\/cs\/product\/obraz-na-plotnie-biale-konie-nad-morzem-o-zachodzie\/","title":{"rendered":"Obraz na pl\u00e1tn\u011b b\u00edl\u00ed kon\u011b u mo\u0159e p\u0159i z\u00e1padu slunce"},"content":{"rendered":"<p>Tento obraz na pl\u00e1tn\u011b okouzl\u00ed energi\u00ed a p\u0159\u00edrodn\u00ed kr\u00e1sou. B\u00edl\u00ed kon\u011b cv\u00e1laj\u00edc\u00ed v m\u011blk\u00e9 vod\u011b vytv\u00e1\u0159ej\u00ed dynamickou sc\u00e9nu, kter\u00e1 okam\u017eit\u011b o\u017eiv\u00ed interi\u00e9r a dod\u00e1 mu pocit prostoru. Fotografick\u00fd styl spojuje eleganci s divokou svobodou a skv\u011ble se hod\u00ed do modern\u00edch aran\u017em\u00e1 i interi\u00e9r\u016f inspirovan\u00fdch p\u0159\u00edrodou. Barevnost je tepl\u00e1 a z\u00e1\u0159iv\u00e1, s t\u00f3ny zlata a broskvov\u00e9 oblohy, vyv\u00e1\u017een\u00fdmi chladnou mod\u0159\u00ed mo\u0159e a jasnou b\u011blost\u00ed siluet. Je to ide\u00e1ln\u00ed dekorace na st\u011bnu do ob\u00fdv\u00e1ku, lo\u017enice, dom\u00e1c\u00ed kancel\u00e1\u0159e i p\u0159eds\u00edn\u011b. Vynikne tak\u00e9 v hotelu nebo restauraci, kde m\u00e1 ud\u011blat dojem. Skv\u011bl\u00e1 volba, pokud hled\u00e1te obraz, kter\u00fd p\u0159itahuje pohledy a probouz\u00ed emoce.<\/p>\n","protected":false},"excerpt":{"rendered":"<p>Obraz na pl\u00e1tn\u011b s b\u00edl\u00fdmi ko\u0148mi cv\u00e1laj\u00edc\u00edmi ve vod\u011b. Tepl\u00fd z\u00e1pad slunce a modr\u00e9 mo\u0159e vytvo\u0159\u00ed v\u00fdraznou dekoraci do ob\u00fdv\u00e1ku.<\/p>\n","protected":false},"featured_media":58227,"comment_status":"open","ping_status":"closed","template":"","meta":[],"product_brand":[],"product_cat":[108,74,86,135,68,141,83,71,89,254],"product_tag":[702,186],"class_list":{"0":"post-147698","1":"product","2":"type-product","3":"status-publish","4":"has-post-thumbnail","6":"product_cat-fotografie","7":"product_cat-hotel-cs","8":"product_cat-kancelar","9":"product_cat-krajiny","10":"product_cat-loznice","11":"product_cat-more-a-pobrezi","12":"product_cat-obyvaci-pokoj","13":"product_cat-predsin","14":"product_cat-restaurace","15":"product_cat-zvirata-a-priroda","16":"product_tag-horizontalni","17":"product_tag-vicebarevny","19":"first","20":"instock","21":"taxable","22":"shipping-taxable","23":"purchasable","24":"product-type-variable","25":"has-default-attributes"},"aioseo_notices":[],"_links":{"self":[{"href":"https:\/\/interiorposter.com\/cs\/wp-json\/wp\/v2\/product\/147698","targetHints":{"allow":["GET"]}}],"collection":[{"href":"https:\/\/interiorposter.com\/cs\/wp-json\/wp\/v2\/product"}],"about":[{"href":"https:\/\/interiorposter.com\/cs\/wp-json\/wp\/v2\/types\/product"}],"replies":[{"embeddable":true,"href":"https:\/\/interiorposter.com\/cs\/wp-json\/wp\/v2\/comments?post=147698"}],"wp:featuredmedia":[{"embeddable":true,"href":"https:\/\/interiorposter.com\/cs\/wp-json\/wp\/v2\/media\/58227"}],"wp:attachment":[{"href":"https:\/\/interiorposter.com\/cs\/wp-json\/wp\/v2\/media?parent=147698"}],"wp:term":[{"taxonomy":"product_brand","embeddable":true,"href":"https:\/\/interiorposter.com\/cs\/wp-json\/wp\/v2\/product_brand?post=147698"},{"taxonomy":"product_cat","embeddable":true,"href":"https:\/\/interiorposter.com\/cs\/wp-json\/wp\/v2\/product_cat?post=147698"},{"taxonomy":"product_tag","embeddable":true,"href":"https:\/\/interiorposter.com\/cs\/wp-json\/wp\/v2\/product_tag?post=147698"}],"curies":[{"name":"wp","href":"https:\/\/api.w.org\/{rel}","templated":true}]}}