{"id":147556,"date":"2026-02-17T04:10:17","date_gmt":"2026-02-17T03:10:17","guid":{"rendered":"https:\/\/interiorposter.com\/product\/obraz-na-plotnie-retro-auto-przy-palmach-nad-morzem\/"},"modified":"2026-02-17T04:12:06","modified_gmt":"2026-02-17T03:12:06","slug":"obraz-na-plotnie-retro-auto-przy-palmach-nad-morzem","status":"publish","type":"product","link":"https:\/\/interiorposter.com\/cs\/product\/obraz-na-plotnie-retro-auto-przy-palmach-nad-morzem\/","title":{"rendered":"Obraz na pl\u00e1tn\u011b retro auto u palem u mo\u0159e"},"content":{"rendered":"<p>Tento obraz na pl\u00e1tn\u011b v\u00e1s p\u0159enese p\u0159\u00edmo na slunn\u00e9 pob\u0159e\u017e\u00ed a vnese do prostoru pocit svobody. Tyrkysov\u00e9 retro auto na pozad\u00ed modr\u00e9 oblohy a klidn\u00e9ho mo\u0159e vytv\u00e1\u0159\u00ed sc\u00e9nu plnou pohody, energie a pr\u00e1zdninov\u00fdch vzpom\u00ednek. Styl p\u016fsob\u00ed lehce vintage s filmovou atmosf\u00e9rou a v\u00fdrazn\u00fdm cestovatelsk\u00fdm akcentem, d\u00edky \u010demu\u017e skv\u011ble o\u017eiv\u00ed modern\u00ed interi\u00e9ry. Barevnost je sv\u011btl\u00e1 a sv\u011b\u017e\u00ed, dominuje tyrkysov\u00e1 a modr\u00e1 dopln\u011bn\u00e1 tepl\u00fdmi p\u00edskov\u00fdmi t\u00f3ny. Hod\u00ed se jako dekorace na st\u011bnu do ob\u00fdv\u00e1ku, dom\u00e1c\u00ed kancel\u00e1\u0159e i p\u0159eds\u00edn\u011b. Skv\u011ble zapadne tak\u00e9 do hotelu nebo restaurace, kde je d\u016fle\u017eit\u00fd charakter a pozitivn\u00ed n\u00e1lada. Ide\u00e1ln\u00ed volba, pokud chcete v\u00fdrazn\u00fd motiv, kter\u00fd p\u0159it\u00e1hne pohledy.<\/p>\n","protected":false},"excerpt":{"rendered":"<p>Obraz na pl\u00e1tn\u011b s tyrkysov\u00fdm retro autem u mo\u0159e. Sv\u011btl\u00e9 modr\u00e9 a p\u00edskov\u00e9 t\u00f3ny dodaj\u00ed interi\u00e9ru pr\u00e1zdninovou energii a lehkost.<\/p>\n","protected":false},"featured_media":147553,"comment_status":"open","ping_status":"closed","template":"","meta":[],"product_brand":[],"product_cat":[108,74,86,135,102,141,83,71,89,268],"product_tag":[702,186],"class_list":{"0":"post-147556","1":"product","2":"type-product","3":"status-publish","4":"has-post-thumbnail","6":"product_cat-fotografie","7":"product_cat-hotel-cs","8":"product_cat-kancelar","9":"product_cat-krajiny","10":"product_cat-minimalisticky","11":"product_cat-more-a-pobrezi","12":"product_cat-obyvaci-pokoj","13":"product_cat-predsin","14":"product_cat-restaurace","15":"product_cat-vozidla","16":"product_tag-horizontalni","17":"product_tag-vicebarevny","19":"first","20":"instock","21":"taxable","22":"shipping-taxable","23":"purchasable","24":"product-type-variable","25":"has-default-attributes"},"aioseo_notices":[],"_links":{"self":[{"href":"https:\/\/interiorposter.com\/cs\/wp-json\/wp\/v2\/product\/147556","targetHints":{"allow":["GET"]}}],"collection":[{"href":"https:\/\/interiorposter.com\/cs\/wp-json\/wp\/v2\/product"}],"about":[{"href":"https:\/\/interiorposter.com\/cs\/wp-json\/wp\/v2\/types\/product"}],"replies":[{"embeddable":true,"href":"https:\/\/interiorposter.com\/cs\/wp-json\/wp\/v2\/comments?post=147556"}],"wp:featuredmedia":[{"embeddable":true,"href":"https:\/\/interiorposter.com\/cs\/wp-json\/wp\/v2\/media\/147553"}],"wp:attachment":[{"href":"https:\/\/interiorposter.com\/cs\/wp-json\/wp\/v2\/media?parent=147556"}],"wp:term":[{"taxonomy":"product_brand","embeddable":true,"href":"https:\/\/interiorposter.com\/cs\/wp-json\/wp\/v2\/product_brand?post=147556"},{"taxonomy":"product_cat","embeddable":true,"href":"https:\/\/interiorposter.com\/cs\/wp-json\/wp\/v2\/product_cat?post=147556"},{"taxonomy":"product_tag","embeddable":true,"href":"https:\/\/interiorposter.com\/cs\/wp-json\/wp\/v2\/product_tag?post=147556"}],"curies":[{"name":"wp","href":"https:\/\/api.w.org\/{rel}","templated":true}]}}