{"id":147464,"date":"2026-02-17T03:37:06","date_gmt":"2026-02-17T02:37:06","guid":{"rendered":"https:\/\/interiorposter.com\/product\/obraz-na-plotnie-uroczy-kociak-w-pastelach-do-salonu\/"},"modified":"2026-02-17T03:39:54","modified_gmt":"2026-02-17T02:39:54","slug":"obraz-na-plotnie-uroczy-kociak-w-pastelach-do-salonu","status":"publish","type":"product","link":"https:\/\/interiorposter.com\/cs\/product\/obraz-na-plotnie-uroczy-kociak-w-pastelach-do-salonu\/","title":{"rendered":"Obraz na pl\u00e1tn\u011b roztomil\u00e9 kot\u011b v pastelov\u00fdch barv\u00e1ch do ob\u00fdv\u00e1ku"},"content":{"rendered":"<p>Tento obraz na pl\u00e1tn\u011b s kot\u011btem vnese do interi\u00e9ru klid a teplo. Jemn\u00e1 kompozice, m\u011bkk\u00e1 srst a jasn\u00e9 modr\u00e9 o\u010di vytv\u00e1\u0159ej\u00ed \u00fatulnou atmosf\u00e9ru, kterou si hned zamilujete. Pastelov\u00e1 paleta pudrov\u011b r\u016f\u017eov\u00e9, b\u00e9\u017eov\u00e9, b\u00edl\u00e9 a \u0161ed\u00e9 prostor kr\u00e1sn\u011b prosv\u011btl\u00ed a skv\u011ble se hod\u00ed k sv\u011btl\u00e9mu skandin\u00e1vsk\u00e9mu stylu. Skv\u011ble vynikne jako dekorace na st\u011bnu do ob\u00fdv\u00e1ku, lo\u017enice, p\u0159eds\u00edn\u011b nebo dom\u00e1c\u00ed kancel\u00e1\u0159e. Hod\u00ed se tak\u00e9 do hotelu nebo \u00fatuln\u00e9 restaurace. Je to ide\u00e1ln\u00ed volba, kdy\u017e chcete dodat prostoru lehkost a pozitivn\u00ed n\u00e1ladu.<\/p>\n","protected":false},"excerpt":{"rendered":"<p>Obraz na pl\u00e1tn\u011b s roztomil\u00fdm kot\u011btem v pastelov\u00fdch t\u00f3nech. Pudrov\u00e1 r\u016f\u017eov\u00e1, b\u00e9\u017eov\u00e1 a \u0161ed\u00e1 zjemn\u00ed ob\u00fdv\u00e1k nebo lo\u017enici a p\u0159id\u00e1 teplo.<\/p>\n","protected":false},"featured_media":147461,"comment_status":"open","ping_status":"closed","template":"","meta":[],"product_brand":[],"product_cat":[108,74,86,80,68,138,105,83,71,89,111,254],"product_tag":[702,277,186],"class_list":{"0":"post-147464","1":"product","2":"type-product","3":"status-publish","4":"has-post-thumbnail","6":"product_cat-fotografie","7":"product_cat-hotel-cs","8":"product_cat-kancelar","9":"product_cat-kuchyne","10":"product_cat-loznice","11":"product_cat-makro","12":"product_cat-moderni","13":"product_cat-obyvaci-pokoj","14":"product_cat-predsin","15":"product_cat-restaurace","16":"product_cat-skandinavsky","17":"product_cat-zvirata-a-priroda","18":"product_tag-horizontalni","19":"product_tag-pastelove","20":"product_tag-vicebarevny","22":"first","23":"instock","24":"taxable","25":"shipping-taxable","26":"purchasable","27":"product-type-variable","28":"has-default-attributes"},"aioseo_notices":[],"_links":{"self":[{"href":"https:\/\/interiorposter.com\/cs\/wp-json\/wp\/v2\/product\/147464","targetHints":{"allow":["GET"]}}],"collection":[{"href":"https:\/\/interiorposter.com\/cs\/wp-json\/wp\/v2\/product"}],"about":[{"href":"https:\/\/interiorposter.com\/cs\/wp-json\/wp\/v2\/types\/product"}],"replies":[{"embeddable":true,"href":"https:\/\/interiorposter.com\/cs\/wp-json\/wp\/v2\/comments?post=147464"}],"wp:featuredmedia":[{"embeddable":true,"href":"https:\/\/interiorposter.com\/cs\/wp-json\/wp\/v2\/media\/147461"}],"wp:attachment":[{"href":"https:\/\/interiorposter.com\/cs\/wp-json\/wp\/v2\/media?parent=147464"}],"wp:term":[{"taxonomy":"product_brand","embeddable":true,"href":"https:\/\/interiorposter.com\/cs\/wp-json\/wp\/v2\/product_brand?post=147464"},{"taxonomy":"product_cat","embeddable":true,"href":"https:\/\/interiorposter.com\/cs\/wp-json\/wp\/v2\/product_cat?post=147464"},{"taxonomy":"product_tag","embeddable":true,"href":"https:\/\/interiorposter.com\/cs\/wp-json\/wp\/v2\/product_tag?post=147464"}],"curies":[{"name":"wp","href":"https:\/\/api.w.org\/{rel}","templated":true}]}}