{"id":147231,"date":"2025-06-23T05:01:01","date_gmt":"2025-06-23T03:01:01","guid":{"rendered":"https:\/\/interiorposter.com\/product\/obraz-na-plotnie-zloty-zachod-slonca-nad-spokojnym-morzem\/"},"modified":"2026-02-08T04:19:36","modified_gmt":"2026-02-08T03:19:36","slug":"obraz-na-plotnie-zloty-zachod-slonca-nad-spokojnym-morzem","status":"publish","type":"product","link":"https:\/\/interiorposter.com\/cs\/product\/obraz-na-plotnie-zloty-zachod-slonca-nad-spokojnym-morzem\/","title":{"rendered":"Obraz na pl\u00e1tne Zlat\u00fd z\u00e1pad slunce nad klidn\u00fdm mo\u0159em"},"content":{"rendered":"<p>Vneste do interi\u00e9ru teplo a klid konce dne: zlat\u00e9 slunce kles\u00e1 k obzoru a jeho odlesk na hladin\u011b vytv\u00e1\u0159\u00ed uklid\u0148uj\u00edc\u00ed sv\u011btelnou stezku. V pop\u0159ed\u00ed sv\u011btl\u00fd p\u00edsek a p\u0159\u00edrodn\u00ed, socha\u0159sky p\u016fsob\u00edc\u00ed naplaven\u00e9 d\u0159evo dod\u00e1vaj\u00ed sc\u00e9n\u011b charakter i dovolenkovou volnost. Tento obraz na pl\u00e1tne rozz\u00e1\u0159\u00ed st\u011bnu a vytvo\u0159\u00ed relaxa\u010dn\u00ed atmosf\u00e9ru, ide\u00e1ln\u00ed pro odpo\u010dinek. Tepl\u00e1 paleta zlat\u00e9, oran\u017eov\u00e9 a b\u00e9\u017eov\u00e9 v kombinaci s chladn\u011bj\u0161\u00edmi modr\u00fdmi t\u00f3ny vody se skv\u011ble hod\u00ed do ob\u00fdvac\u00edho pokoje, lo\u017enice, kancel\u00e1\u0159e, hotelu, restaurace nebo p\u0159eds\u00edn\u011b jako elegantn\u00ed obraz na ze\u010f s mo\u0159sk\u00fdm motivem.<\/p>\n","protected":false},"excerpt":{"rendered":"<p>Obraz na pl\u00e1tne s pl\u00e1\u017e\u00ed a zlat\u00fdm z\u00e1padem slunce nad mo\u0159em. Tepl\u00e9 oran\u017eov\u00e9 a b\u00e9\u017eov\u00e9 t\u00f3ny vytv\u00e1\u0159ej\u00ed \u00fatulnou dovolenkovou n\u00e1ladu.<\/p>\n","protected":false},"featured_media":147216,"comment_status":"open","ping_status":"closed","template":"","meta":[],"product_brand":[],"product_cat":[108,74,86,65,135,80,68,141,83,71,89,111],"product_tag":[702,186],"class_list":{"0":"post-147231","1":"product","2":"type-product","3":"status-publish","4":"has-post-thumbnail","6":"product_cat-fotografie","7":"product_cat-hotel-cs","8":"product_cat-kancelar","9":"product_cat-koupelna","10":"product_cat-krajiny","11":"product_cat-kuchyne","12":"product_cat-loznice","13":"product_cat-more-a-pobrezi","14":"product_cat-obyvaci-pokoj","15":"product_cat-predsin","16":"product_cat-restaurace","17":"product_cat-skandinavsky","18":"product_tag-horizontalni","19":"product_tag-vicebarevny","21":"first","22":"instock","23":"taxable","24":"shipping-taxable","25":"purchasable","26":"product-type-variable","27":"has-default-attributes"},"aioseo_notices":[],"_links":{"self":[{"href":"https:\/\/interiorposter.com\/cs\/wp-json\/wp\/v2\/product\/147231","targetHints":{"allow":["GET"]}}],"collection":[{"href":"https:\/\/interiorposter.com\/cs\/wp-json\/wp\/v2\/product"}],"about":[{"href":"https:\/\/interiorposter.com\/cs\/wp-json\/wp\/v2\/types\/product"}],"replies":[{"embeddable":true,"href":"https:\/\/interiorposter.com\/cs\/wp-json\/wp\/v2\/comments?post=147231"}],"wp:featuredmedia":[{"embeddable":true,"href":"https:\/\/interiorposter.com\/cs\/wp-json\/wp\/v2\/media\/147216"}],"wp:attachment":[{"href":"https:\/\/interiorposter.com\/cs\/wp-json\/wp\/v2\/media?parent=147231"}],"wp:term":[{"taxonomy":"product_brand","embeddable":true,"href":"https:\/\/interiorposter.com\/cs\/wp-json\/wp\/v2\/product_brand?post=147231"},{"taxonomy":"product_cat","embeddable":true,"href":"https:\/\/interiorposter.com\/cs\/wp-json\/wp\/v2\/product_cat?post=147231"},{"taxonomy":"product_tag","embeddable":true,"href":"https:\/\/interiorposter.com\/cs\/wp-json\/wp\/v2\/product_tag?post=147231"}],"curies":[{"name":"wp","href":"https:\/\/api.w.org\/{rel}","templated":true}]}}