{"id":147163,"date":"2025-06-23T05:05:04","date_gmt":"2025-06-23T03:05:04","guid":{"rendered":"https:\/\/interiorposter.com\/product\/obraz-na-plotnie-nocne-morze-w-blasku-ksiezyca\/"},"modified":"2026-02-08T04:07:23","modified_gmt":"2026-02-08T03:07:23","slug":"obraz-na-plotnie-nocne-morze-w-blasku-ksiezyca","status":"publish","type":"product","link":"https:\/\/interiorposter.com\/cs\/product\/obraz-na-plotnie-nocne-morze-w-blasku-ksiezyca\/","title":{"rendered":"Obraz na pl\u00e1tne No\u010dn\u00ed mo\u0159e v m\u011bs\u00ed\u010dn\u00edm svitu"},"content":{"rendered":"<p>Vneste do interi\u00e9ru tajemn\u00fd klid noci: m\u011bs\u00edc pronik\u00e1 skrz mraky a na vln\u00e1ch vytv\u00e1\u0159\u00ed z\u00e1\u0159ivou cestu, kter\u00e1 vede pohled do hloubky obrazu. Tento obraz na pl\u00e1tne ve mal\u00ed\u0159sk\u00e9m stylu okouzl\u00ed pohybem vody i atmosf\u00e9rou plnou emoc\u00ed a vytvo\u0159\u00ed elegantn\u00ed dominantu na st\u011bn\u011b. Tmav\u00e1 paleta n\u00e1mo\u0159nick\u00e9 mod\u0159i a hlubok\u00fdch modr\u00fdch t\u00f3n\u016f s tyrkysov\u00fdmi odlesky a b\u00edlou p\u011bnou kr\u00e1sn\u011b zv\u00fdrazn\u00ed sv\u011btlo a dod\u00e1 prostoru hloubku. Ide\u00e1ln\u00ed jako obraz do ob\u00fdvac\u00edho pokoje, lo\u017enice, kancel\u00e1\u0159e, hotelu, restaurace nebo p\u0159eds\u00edn\u011b, pokud hled\u00e1te modern\u00ed obrazy na ze\u010f s mo\u0159sk\u00fdm motivem.<\/p>\n","protected":false},"excerpt":{"rendered":"<p>Obraz na pl\u00e1tne ve mal\u00ed\u0159sk\u00e9m stylu s no\u010dn\u00edm mo\u0159em a m\u011bs\u00ed\u010dn\u00edm svitem. N\u00e1mo\u0159nick\u00e1 mod\u0159, tyrkys a b\u00edl\u00e1 p\u011bna vytv\u00e1\u0159ej\u00ed n\u00e1ladovou hloubku.<\/p>\n","protected":false},"featured_media":147132,"comment_status":"open","ping_status":"closed","template":"","meta":[],"product_brand":[],"product_cat":[74,86,135,68,297,141,265,83,71,89],"product_tag":[702,271,186],"class_list":{"0":"post-147163","1":"product","2":"type-product","3":"status-publish","4":"has-post-thumbnail","6":"product_cat-hotel-cs","7":"product_cat-kancelar","8":"product_cat-krajiny","9":"product_cat-loznice","10":"product_cat-malirsky","11":"product_cat-more-a-pobrezi","12":"product_cat-nocni","13":"product_cat-obyvaci-pokoj","14":"product_cat-predsin","15":"product_cat-restaurace","16":"product_tag-horizontalni","17":"product_tag-tmave","18":"product_tag-vicebarevny","20":"first","21":"instock","22":"taxable","23":"shipping-taxable","24":"purchasable","25":"product-type-variable","26":"has-default-attributes"},"aioseo_notices":[],"_links":{"self":[{"href":"https:\/\/interiorposter.com\/cs\/wp-json\/wp\/v2\/product\/147163","targetHints":{"allow":["GET"]}}],"collection":[{"href":"https:\/\/interiorposter.com\/cs\/wp-json\/wp\/v2\/product"}],"about":[{"href":"https:\/\/interiorposter.com\/cs\/wp-json\/wp\/v2\/types\/product"}],"replies":[{"embeddable":true,"href":"https:\/\/interiorposter.com\/cs\/wp-json\/wp\/v2\/comments?post=147163"}],"wp:featuredmedia":[{"embeddable":true,"href":"https:\/\/interiorposter.com\/cs\/wp-json\/wp\/v2\/media\/147132"}],"wp:attachment":[{"href":"https:\/\/interiorposter.com\/cs\/wp-json\/wp\/v2\/media?parent=147163"}],"wp:term":[{"taxonomy":"product_brand","embeddable":true,"href":"https:\/\/interiorposter.com\/cs\/wp-json\/wp\/v2\/product_brand?post=147163"},{"taxonomy":"product_cat","embeddable":true,"href":"https:\/\/interiorposter.com\/cs\/wp-json\/wp\/v2\/product_cat?post=147163"},{"taxonomy":"product_tag","embeddable":true,"href":"https:\/\/interiorposter.com\/cs\/wp-json\/wp\/v2\/product_tag?post=147163"}],"curies":[{"name":"wp","href":"https:\/\/api.w.org\/{rel}","templated":true}]}}