{"id":147060,"date":"2026-05-10T02:24:48","date_gmt":"2026-05-10T00:24:48","guid":{"rendered":"https:\/\/interiorposter.com\/product\/obraz-na-plotnie-turkusowa-fala-oceanu-w-ruchu\/"},"modified":"2026-02-08T03:52:18","modified_gmt":"2026-02-08T02:52:18","slug":"obraz-na-plotnie-turkusowa-fala-oceanu-w-ruchu","status":"publish","type":"product","link":"https:\/\/interiorposter.com\/cs\/product\/obraz-na-plotnie-turkusowa-fala-oceanu-w-ruchu\/","title":{"rendered":"Obraz na pl\u00e1tne Tyrkysov\u00e1 oce\u00e1nsk\u00e1 vlna v pohybu"},"content":{"rendered":"<p>Dodejte interi\u00e9ru energii a sv\u011b\u017eest: mohutn\u00e1 tyrkysov\u00e1 vlna se st\u00e1\u010d\u00ed do dynamick\u00e9ho tunelu a vytv\u00e1\u0159\u00ed hypnotickou sc\u00e9nu plnou pohybu. Tento obraz na pl\u00e1tne zaujme detailem vody i hloubkou, d\u00edky \u010demu\u017e z\u00edsk\u00e1 st\u011bna v\u00fdrazn\u00fd, modern\u00ed charakter. Chladn\u00e1 paleta tyrkysov\u00fdch a hlubok\u00fdch modr\u00fdch t\u00f3n\u016f, dopln\u011bn\u00e1 b\u00edlou p\u011bnou a tlumenou \u0161ed\u00ed pozad\u00ed, p\u0159in\u00e1\u0161\u00ed rovnov\u00e1hu a hod\u00ed se do minimalistick\u00fdch i skandin\u00e1vsk\u00fdch interi\u00e9r\u016f. Skv\u011ble se hod\u00ed jako obraz do ob\u00fdvac\u00edho pokoje, kancel\u00e1\u0159e, lo\u017enice, hotelu, restaurace nebo p\u0159eds\u00edn\u011b, kdy\u017e hled\u00e1te elegantn\u00ed obrazy na ze\u010f s mo\u0159sk\u00fdm motivem.<\/p>\n","protected":false},"excerpt":{"rendered":"<p>Obraz na pl\u00e1tne s mohutnou tyrkysovou vlnou tvo\u0159\u00edc\u00ed vodn\u00ed tunel. Chladn\u00e9 modr\u00e9 t\u00f3ny a b\u00edl\u00e1 p\u011bna dodaj\u00ed prostoru energii i sv\u011b\u017eest.<\/p>\n","protected":false},"featured_media":147057,"comment_status":"open","ping_status":"closed","template":"","meta":[],"product_brand":[],"product_cat":[108,74,86,65,80,68,102,105,141,83,71,89,111],"product_tag":[702,186],"class_list":{"0":"post-147060","1":"product","2":"type-product","3":"status-publish","4":"has-post-thumbnail","6":"product_cat-fotografie","7":"product_cat-hotel-cs","8":"product_cat-kancelar","9":"product_cat-koupelna","10":"product_cat-kuchyne","11":"product_cat-loznice","12":"product_cat-minimalisticky","13":"product_cat-moderni","14":"product_cat-more-a-pobrezi","15":"product_cat-obyvaci-pokoj","16":"product_cat-predsin","17":"product_cat-restaurace","18":"product_cat-skandinavsky","19":"product_tag-horizontalni","20":"product_tag-vicebarevny","22":"first","23":"instock","24":"taxable","25":"shipping-taxable","26":"purchasable","27":"product-type-variable","28":"has-default-attributes"},"aioseo_notices":[],"_links":{"self":[{"href":"https:\/\/interiorposter.com\/cs\/wp-json\/wp\/v2\/product\/147060","targetHints":{"allow":["GET"]}}],"collection":[{"href":"https:\/\/interiorposter.com\/cs\/wp-json\/wp\/v2\/product"}],"about":[{"href":"https:\/\/interiorposter.com\/cs\/wp-json\/wp\/v2\/types\/product"}],"replies":[{"embeddable":true,"href":"https:\/\/interiorposter.com\/cs\/wp-json\/wp\/v2\/comments?post=147060"}],"wp:featuredmedia":[{"embeddable":true,"href":"https:\/\/interiorposter.com\/cs\/wp-json\/wp\/v2\/media\/147057"}],"wp:attachment":[{"href":"https:\/\/interiorposter.com\/cs\/wp-json\/wp\/v2\/media?parent=147060"}],"wp:term":[{"taxonomy":"product_brand","embeddable":true,"href":"https:\/\/interiorposter.com\/cs\/wp-json\/wp\/v2\/product_brand?post=147060"},{"taxonomy":"product_cat","embeddable":true,"href":"https:\/\/interiorposter.com\/cs\/wp-json\/wp\/v2\/product_cat?post=147060"},{"taxonomy":"product_tag","embeddable":true,"href":"https:\/\/interiorposter.com\/cs\/wp-json\/wp\/v2\/product_tag?post=147060"}],"curies":[{"name":"wp","href":"https:\/\/api.w.org\/{rel}","templated":true}]}}