{"id":147009,"date":"2025-06-23T05:05:04","date_gmt":"2025-06-23T03:05:04","guid":{"rendered":"https:\/\/interiorposter.com\/product\/obraz-na-plotnie-fale-morskie-o-zachodzie-slonca\/"},"modified":"2026-02-08T03:37:58","modified_gmt":"2026-02-08T02:37:58","slug":"obraz-na-plotnie-fale-morskie-o-zachodzie-slonca","status":"publish","type":"product","link":"https:\/\/interiorposter.com\/cs\/product\/obraz-na-plotnie-fale-morskie-o-zachodzie-slonca\/","title":{"rendered":"Obraz na pl\u00e1tne Mo\u0159sk\u00e9 vlny p\u0159i z\u00e1padu slunce"},"content":{"rendered":"<p>Vneste do interi\u00e9ru uklid\u0148uj\u00edc\u00ed rytmus mo\u0159e: jemn\u00e9 vlny se rozb\u00edjej\u00ed o b\u0159eh a slunce se ztr\u00e1c\u00ed za obzorem, p\u0159i\u010dem\u017e na hladin\u011b zanech\u00e1v\u00e1 z\u00e1\u0159ivou stopu. Tento obraz na pl\u00e1tne vytv\u00e1\u0159\u00ed klidnou, relaxa\u010dn\u00ed atmosf\u00e9ru a opticky otev\u00edr\u00e1 prostor, tak\u017ee p\u016fsob\u00ed lehce. Pastelov\u00e1 paleta modr\u00e9 a tyrkysov\u00e9 v kombinaci s tepl\u00fdmi r\u016f\u017eov\u00fdmi t\u00f3ny a zlatav\u00fdm odleskem z\u00e1padu vytv\u00e1\u0159\u00ed harmonick\u00fd, elegantn\u00ed efekt na st\u011bn\u011b. Ide\u00e1ln\u00ed jako obraz do ob\u00fdvac\u00edho pokoje, lo\u017enice, kancel\u00e1\u0159e, hotelu, restaurace nebo p\u0159eds\u00edn\u011b, pokud hled\u00e1te modern\u00ed obrazy na ze\u010f s mo\u0159sk\u00fdm motivem.<\/p>\n","protected":false},"excerpt":{"rendered":"<p>Obraz na pl\u00e1tne s mo\u0159sk\u00fdmi vlnami a z\u00e1padem slunce. Tyrkysov\u00e9 a modr\u00e9 t\u00f3ny s r\u016f\u017eov\u00fdm sv\u011btlem p\u0159in\u00e1\u0161ej\u00ed klid a p\u0159\u00edjemn\u00e9 teplo.<\/p>\n","protected":false},"featured_media":146990,"comment_status":"open","ping_status":"closed","template":"","meta":[],"product_brand":[],"product_cat":[108,74,86,135,68,141,83,71,89,111],"product_tag":[702,186],"class_list":{"0":"post-147009","1":"product","2":"type-product","3":"status-publish","4":"has-post-thumbnail","6":"product_cat-fotografie","7":"product_cat-hotel-cs","8":"product_cat-kancelar","9":"product_cat-krajiny","10":"product_cat-loznice","11":"product_cat-more-a-pobrezi","12":"product_cat-obyvaci-pokoj","13":"product_cat-predsin","14":"product_cat-restaurace","15":"product_cat-skandinavsky","16":"product_tag-horizontalni","17":"product_tag-vicebarevny","19":"first","20":"instock","21":"taxable","22":"shipping-taxable","23":"purchasable","24":"product-type-variable","25":"has-default-attributes"},"aioseo_notices":[],"_links":{"self":[{"href":"https:\/\/interiorposter.com\/cs\/wp-json\/wp\/v2\/product\/147009","targetHints":{"allow":["GET"]}}],"collection":[{"href":"https:\/\/interiorposter.com\/cs\/wp-json\/wp\/v2\/product"}],"about":[{"href":"https:\/\/interiorposter.com\/cs\/wp-json\/wp\/v2\/types\/product"}],"replies":[{"embeddable":true,"href":"https:\/\/interiorposter.com\/cs\/wp-json\/wp\/v2\/comments?post=147009"}],"wp:featuredmedia":[{"embeddable":true,"href":"https:\/\/interiorposter.com\/cs\/wp-json\/wp\/v2\/media\/146990"}],"wp:attachment":[{"href":"https:\/\/interiorposter.com\/cs\/wp-json\/wp\/v2\/media?parent=147009"}],"wp:term":[{"taxonomy":"product_brand","embeddable":true,"href":"https:\/\/interiorposter.com\/cs\/wp-json\/wp\/v2\/product_brand?post=147009"},{"taxonomy":"product_cat","embeddable":true,"href":"https:\/\/interiorposter.com\/cs\/wp-json\/wp\/v2\/product_cat?post=147009"},{"taxonomy":"product_tag","embeddable":true,"href":"https:\/\/interiorposter.com\/cs\/wp-json\/wp\/v2\/product_tag?post=147009"}],"curies":[{"name":"wp","href":"https:\/\/api.w.org\/{rel}","templated":true}]}}