{"id":146938,"date":"2025-06-23T05:09:02","date_gmt":"2025-06-23T03:09:02","guid":{"rendered":"https:\/\/interiorposter.com\/product\/obraz-na-plotnie-zaglowiec-na-morzu-w-pastelowym-niebie\/"},"modified":"2026-02-08T03:22:05","modified_gmt":"2026-02-08T02:22:05","slug":"obraz-na-plotnie-zaglowiec-na-morzu-w-pastelowym-niebie","status":"publish","type":"product","link":"https:\/\/interiorposter.com\/cs\/product\/obraz-na-plotnie-zaglowiec-na-morzu-w-pastelowym-niebie\/","title":{"rendered":"Obraz na pl\u00e1tne Plachetnice na mo\u0159i pod pastelovou oblohou"},"content":{"rendered":"<p>Vneste do interi\u00e9ru atmosf\u00e9ru cestov\u00e1n\u00ed a svobody: majest\u00e1tn\u00ed plachetnice s rozepjat\u00fdmi b\u00edl\u00fdmi plachtami pluje po vln\u00e1ch a tepl\u00e9 sv\u011btlo oblohy dod\u00e1v\u00e1 sc\u00e9n\u011b lehkost. Tento obraz na pl\u00e1tne ve mal\u00ed\u0159sk\u00e9m stylu zaujme detailn\u00edm zpracov\u00e1n\u00edm i dynamikou a vytvo\u0159\u00ed elegantn\u00ed dominantu na st\u011bn\u011b. Pastelov\u00e1 paleta modr\u00e9, b\u00e9\u017eov\u00e9 a jemn\u011b oran\u017eov\u00e9, dopln\u011bn\u00e1 hlubokou zelen\u00ed vln, tvo\u0159\u00ed harmonick\u00fd kontrast a opticky otev\u0159e prostor. Skv\u011ble se hod\u00ed do ob\u00fdvac\u00edho pokoje, lo\u017enice, kancel\u00e1\u0159e, hotelu, restaurace nebo p\u0159eds\u00edn\u011b, pokud hled\u00e1te modern\u00ed obrazy na ze\u010f s mo\u0159sk\u00fdm motivem.<\/p>\n","protected":false},"excerpt":{"rendered":"<p>Obraz na pl\u00e1tne ve mal\u00ed\u0159sk\u00e9m stylu s plachetnic\u00ed na vln\u00e1ch a pastelovou oblohou. B\u00edl\u00e9 plachty a modr\u00e9 t\u00f3ny dodaj\u00ed interi\u00e9ru lehkost i n\u00e1dech dobrodru\u017estv\u00ed.<\/p>\n","protected":false},"featured_media":146935,"comment_status":"open","ping_status":"closed","template":"","meta":[],"product_brand":[],"product_cat":[74,289,86,65,135,80,68,297,141,83,71,89,268],"product_tag":[702,186],"class_list":{"0":"post-146938","1":"product","2":"type-product","3":"status-publish","4":"has-post-thumbnail","6":"product_cat-hotel-cs","7":"product_cat-ilustrace","8":"product_cat-kancelar","9":"product_cat-koupelna","10":"product_cat-krajiny","11":"product_cat-kuchyne","12":"product_cat-loznice","13":"product_cat-malirsky","14":"product_cat-more-a-pobrezi","15":"product_cat-obyvaci-pokoj","16":"product_cat-predsin","17":"product_cat-restaurace","18":"product_cat-vozidla","19":"product_tag-horizontalni","20":"product_tag-vicebarevny","22":"first","23":"instock","24":"taxable","25":"shipping-taxable","26":"purchasable","27":"product-type-variable","28":"has-default-attributes"},"aioseo_notices":[],"_links":{"self":[{"href":"https:\/\/interiorposter.com\/cs\/wp-json\/wp\/v2\/product\/146938","targetHints":{"allow":["GET"]}}],"collection":[{"href":"https:\/\/interiorposter.com\/cs\/wp-json\/wp\/v2\/product"}],"about":[{"href":"https:\/\/interiorposter.com\/cs\/wp-json\/wp\/v2\/types\/product"}],"replies":[{"embeddable":true,"href":"https:\/\/interiorposter.com\/cs\/wp-json\/wp\/v2\/comments?post=146938"}],"wp:featuredmedia":[{"embeddable":true,"href":"https:\/\/interiorposter.com\/cs\/wp-json\/wp\/v2\/media\/146935"}],"wp:attachment":[{"href":"https:\/\/interiorposter.com\/cs\/wp-json\/wp\/v2\/media?parent=146938"}],"wp:term":[{"taxonomy":"product_brand","embeddable":true,"href":"https:\/\/interiorposter.com\/cs\/wp-json\/wp\/v2\/product_brand?post=146938"},{"taxonomy":"product_cat","embeddable":true,"href":"https:\/\/interiorposter.com\/cs\/wp-json\/wp\/v2\/product_cat?post=146938"},{"taxonomy":"product_tag","embeddable":true,"href":"https:\/\/interiorposter.com\/cs\/wp-json\/wp\/v2\/product_tag?post=146938"}],"curies":[{"name":"wp","href":"https:\/\/api.w.org\/{rel}","templated":true}]}}