{"id":146895,"date":"2025-06-23T04:49:07","date_gmt":"2025-06-23T02:49:07","guid":{"rendered":"https:\/\/interiorposter.com\/product\/obraz-na-plotnie-bungalowy-na-wodzie-i-turkus-laguny\/"},"modified":"2026-02-08T03:12:20","modified_gmt":"2026-02-08T02:12:20","slug":"obraz-na-plotnie-bungalowy-na-wodzie-i-turkus-laguny","status":"publish","type":"product","link":"https:\/\/interiorposter.com\/cs\/product\/obraz-na-plotnie-bungalowy-na-wodzie-i-turkus-laguny\/","title":{"rendered":"Obraz na pl\u00e1tne Bungalovy na vod\u011b a tyrkys laguny"},"content":{"rendered":"<p>Vneste do interi\u00e9ru atmosf\u00e9ru luxusn\u00ed dovolen\u00e9: bungalovy na vod\u011b, palmy a k\u0159i\u0161\u0165\u00e1lov\u011b tyrkysov\u00e1 laguna vytv\u00e1\u0159ej\u00ed v\u00fdhled, kter\u00fd uklid\u0148uje a okam\u017eit\u011b zlep\u0161\u00ed n\u00e1ladu. Tento obraz na pl\u00e1tne projasn\u00ed prostor, dod\u00e1 mu lehkost a navod\u00ed pocit bezb\u0159eh\u00e9 d\u00e1lky, ide\u00e1ln\u00ed pro relaxa\u010dn\u00ed z\u00f3nu. Sv\u011b\u017e\u00ed paleta tyrkysov\u00e9, modr\u00e9 a zelen\u00e9 je vyv\u00e1\u017een\u00e1 b\u00e9\u017eovou barvou do\u0161kov\u00fdch st\u0159ech a tepl\u00fdmi hn\u011bd\u00fdmi t\u00f3ny staveb, tak\u017ee kr\u00e1sn\u011b lad\u00ed s p\u0159\u00edrodn\u00edmi materi\u00e1ly i modern\u00edm interi\u00e9rem. Skv\u011bl\u00e1 volba do ob\u00fdvac\u00edho pokoje, lo\u017enice, kancel\u00e1\u0159e, hotelu, restaurace nebo p\u0159eds\u00edn\u011b, pokud hled\u00e1te elegantn\u00ed obrazy na ze\u010f s mo\u0159sk\u00fdm motivem.<\/p>\n","protected":false},"excerpt":{"rendered":"<p>Obraz na pl\u00e1tne s bungalovy na vod\u011b a tyrkysovou lagunou. Sv\u011btl\u00e9 modr\u00e9 a zelen\u00e9 t\u00f3ny p\u0159in\u00e1\u0161ej\u00ed relax, sv\u011b\u017eest a dovolenkov\u00fd luxus.<\/p>\n","protected":false},"featured_media":146892,"comment_status":"open","ping_status":"closed","template":"","meta":[],"product_brand":[],"product_cat":[108,74,86,135,68,105,141,83,71,89,123],"product_tag":[702,186],"class_list":{"0":"post-146895","1":"product","2":"type-product","3":"status-publish","4":"has-post-thumbnail","6":"product_cat-fotografie","7":"product_cat-hotel-cs","8":"product_cat-kancelar","9":"product_cat-krajiny","10":"product_cat-loznice","11":"product_cat-moderni","12":"product_cat-more-a-pobrezi","13":"product_cat-obyvaci-pokoj","14":"product_cat-predsin","15":"product_cat-restaurace","16":"product_cat-rostliny-a-kvetiny","17":"product_tag-horizontalni","18":"product_tag-vicebarevny","20":"first","21":"instock","22":"taxable","23":"shipping-taxable","24":"purchasable","25":"product-type-variable","26":"has-default-attributes"},"aioseo_notices":[],"_links":{"self":[{"href":"https:\/\/interiorposter.com\/cs\/wp-json\/wp\/v2\/product\/146895","targetHints":{"allow":["GET"]}}],"collection":[{"href":"https:\/\/interiorposter.com\/cs\/wp-json\/wp\/v2\/product"}],"about":[{"href":"https:\/\/interiorposter.com\/cs\/wp-json\/wp\/v2\/types\/product"}],"replies":[{"embeddable":true,"href":"https:\/\/interiorposter.com\/cs\/wp-json\/wp\/v2\/comments?post=146895"}],"wp:featuredmedia":[{"embeddable":true,"href":"https:\/\/interiorposter.com\/cs\/wp-json\/wp\/v2\/media\/146892"}],"wp:attachment":[{"href":"https:\/\/interiorposter.com\/cs\/wp-json\/wp\/v2\/media?parent=146895"}],"wp:term":[{"taxonomy":"product_brand","embeddable":true,"href":"https:\/\/interiorposter.com\/cs\/wp-json\/wp\/v2\/product_brand?post=146895"},{"taxonomy":"product_cat","embeddable":true,"href":"https:\/\/interiorposter.com\/cs\/wp-json\/wp\/v2\/product_cat?post=146895"},{"taxonomy":"product_tag","embeddable":true,"href":"https:\/\/interiorposter.com\/cs\/wp-json\/wp\/v2\/product_tag?post=146895"}],"curies":[{"name":"wp","href":"https:\/\/api.w.org\/{rel}","templated":true}]}}