{"id":146844,"date":"2025-06-23T04:53:04","date_gmt":"2025-06-23T02:53:04","guid":{"rendered":"https:\/\/interiorposter.com\/product\/obraz-na-plotnie-turkusowa-zatoka-i-skalny-luk\/"},"modified":"2026-02-08T02:46:20","modified_gmt":"2026-02-08T01:46:20","slug":"obraz-na-plotnie-turkusowa-zatoka-i-skalny-luk","status":"publish","type":"product","link":"https:\/\/interiorposter.com\/cs\/product\/obraz-na-plotnie-turkusowa-zatoka-i-skalny-luk\/","title":{"rendered":"Obraz na pl\u00e1tne Tyrkysov\u00e1 z\u00e1toka a p\u0159\u00edrodn\u00ed skaln\u00ed oblouk"},"content":{"rendered":"<p>Otev\u0159ete interi\u00e9r v\u00fdhledu jako z rajsk\u00e9ho ostrova: k\u0159i\u0161\u0165\u00e1lov\u011b tyrkysov\u00e1 z\u00e1toka, p\u0159\u00edrodn\u00ed skaln\u00ed oblouk nad vodou a nekone\u010dn\u00e1 mod\u0159 vytv\u00e1\u0159ej\u00ed sc\u00e9nu plnou klidu a dovolenkov\u00e9 energie. Tento obraz na pl\u00e1tne dod\u00e1 st\u011bn\u011b hloubku, projasn\u00ed prostor a p\u0159inese pocit svobody jako p\u0159i proch\u00e1zce u mo\u0159e. Sv\u011btl\u00e1 paleta tyrkysov\u00fdch a modr\u00fdch t\u00f3n\u016f, dopln\u011bn\u00e1 b\u00e9\u017eemi skal a b\u011blost\u00ed oblak\u016f, skv\u011ble lad\u00ed s modern\u00edmi i skandin\u00e1vsk\u00fdmi interi\u00e9ry. Ide\u00e1ln\u00ed jako obraz do ob\u00fdvac\u00edho pokoje, lo\u017enice, kancel\u00e1\u0159e, hotelu, restaurace nebo p\u0159eds\u00edn\u011b, kdy\u017e hled\u00e1te elegantn\u00ed obrazy na ze\u010f s mo\u0159sk\u00fdm motivem.<\/p>\n","protected":false},"excerpt":{"rendered":"<p>Obraz na pl\u00e1tne s tyrkysovou z\u00e1tokou a p\u0159\u00edrodn\u00edm skaln\u00edm obloukem nad vodou. Sv\u011btl\u00e9 modr\u00e9 a b\u00e9\u017eov\u00e9 t\u00f3ny p\u0159in\u00e1\u0161ej\u00ed sv\u011b\u017eest, klid a dovolenkovou n\u00e1ladu.<\/p>\n","protected":false},"featured_media":146825,"comment_status":"open","ping_status":"closed","template":"","meta":[],"product_brand":[],"product_cat":[108,74,86,65,135,68,105,141,83,71,89],"product_tag":[702,186],"class_list":{"0":"post-146844","1":"product","2":"type-product","3":"status-publish","4":"has-post-thumbnail","6":"product_cat-fotografie","7":"product_cat-hotel-cs","8":"product_cat-kancelar","9":"product_cat-koupelna","10":"product_cat-krajiny","11":"product_cat-loznice","12":"product_cat-moderni","13":"product_cat-more-a-pobrezi","14":"product_cat-obyvaci-pokoj","15":"product_cat-predsin","16":"product_cat-restaurace","17":"product_tag-horizontalni","18":"product_tag-vicebarevny","20":"first","21":"instock","22":"taxable","23":"shipping-taxable","24":"purchasable","25":"product-type-variable","26":"has-default-attributes"},"aioseo_notices":[],"_links":{"self":[{"href":"https:\/\/interiorposter.com\/cs\/wp-json\/wp\/v2\/product\/146844","targetHints":{"allow":["GET"]}}],"collection":[{"href":"https:\/\/interiorposter.com\/cs\/wp-json\/wp\/v2\/product"}],"about":[{"href":"https:\/\/interiorposter.com\/cs\/wp-json\/wp\/v2\/types\/product"}],"replies":[{"embeddable":true,"href":"https:\/\/interiorposter.com\/cs\/wp-json\/wp\/v2\/comments?post=146844"}],"wp:featuredmedia":[{"embeddable":true,"href":"https:\/\/interiorposter.com\/cs\/wp-json\/wp\/v2\/media\/146825"}],"wp:attachment":[{"href":"https:\/\/interiorposter.com\/cs\/wp-json\/wp\/v2\/media?parent=146844"}],"wp:term":[{"taxonomy":"product_brand","embeddable":true,"href":"https:\/\/interiorposter.com\/cs\/wp-json\/wp\/v2\/product_brand?post=146844"},{"taxonomy":"product_cat","embeddable":true,"href":"https:\/\/interiorposter.com\/cs\/wp-json\/wp\/v2\/product_cat?post=146844"},{"taxonomy":"product_tag","embeddable":true,"href":"https:\/\/interiorposter.com\/cs\/wp-json\/wp\/v2\/product_tag?post=146844"}],"curies":[{"name":"wp","href":"https:\/\/api.w.org\/{rel}","templated":true}]}}