{"id":146745,"date":"2025-06-23T04:53:04","date_gmt":"2025-06-23T02:53:04","guid":{"rendered":"https:\/\/interiorposter.com\/product\/obraz-na-plotnie-skalista-plaza-i-turkusowe-morze\/"},"modified":"2026-02-08T02:25:28","modified_gmt":"2026-02-08T01:25:28","slug":"obraz-na-plotnie-skalista-plaza-i-turkusowe-morze","status":"publish","type":"product","link":"https:\/\/interiorposter.com\/cs\/product\/obraz-na-plotnie-skalista-plaza-i-turkusowe-morze\/","title":{"rendered":"Obraz na pl\u00e1tne Skalnat\u00e1 pl\u00e1\u017e a tyrkysov\u00e9 mo\u0159e"},"content":{"rendered":"<p>Vneste do interi\u00e9ru lehkost st\u0159edomo\u0159sk\u00e9ho pob\u0159e\u017e\u00ed: jemn\u00e1 linie pl\u00e1\u017ee vede pohled k monument\u00e1ln\u00edm skal\u00e1m a klidn\u00e9mu tyrkysov\u00e9mu mo\u0159i. Tento obraz na pl\u00e1tne dod\u00e1 prostoru vzdu\u0161nost a p\u0159irozenou eleganci a kr\u00e1sn\u011b navod\u00ed atmosf\u00e9ru odpo\u010dinku. Sv\u011btl\u00e1, p\u0159\u00edrodn\u00ed paleta modr\u00fdch a tyrkysov\u00fdch t\u00f3n\u016f, b\u00e9\u017eov\u00e9ho p\u00edsku a \u0161ed\u00ed skal je vyv\u00e1\u017een\u00e1 b\u00edlou p\u011bnou vln a jemnou pastelovou oblohou, tak\u017ee st\u011bnu p\u0159\u00edjemn\u011b rozz\u00e1\u0159\u00ed. Skv\u011ble se hod\u00ed do ob\u00fdvac\u00edho pokoje, lo\u017enice, kancel\u00e1\u0159e, hotelu, restaurace i p\u0159eds\u00edn\u011b, kdy\u017e hled\u00e1te modern\u00ed obrazy na ze\u010f s mo\u0159sk\u00fdm motivem.<\/p>\n","protected":false},"excerpt":{"rendered":"<p>Obraz na pl\u00e1tne s pl\u00e1\u017e\u00ed, skalami a klidn\u00fdm tyrkysov\u00fdm mo\u0159em. Sv\u011btl\u00e9 modr\u00e9 a p\u0159\u00edrodn\u00ed b\u00e9\u017eov\u00e9 t\u00f3ny p\u0159in\u00e1\u0161ej\u00ed sv\u011b\u017eest, klid a pocit prostoru.<\/p>\n","protected":false},"featured_media":146726,"comment_status":"open","ping_status":"closed","template":"","meta":[],"product_brand":[],"product_cat":[108,74,86,65,135,80,68,141,83,71,89],"product_tag":[702,186],"class_list":{"0":"post-146745","1":"product","2":"type-product","3":"status-publish","4":"has-post-thumbnail","6":"product_cat-fotografie","7":"product_cat-hotel-cs","8":"product_cat-kancelar","9":"product_cat-koupelna","10":"product_cat-krajiny","11":"product_cat-kuchyne","12":"product_cat-loznice","13":"product_cat-more-a-pobrezi","14":"product_cat-obyvaci-pokoj","15":"product_cat-predsin","16":"product_cat-restaurace","17":"product_tag-horizontalni","18":"product_tag-vicebarevny","20":"first","21":"instock","22":"taxable","23":"shipping-taxable","24":"purchasable","25":"product-type-variable","26":"has-default-attributes"},"aioseo_notices":[],"_links":{"self":[{"href":"https:\/\/interiorposter.com\/cs\/wp-json\/wp\/v2\/product\/146745","targetHints":{"allow":["GET"]}}],"collection":[{"href":"https:\/\/interiorposter.com\/cs\/wp-json\/wp\/v2\/product"}],"about":[{"href":"https:\/\/interiorposter.com\/cs\/wp-json\/wp\/v2\/types\/product"}],"replies":[{"embeddable":true,"href":"https:\/\/interiorposter.com\/cs\/wp-json\/wp\/v2\/comments?post=146745"}],"wp:featuredmedia":[{"embeddable":true,"href":"https:\/\/interiorposter.com\/cs\/wp-json\/wp\/v2\/media\/146726"}],"wp:attachment":[{"href":"https:\/\/interiorposter.com\/cs\/wp-json\/wp\/v2\/media?parent=146745"}],"wp:term":[{"taxonomy":"product_brand","embeddable":true,"href":"https:\/\/interiorposter.com\/cs\/wp-json\/wp\/v2\/product_brand?post=146745"},{"taxonomy":"product_cat","embeddable":true,"href":"https:\/\/interiorposter.com\/cs\/wp-json\/wp\/v2\/product_cat?post=146745"},{"taxonomy":"product_tag","embeddable":true,"href":"https:\/\/interiorposter.com\/cs\/wp-json\/wp\/v2\/product_tag?post=146745"}],"curies":[{"name":"wp","href":"https:\/\/api.w.org\/{rel}","templated":true}]}}