{"id":146674,"date":"2025-06-23T04:49:07","date_gmt":"2025-06-23T02:49:07","guid":{"rendered":"https:\/\/interiorposter.com\/product\/obraz-na-plotnie-tropikalny-zachod-slonca-z-palmami\/"},"modified":"2026-02-08T01:59:01","modified_gmt":"2026-02-08T00:59:01","slug":"obraz-na-plotnie-tropikalny-zachod-slonca-z-palmami","status":"publish","type":"product","link":"https:\/\/interiorposter.com\/cs\/product\/obraz-na-plotnie-tropikalny-zachod-slonca-z-palmami\/","title":{"rendered":"Obraz na pl\u00e1tne Tropick\u00fd z\u00e1pad slunce s palmami"},"content":{"rendered":"<p>Dodejte interi\u00e9ru smyslnou tropickou atmosf\u00e9ru: tmav\u00e9 siluety palem se v\u00fdrazn\u011b r\u00fdsuj\u00ed proti syt\u00e9 obloze a klidn\u00e1 linie mo\u0159e odr\u00e1\u017e\u00ed tepl\u00e9 sv\u011btlo z\u00e1padu. Tento obraz na pl\u00e1tne vytv\u00e1\u0159\u00ed efekt wow a navod\u00ed uvoln\u011bnou n\u00e1ladu jako po dokonal\u00e9m dni na pl\u00e1\u017ei. V\u00fdrazn\u00e1 paleta fuchsiov\u00e9, purpurov\u00e9, r\u016f\u017eov\u00e9 a oran\u017eov\u00e9 v kontrastu s hlubokou \u010dern\u00ed palem kr\u00e1sn\u011b o\u017eiv\u00ed st\u011bnu a dod\u00e1 prostoru charakter. Skv\u011ble se hod\u00ed do ob\u00fdvac\u00edho pokoje, lo\u017enice, hotelu, restaurace, kancel\u00e1\u0159e i p\u0159eds\u00edn\u011b, pokud hled\u00e1te modern\u00ed obrazy na ze\u010f s dovolenkovou energi\u00ed.<\/p>\n","protected":false},"excerpt":{"rendered":"<p>Obraz na pl\u00e1tne s palmami na pozad\u00ed spektakul\u00e1rn\u00edho z\u00e1padu slunce. Fuchsiov\u00e9, purpurov\u00e9 a oran\u017eov\u00e9 t\u00f3ny p\u0159in\u00e1\u0161ej\u00ed teplo, relax i tropickou n\u00e1ladu.<\/p>\n","protected":false},"featured_media":146659,"comment_status":"open","ping_status":"closed","template":"","meta":[],"product_brand":[],"product_cat":[108,74,86,135,68,105,141,265,83,71,89,123],"product_tag":[702,271,186],"class_list":{"0":"post-146674","1":"product","2":"type-product","3":"status-publish","4":"has-post-thumbnail","6":"product_cat-fotografie","7":"product_cat-hotel-cs","8":"product_cat-kancelar","9":"product_cat-krajiny","10":"product_cat-loznice","11":"product_cat-moderni","12":"product_cat-more-a-pobrezi","13":"product_cat-nocni","14":"product_cat-obyvaci-pokoj","15":"product_cat-predsin","16":"product_cat-restaurace","17":"product_cat-rostliny-a-kvetiny","18":"product_tag-horizontalni","19":"product_tag-tmave","20":"product_tag-vicebarevny","22":"first","23":"instock","24":"taxable","25":"shipping-taxable","26":"purchasable","27":"product-type-variable","28":"has-default-attributes"},"aioseo_notices":[],"_links":{"self":[{"href":"https:\/\/interiorposter.com\/cs\/wp-json\/wp\/v2\/product\/146674","targetHints":{"allow":["GET"]}}],"collection":[{"href":"https:\/\/interiorposter.com\/cs\/wp-json\/wp\/v2\/product"}],"about":[{"href":"https:\/\/interiorposter.com\/cs\/wp-json\/wp\/v2\/types\/product"}],"replies":[{"embeddable":true,"href":"https:\/\/interiorposter.com\/cs\/wp-json\/wp\/v2\/comments?post=146674"}],"wp:featuredmedia":[{"embeddable":true,"href":"https:\/\/interiorposter.com\/cs\/wp-json\/wp\/v2\/media\/146659"}],"wp:attachment":[{"href":"https:\/\/interiorposter.com\/cs\/wp-json\/wp\/v2\/media?parent=146674"}],"wp:term":[{"taxonomy":"product_brand","embeddable":true,"href":"https:\/\/interiorposter.com\/cs\/wp-json\/wp\/v2\/product_brand?post=146674"},{"taxonomy":"product_cat","embeddable":true,"href":"https:\/\/interiorposter.com\/cs\/wp-json\/wp\/v2\/product_cat?post=146674"},{"taxonomy":"product_tag","embeddable":true,"href":"https:\/\/interiorposter.com\/cs\/wp-json\/wp\/v2\/product_tag?post=146674"}],"curies":[{"name":"wp","href":"https:\/\/api.w.org\/{rel}","templated":true}]}}