{"id":146524,"date":"2025-06-23T05:01:01","date_gmt":"2025-06-23T03:01:01","guid":{"rendered":"https:\/\/interiorposter.com\/product\/obraz-na-plotnie-tropikalna-plaza-z-palma-i-sloncem\/"},"modified":"2026-02-08T01:28:56","modified_gmt":"2026-02-08T00:28:56","slug":"obraz-na-plotnie-tropikalna-plaza-z-palma-i-sloncem","status":"publish","type":"product","link":"https:\/\/interiorposter.com\/cs\/product\/obraz-na-plotnie-tropikalna-plaza-z-palma-i-sloncem\/","title":{"rendered":"Obraz na pl\u00e1tne Tropick\u00e1 pl\u00e1\u017e s palmou a sluncem"},"content":{"rendered":"<p>Prom\u011b\u0148te st\u011bnu ve v\u00fdhled jako z dovolen\u00e9: zlat\u00fd p\u00edsek, tyrkysov\u00e9 mo\u0159e a naklon\u011bn\u00e1 palma, skrz jej\u00ed\u017e listy prosv\u00edt\u00e1 slunce. Tento obraz na pl\u00e1tne rozz\u00e1\u0159\u00ed interi\u00e9r, dod\u00e1 mu lehkost a okam\u017eit\u011b zlep\u0161\u00ed n\u00e1ladu, proto\u017ee p\u0159ipom\u00edn\u00e1 bezstarostn\u00fd odpo\u010dinek. Sv\u011btl\u00e1, sv\u011b\u017e\u00ed paleta modr\u00fdch a tyrkysov\u00fdch t\u00f3n\u016f, b\u011blosti oblak\u016f a \u0161\u0165avnat\u00e9 zelen\u011b skv\u011ble lad\u00ed s p\u0159\u00edrodn\u00edmi materi\u00e1ly i modern\u00edmi aran\u017eemi. Hod\u00ed se jako obraz do ob\u00fdvac\u00edho pokoje, lo\u017enice, kancel\u00e1\u0159e, hotelu, restaurace i p\u0159eds\u00edn\u011b, kdy\u017e chcete dodat energii l\u00e9ta a opticky otev\u0159\u00edt prostor.<\/p>\n","protected":false},"excerpt":{"rendered":"<p>Slune\u010dn\u00fd obraz na pl\u00e1tne s tropickou pl\u00e1\u017e\u00ed a palmou nad tyrkysov\u00fdm mo\u0159em. Sv\u011btl\u00e9 modr\u00e9 a zelen\u00e9 t\u00f3ny p\u0159in\u00e1\u0161ej\u00ed dovolenkov\u00fd klid.<\/p>\n","protected":false},"featured_media":146521,"comment_status":"open","ping_status":"closed","template":"","meta":[],"product_brand":[],"product_cat":[108,74,86,65,135,80,68,105,141,83,71,89],"product_tag":[702,186],"class_list":{"0":"post-146524","1":"product","2":"type-product","3":"status-publish","4":"has-post-thumbnail","6":"product_cat-fotografie","7":"product_cat-hotel-cs","8":"product_cat-kancelar","9":"product_cat-koupelna","10":"product_cat-krajiny","11":"product_cat-kuchyne","12":"product_cat-loznice","13":"product_cat-moderni","14":"product_cat-more-a-pobrezi","15":"product_cat-obyvaci-pokoj","16":"product_cat-predsin","17":"product_cat-restaurace","18":"product_tag-horizontalni","19":"product_tag-vicebarevny","21":"first","22":"instock","23":"taxable","24":"shipping-taxable","25":"purchasable","26":"product-type-variable","27":"has-default-attributes"},"aioseo_notices":[],"_links":{"self":[{"href":"https:\/\/interiorposter.com\/cs\/wp-json\/wp\/v2\/product\/146524","targetHints":{"allow":["GET"]}}],"collection":[{"href":"https:\/\/interiorposter.com\/cs\/wp-json\/wp\/v2\/product"}],"about":[{"href":"https:\/\/interiorposter.com\/cs\/wp-json\/wp\/v2\/types\/product"}],"replies":[{"embeddable":true,"href":"https:\/\/interiorposter.com\/cs\/wp-json\/wp\/v2\/comments?post=146524"}],"wp:featuredmedia":[{"embeddable":true,"href":"https:\/\/interiorposter.com\/cs\/wp-json\/wp\/v2\/media\/146521"}],"wp:attachment":[{"href":"https:\/\/interiorposter.com\/cs\/wp-json\/wp\/v2\/media?parent=146524"}],"wp:term":[{"taxonomy":"product_brand","embeddable":true,"href":"https:\/\/interiorposter.com\/cs\/wp-json\/wp\/v2\/product_brand?post=146524"},{"taxonomy":"product_cat","embeddable":true,"href":"https:\/\/interiorposter.com\/cs\/wp-json\/wp\/v2\/product_cat?post=146524"},{"taxonomy":"product_tag","embeddable":true,"href":"https:\/\/interiorposter.com\/cs\/wp-json\/wp\/v2\/product_tag?post=146524"}],"curies":[{"name":"wp","href":"https:\/\/api.w.org\/{rel}","templated":true}]}}