{"id":146394,"date":"2025-06-23T05:01:01","date_gmt":"2025-06-23T03:01:01","guid":{"rendered":"https:\/\/interiorposter.com\/product\/obraz-na-plotnie-potega-fali-w-turkusach-morskich\/"},"modified":"2026-02-07T19:43:14","modified_gmt":"2026-02-07T18:43:14","slug":"obraz-na-plotnie-potega-fali-w-turkusach-morskich","status":"publish","type":"product","link":"https:\/\/interiorposter.com\/cs\/product\/obraz-na-plotnie-potega-fali-w-turkusach-morskich\/","title":{"rendered":"Obraz na pl\u00e1tne S\u00edla vlny v mo\u0159sk\u00fdch tyrkysech"},"content":{"rendered":"<p>Vneste do interi\u00e9ru energii oce\u00e1nu: mohutn\u00e1, st\u00e1\u010dej\u00edc\u00ed se vlna vytv\u00e1\u0159\u00ed dynamickou sc\u00e9nu a okam\u017eit\u011b p\u0159itahuje pozornost. Tento obraz na pl\u00e1tne ve mal\u00ed\u0159sk\u00e9m stylu dod\u00e1 prostoru charakter, sv\u011b\u017eest a pocit pohybu, z\u00e1rove\u0148 navod\u00ed uklid\u0148uj\u00edc\u00ed p\u0159\u00edmo\u0159skou atmosf\u00e9ru. Chladn\u00e1 paleta tyrkysov\u00e9, zelen\u00e9 a hlubok\u00e9 modr\u00e9, dopln\u011bn\u00e1 b\u00edlou p\u011bnou, kr\u00e1sn\u011b rozz\u00e1\u0159\u00ed st\u011bnu a hod\u00ed se do modern\u00edch i skandin\u00e1vsk\u00fdch interi\u00e9r\u016f. Skv\u011bl\u00e1 volba do ob\u00fdvac\u00edho pokoje, lo\u017enice, kancel\u00e1\u0159e, hotelu, restaurace, p\u0159eds\u00edn\u011b i koupelny, pokud hled\u00e1te v\u00fdrazn\u00e9 obrazy na ze\u010f s mo\u0159sk\u00fdm motivem.<\/p>\n","protected":false},"excerpt":{"rendered":"<p>Dynamick\u00fd obraz na pl\u00e1tne s monument\u00e1ln\u00ed oce\u00e1nskou vlnou. Tyrkysov\u00e1, modr\u00e1 a b\u00edl\u00e1 p\u011bna p\u0159in\u00e1\u0161ej\u00ed sv\u011b\u017eest, energii a p\u0159\u00edmo\u0159skou n\u00e1ladu.<\/p>\n","protected":false},"featured_media":146391,"comment_status":"open","ping_status":"closed","template":"","meta":[],"product_brand":[],"product_cat":[74,86,65,135,68,297,141,83,71,89],"product_tag":[702,186],"class_list":{"0":"post-146394","1":"product","2":"type-product","3":"status-publish","4":"has-post-thumbnail","6":"product_cat-hotel-cs","7":"product_cat-kancelar","8":"product_cat-koupelna","9":"product_cat-krajiny","10":"product_cat-loznice","11":"product_cat-malirsky","12":"product_cat-more-a-pobrezi","13":"product_cat-obyvaci-pokoj","14":"product_cat-predsin","15":"product_cat-restaurace","16":"product_tag-horizontalni","17":"product_tag-vicebarevny","19":"first","20":"instock","21":"taxable","22":"shipping-taxable","23":"purchasable","24":"product-type-variable","25":"has-default-attributes"},"aioseo_notices":[],"_links":{"self":[{"href":"https:\/\/interiorposter.com\/cs\/wp-json\/wp\/v2\/product\/146394","targetHints":{"allow":["GET"]}}],"collection":[{"href":"https:\/\/interiorposter.com\/cs\/wp-json\/wp\/v2\/product"}],"about":[{"href":"https:\/\/interiorposter.com\/cs\/wp-json\/wp\/v2\/types\/product"}],"replies":[{"embeddable":true,"href":"https:\/\/interiorposter.com\/cs\/wp-json\/wp\/v2\/comments?post=146394"}],"wp:featuredmedia":[{"embeddable":true,"href":"https:\/\/interiorposter.com\/cs\/wp-json\/wp\/v2\/media\/146391"}],"wp:attachment":[{"href":"https:\/\/interiorposter.com\/cs\/wp-json\/wp\/v2\/media?parent=146394"}],"wp:term":[{"taxonomy":"product_brand","embeddable":true,"href":"https:\/\/interiorposter.com\/cs\/wp-json\/wp\/v2\/product_brand?post=146394"},{"taxonomy":"product_cat","embeddable":true,"href":"https:\/\/interiorposter.com\/cs\/wp-json\/wp\/v2\/product_cat?post=146394"},{"taxonomy":"product_tag","embeddable":true,"href":"https:\/\/interiorposter.com\/cs\/wp-json\/wp\/v2\/product_tag?post=146394"}],"curies":[{"name":"wp","href":"https:\/\/api.w.org\/{rel}","templated":true}]}}