{"id":146347,"date":"2026-02-07T19:13:19","date_gmt":"2026-02-07T18:13:19","guid":{"rendered":"https:\/\/interiorposter.com\/product\/obraz-na-plotnie-latarnia-morska-o-zachodzie-slonca\/"},"modified":"2026-02-07T19:16:55","modified_gmt":"2026-02-07T18:16:55","slug":"obraz-na-plotnie-latarnia-morska-o-zachodzie-slonca","status":"publish","type":"product","link":"https:\/\/interiorposter.com\/cs\/product\/obraz-na-plotnie-latarnia-morska-o-zachodzie-slonca\/","title":{"rendered":"Obraz na pl\u00e1tne Maj\u00e1k p\u0159i z\u00e1padu slunce"},"content":{"rendered":"<p>Vneste do interi\u00e9ru klid p\u0159\u00edmo\u0159sk\u00e9ho ve\u010dera: maj\u00e1k na skalnat\u00e9m pob\u0159e\u017e\u00ed vede pohled k obzoru a uklid\u0148uj\u00edc\u00ed hladin\u011b mo\u0159e. Tento obraz na pl\u00e1tne vytv\u00e1\u0159\u00ed atmosf\u00e9ru relaxu a prostoru, d\u00edky \u010demu\u017e st\u011bna z\u00edsk\u00e1 lehkost a eleganci. Pastelov\u00e1 paleta r\u016f\u017eov\u00e9, fialov\u00e9 a tepl\u00e9 oran\u017eov\u00e9 na obloze se spojuje s chladn\u00fdmi modr\u00fdmi t\u00f3ny mo\u0159e a vytv\u00e1\u0159\u00ed harmonick\u00fd, p\u0159\u00edjemn\u00fd kontrast. Skv\u011ble se hod\u00ed jako obraz do ob\u00fdvac\u00edho pokoje, lo\u017enice, kancel\u00e1\u0159e, hotelu nebo p\u0159eds\u00edn\u011b, kdy\u017e hled\u00e1te modern\u00ed obrazy na ze\u010f s mo\u0159sk\u00fdm motivem.<\/p>\n","protected":false},"excerpt":{"rendered":"<p>Obraz na pl\u00e1tne s maj\u00e1kem na \u00fatesu a klidn\u00fdm mo\u0159em. Pastelov\u00e9 r\u016f\u017eov\u00e9 a fialov\u00e9 t\u00f3ny z\u00e1padu dodaj\u00ed interi\u00e9ru harmonii a vzdu\u0161nost.<\/p>\n","protected":false},"featured_media":146340,"comment_status":"open","ping_status":"closed","template":"","meta":[],"product_brand":[],"product_cat":[108,74,86,135,68,141,265,83,71,89,111],"product_tag":[702,271,186],"class_list":{"0":"post-146347","1":"product","2":"type-product","3":"status-publish","4":"has-post-thumbnail","6":"product_cat-fotografie","7":"product_cat-hotel-cs","8":"product_cat-kancelar","9":"product_cat-krajiny","10":"product_cat-loznice","11":"product_cat-more-a-pobrezi","12":"product_cat-nocni","13":"product_cat-obyvaci-pokoj","14":"product_cat-predsin","15":"product_cat-restaurace","16":"product_cat-skandinavsky","17":"product_tag-horizontalni","18":"product_tag-tmave","19":"product_tag-vicebarevny","21":"first","22":"instock","23":"taxable","24":"shipping-taxable","25":"purchasable","26":"product-type-variable","27":"has-default-attributes"},"aioseo_notices":[],"_links":{"self":[{"href":"https:\/\/interiorposter.com\/cs\/wp-json\/wp\/v2\/product\/146347","targetHints":{"allow":["GET"]}}],"collection":[{"href":"https:\/\/interiorposter.com\/cs\/wp-json\/wp\/v2\/product"}],"about":[{"href":"https:\/\/interiorposter.com\/cs\/wp-json\/wp\/v2\/types\/product"}],"replies":[{"embeddable":true,"href":"https:\/\/interiorposter.com\/cs\/wp-json\/wp\/v2\/comments?post=146347"}],"wp:featuredmedia":[{"embeddable":true,"href":"https:\/\/interiorposter.com\/cs\/wp-json\/wp\/v2\/media\/146340"}],"wp:attachment":[{"href":"https:\/\/interiorposter.com\/cs\/wp-json\/wp\/v2\/media?parent=146347"}],"wp:term":[{"taxonomy":"product_brand","embeddable":true,"href":"https:\/\/interiorposter.com\/cs\/wp-json\/wp\/v2\/product_brand?post=146347"},{"taxonomy":"product_cat","embeddable":true,"href":"https:\/\/interiorposter.com\/cs\/wp-json\/wp\/v2\/product_cat?post=146347"},{"taxonomy":"product_tag","embeddable":true,"href":"https:\/\/interiorposter.com\/cs\/wp-json\/wp\/v2\/product_tag?post=146347"}],"curies":[{"name":"wp","href":"https:\/\/api.w.org\/{rel}","templated":true}]}}