{"id":146178,"date":"2026-05-10T02:23:48","date_gmt":"2026-05-10T00:23:48","guid":{"rendered":"https:\/\/interiorposter.com\/product\/obraz-na-plotnie-rozgwiazda-i-muszle-na-plazy\/"},"modified":"2026-02-05T07:11:54","modified_gmt":"2026-02-05T06:11:54","slug":"obraz-na-plotnie-rozgwiazda-i-muszle-na-plazy","status":"publish","type":"product","link":"https:\/\/interiorposter.com\/cs\/product\/obraz-na-plotnie-rozgwiazda-i-muszle-na-plazy\/","title":{"rendered":"Obraz na pl\u00e1tn\u011b hv\u011bzdice a mu\u0161le na pl\u00e1\u017ei"},"content":{"rendered":"<p>Slune\u010dn\u00fd obraz na pl\u00e1tn\u011b s hv\u011bzdic\u00ed a mu\u0161lemi na p\u00edsku vnese do interi\u00e9ru pr\u00e1zdninov\u00fd klid a lehkost. Tyrkysov\u00e9 mo\u0159e, modr\u00e1 obloha a tepl\u00e9 p\u00edskov\u00e9 t\u00f3ny vytv\u00e1\u0159ej\u00ed sv\u011btlou, sv\u011b\u017e\u00ed paletu, kter\u00e1 opticky otev\u00edr\u00e1 prostor. Tento obraz na ze\u010f je ide\u00e1ln\u00ed do ob\u00fdvac\u00edho pokoje, lo\u017enice, koupelny nebo p\u0159eds\u00edn\u011b, kdy\u017e chcete m\u00edt pocit pob\u0159e\u017en\u00ed pohody ka\u017ed\u00fd den. Skv\u011ble se hod\u00ed i do hotelu nebo restaurace, kde dod\u00e1 letn\u00ed energii a p\u0159\u00edjemnou, \u00fatulnou atmosf\u00e9ru.<\/p>\n","protected":false},"excerpt":{"rendered":"<p>Sv\u011btl\u00fd obraz na pl\u00e1tn\u011b s hv\u011bzdic\u00ed a mu\u0161lemi na pl\u00e1\u017ei v tyrkysov\u00fdch a p\u00edskov\u00fdch t\u00f3nech. Ide\u00e1ln\u00ed do ob\u00fdvac\u00edho pokoje a koupelny.<\/p>\n","protected":false},"featured_media":146175,"comment_status":"open","ping_status":"closed","template":"","meta":[],"product_brand":[],"product_cat":[108,74,65,68,102,141,83,71,89],"product_tag":[702,186],"class_list":{"0":"post-146178","1":"product","2":"type-product","3":"status-publish","4":"has-post-thumbnail","6":"product_cat-fotografie","7":"product_cat-hotel-cs","8":"product_cat-koupelna","9":"product_cat-loznice","10":"product_cat-minimalisticky","11":"product_cat-more-a-pobrezi","12":"product_cat-obyvaci-pokoj","13":"product_cat-predsin","14":"product_cat-restaurace","15":"product_tag-horizontalni","16":"product_tag-vicebarevny","18":"first","19":"instock","20":"taxable","21":"shipping-taxable","22":"purchasable","23":"product-type-variable","24":"has-default-attributes"},"aioseo_notices":[],"_links":{"self":[{"href":"https:\/\/interiorposter.com\/cs\/wp-json\/wp\/v2\/product\/146178","targetHints":{"allow":["GET"]}}],"collection":[{"href":"https:\/\/interiorposter.com\/cs\/wp-json\/wp\/v2\/product"}],"about":[{"href":"https:\/\/interiorposter.com\/cs\/wp-json\/wp\/v2\/types\/product"}],"replies":[{"embeddable":true,"href":"https:\/\/interiorposter.com\/cs\/wp-json\/wp\/v2\/comments?post=146178"}],"wp:featuredmedia":[{"embeddable":true,"href":"https:\/\/interiorposter.com\/cs\/wp-json\/wp\/v2\/media\/146175"}],"wp:attachment":[{"href":"https:\/\/interiorposter.com\/cs\/wp-json\/wp\/v2\/media?parent=146178"}],"wp:term":[{"taxonomy":"product_brand","embeddable":true,"href":"https:\/\/interiorposter.com\/cs\/wp-json\/wp\/v2\/product_brand?post=146178"},{"taxonomy":"product_cat","embeddable":true,"href":"https:\/\/interiorposter.com\/cs\/wp-json\/wp\/v2\/product_cat?post=146178"},{"taxonomy":"product_tag","embeddable":true,"href":"https:\/\/interiorposter.com\/cs\/wp-json\/wp\/v2\/product_tag?post=146178"}],"curies":[{"name":"wp","href":"https:\/\/api.w.org\/{rel}","templated":true}]}}