{"id":145954,"date":"2026-02-05T04:28:25","date_gmt":"2026-02-05T03:28:25","guid":{"rendered":"https:\/\/interiorposter.com\/product\/obraz-na-plotnie-pastelowa-abstrakcja-geometryczna\/"},"modified":"2026-02-05T04:31:11","modified_gmt":"2026-02-05T03:31:11","slug":"obraz-na-plotnie-pastelowa-abstrakcja-geometryczna","status":"publish","type":"product","link":"https:\/\/interiorposter.com\/cs\/product\/obraz-na-plotnie-pastelowa-abstrakcja-geometryczna\/","title":{"rendered":"Obraz na pl\u00e1tn\u011b pastelov\u00e1 geometrick\u00e1 abstrakce"},"content":{"rendered":"<p>Jemn\u00fd obraz na pl\u00e1tn\u011b s geometrickou kompozic\u00ed vnese do interi\u00e9ru klid a eleganci. Hebk\u00e9 p\u0159echody b\u00edl\u00e9 a sv\u011btle \u0161ed\u00e9, dopln\u011bn\u00e9 pastelovou b\u00e9\u017eovou a tenk\u00fdmi liniemi v odst\u00ednu r\u016f\u017eov\u00e9ho zlata, vytv\u00e1\u0159ej\u00ed lehk\u00fd a harmonick\u00fd dojem. Tento obraz na ze\u010f je ide\u00e1ln\u00ed do ob\u00fdvac\u00edho pokoje, lo\u017enice nebo kancel\u00e1\u0159e, kdy\u017e chcete prostoru dodat sv\u011btlo a noblesu. Skv\u011ble se hod\u00ed i do p\u0159eds\u00edn\u011b, hotelu nebo restaurace a podtrhne modern\u00ed a minimalistickou atmosf\u00e9ru.<\/p>\n","protected":false},"excerpt":{"rendered":"<p>Sv\u011btl\u00fd pastelov\u00fd obraz na pl\u00e1tn\u011b s geometrick\u00fdm motivem a akcentem r\u016f\u017eov\u00e9ho zlata do ob\u00fdvac\u00edho pokoje, lo\u017enice a kancel\u00e1\u0159e.<\/p>\n","protected":false},"featured_media":180609,"comment_status":"open","ping_status":"closed","template":"","meta":[],"product_brand":[],"product_cat":[95,210,74,86,207,68,102,105,83,71,89,111],"product_tag":[702,277,274],"class_list":{"0":"post-145954","1":"product","2":"type-product","3":"status-publish","4":"has-post-thumbnail","6":"product_cat-abstraktni","7":"product_cat-geometricke","8":"product_cat-hotel-cs","9":"product_cat-kancelar","10":"product_cat-konceptualni-umeni","11":"product_cat-loznice","12":"product_cat-minimalisticky","13":"product_cat-moderni","14":"product_cat-obyvaci-pokoj","15":"product_cat-predsin","16":"product_cat-restaurace","17":"product_cat-skandinavsky","18":"product_tag-horizontalni","19":"product_tag-pastelove","20":"product_tag-svetle","22":"first","23":"instock","24":"taxable","25":"shipping-taxable","26":"purchasable","27":"product-type-variable","28":"has-default-attributes"},"aioseo_notices":[],"_links":{"self":[{"href":"https:\/\/interiorposter.com\/cs\/wp-json\/wp\/v2\/product\/145954","targetHints":{"allow":["GET"]}}],"collection":[{"href":"https:\/\/interiorposter.com\/cs\/wp-json\/wp\/v2\/product"}],"about":[{"href":"https:\/\/interiorposter.com\/cs\/wp-json\/wp\/v2\/types\/product"}],"replies":[{"embeddable":true,"href":"https:\/\/interiorposter.com\/cs\/wp-json\/wp\/v2\/comments?post=145954"}],"wp:featuredmedia":[{"embeddable":true,"href":"https:\/\/interiorposter.com\/cs\/wp-json\/wp\/v2\/media\/180609"}],"wp:attachment":[{"href":"https:\/\/interiorposter.com\/cs\/wp-json\/wp\/v2\/media?parent=145954"}],"wp:term":[{"taxonomy":"product_brand","embeddable":true,"href":"https:\/\/interiorposter.com\/cs\/wp-json\/wp\/v2\/product_brand?post=145954"},{"taxonomy":"product_cat","embeddable":true,"href":"https:\/\/interiorposter.com\/cs\/wp-json\/wp\/v2\/product_cat?post=145954"},{"taxonomy":"product_tag","embeddable":true,"href":"https:\/\/interiorposter.com\/cs\/wp-json\/wp\/v2\/product_tag?post=145954"}],"curies":[{"name":"wp","href":"https:\/\/api.w.org\/{rel}","templated":true}]}}