{"id":145092,"date":"2026-01-28T23:19:47","date_gmt":"2026-01-28T22:19:47","guid":{"rendered":"https:\/\/interiorposter.com\/product\/plakat-krakow-wawel-wsrod-kwitnacych-magnolii\/"},"modified":"2026-01-28T23:23:28","modified_gmt":"2026-01-28T22:23:28","slug":"plakat-krakow-wawel-wsrod-kwitnacych-magnolii","status":"publish","type":"product","link":"https:\/\/interiorposter.com\/cs\/product\/plakat-krakow-wawel-wsrod-kwitnacych-magnolii\/","title":{"rendered":"Plak\u00e1t Krakov: Wawel mezi kvetouc\u00edmi magn\u00f3liemi"},"content":{"rendered":"<p>Tento fotografick\u00fd plak\u00e1t spojuje ikonick\u00fd Krakov s jarn\u00ed lehkost\u00ed: wawelsk\u00e1 v\u011b\u017e se zved\u00e1 nad z\u00e1plavou kvetouc\u00edch magn\u00f3li\u00ed. Z\u00e1b\u011br je pln\u00fd detail\u016f a p\u0159itom p\u016fsob\u00ed velmi harmonicky, tak\u017ee se skv\u011ble hod\u00ed jako dekorace na ze\u010f, kter\u00e1 interi\u00e9r z\u00fatuln\u00ed a dod\u00e1 mu sv\u011b\u017e\u00ed energii. Barevnost je \u017eiv\u00e1 a jasn\u00e1: syt\u011b modr\u00e9 nebe, tepl\u00e9 cihlov\u00e9 t\u00f3ny zdiva a v\u00fdrazn\u00e9 r\u016f\u017eovo b\u00edl\u00e9 kv\u011bty vytv\u00e1\u0159ej\u00ed energick\u00fd, ale elegantn\u00ed kontrast. Je to ide\u00e1ln\u00ed volba do ob\u00fdvac\u00edho pokoje, lo\u017enice, kuchyn\u011b \u010di p\u0159eds\u00edn\u011b, stejn\u011b tak do kancel\u00e1\u0159e, hotelu nebo restaurace, kde chcete navodit pozitivn\u00ed atmosf\u00e9ru a m\u011bstsk\u00fd motiv. Pokud hled\u00e1te obraz do ob\u00fdv\u00e1ku s rostlinn\u00fdm akcentem a m\u011bstskou eleganc\u00ed, tento plak\u00e1t upout\u00e1 pozornost a udr\u017e\u00ed jaro po cel\u00fd rok.<\/p>\n","protected":false},"excerpt":{"rendered":"<p>Jarn\u00ed plak\u00e1t z Krakova: Wawel nad kvetouc\u00edmi magn\u00f3liemi, jasn\u00e9 barvy a elegantn\u00ed kontrast, ide\u00e1ln\u00ed do ob\u00fdv\u00e1ku, lo\u017enice nebo kancel\u00e1\u0159e.<\/p>\n","protected":false},"featured_media":145089,"comment_status":"open","ping_status":"closed","template":"","meta":[],"product_brand":[],"product_cat":[108,74,86,135,68,120,83,71,89,123],"product_tag":[704,186],"class_list":{"0":"post-145092","1":"product","2":"type-product","3":"status-publish","4":"has-post-thumbnail","6":"product_cat-fotografie","7":"product_cat-hotel-cs","8":"product_cat-kancelar","9":"product_cat-krajiny","10":"product_cat-loznice","11":"product_cat-mesta-a-mosty","12":"product_cat-obyvaci-pokoj","13":"product_cat-predsin","14":"product_cat-restaurace","15":"product_cat-rostliny-a-kvetiny","16":"product_tag-vertikalni","17":"product_tag-vicebarevny","19":"first","20":"instock","21":"taxable","22":"shipping-taxable","23":"purchasable","24":"product-type-variable","25":"has-default-attributes"},"aioseo_notices":[],"_links":{"self":[{"href":"https:\/\/interiorposter.com\/cs\/wp-json\/wp\/v2\/product\/145092","targetHints":{"allow":["GET"]}}],"collection":[{"href":"https:\/\/interiorposter.com\/cs\/wp-json\/wp\/v2\/product"}],"about":[{"href":"https:\/\/interiorposter.com\/cs\/wp-json\/wp\/v2\/types\/product"}],"replies":[{"embeddable":true,"href":"https:\/\/interiorposter.com\/cs\/wp-json\/wp\/v2\/comments?post=145092"}],"wp:featuredmedia":[{"embeddable":true,"href":"https:\/\/interiorposter.com\/cs\/wp-json\/wp\/v2\/media\/145089"}],"wp:attachment":[{"href":"https:\/\/interiorposter.com\/cs\/wp-json\/wp\/v2\/media?parent=145092"}],"wp:term":[{"taxonomy":"product_brand","embeddable":true,"href":"https:\/\/interiorposter.com\/cs\/wp-json\/wp\/v2\/product_brand?post=145092"},{"taxonomy":"product_cat","embeddable":true,"href":"https:\/\/interiorposter.com\/cs\/wp-json\/wp\/v2\/product_cat?post=145092"},{"taxonomy":"product_tag","embeddable":true,"href":"https:\/\/interiorposter.com\/cs\/wp-json\/wp\/v2\/product_tag?post=145092"}],"curies":[{"name":"wp","href":"https:\/\/api.w.org\/{rel}","templated":true}]}}