{"id":144905,"date":"2026-01-28T22:50:08","date_gmt":"2026-01-28T21:50:08","guid":{"rendered":"https:\/\/interiorposter.com\/product\/plakat-panorama-krakowa-z-wiezy-mariackiej-na-rynek\/"},"modified":"2026-01-28T22:53:37","modified_gmt":"2026-01-28T21:53:37","slug":"plakat-panorama-krakowa-z-wiezy-mariackiej-na-rynek","status":"publish","type":"product","link":"https:\/\/interiorposter.com\/cs\/product\/plakat-panorama-krakowa-z-wiezy-mariackiej-na-rynek\/","title":{"rendered":"Plak\u00e1t panorama Krakova z v\u011b\u017ee kostela Panny Marie na n\u00e1m\u011bst\u00ed"},"content":{"rendered":"<p>Tento fotografick\u00fd plak\u00e1t ukazuje Krakov z jedine\u010dn\u00e9 perspektivy: pohled z okol\u00ed v\u011b\u017ee kostela Panny Marie na Hlavn\u00ed n\u00e1m\u011bst\u00ed a Sukiennice. Kompozice spojuje monument\u00e1ln\u00ed architekturu se \u0161irok\u00fdm panoramatem m\u011bsta, tak\u017ee interi\u00e9ru dod\u00e1 vzdu\u0161nost a jemnou cestovatelskou atmosf\u00e9ru. Barevnost je sv\u011btl\u00e1 a pastelov\u00e1 &#8211; modr\u00e1 obloha, m\u011bkk\u00e9 b\u00e9\u017eov\u00e9 a \u0161ed\u00e9 t\u00f3ny n\u00e1m\u011bst\u00ed a tepl\u00e9 odst\u00edny cihel vytv\u00e1\u0159ej\u00ed klidn\u00fd, elegantn\u00ed dojem. Skv\u011ble se hod\u00ed jako dekorace na ze\u010f do ob\u00fdvac\u00edho pokoje, lo\u017enice, pracovny \u010di p\u0159eds\u00edn\u011b, stejn\u011b tak do hotelu a restaurace, kde z\u00e1le\u017e\u00ed na charakteru m\u00edsta a stylu. Pokud hled\u00e1te obraz do ob\u00fdv\u00e1ku s m\u011bstsk\u00fdm v\u00fdhledem, tento plak\u00e1t upout\u00e1, ale nebude dominovat cel\u00e9 aran\u017ei.<\/p>\n","protected":false},"excerpt":{"rendered":"<p>Sv\u011btl\u00fd, pastelov\u00fd plak\u00e1t Krakova &#8211; pohled z v\u011b\u017ee kostela Panny Marie na Hlavn\u00ed n\u00e1m\u011bst\u00ed a Sukiennice, ide\u00e1ln\u00ed do ob\u00fdv\u00e1ku, pracovny nebo lo\u017enice.<\/p>\n","protected":false},"featured_media":92458,"comment_status":"open","ping_status":"closed","template":"","meta":[],"product_brand":[],"product_cat":[108,74,86,135,68,120,83,71,89],"product_tag":[277,704,186],"class_list":{"0":"post-144905","1":"product","2":"type-product","3":"status-publish","4":"has-post-thumbnail","6":"product_cat-fotografie","7":"product_cat-hotel-cs","8":"product_cat-kancelar","9":"product_cat-krajiny","10":"product_cat-loznice","11":"product_cat-mesta-a-mosty","12":"product_cat-obyvaci-pokoj","13":"product_cat-predsin","14":"product_cat-restaurace","15":"product_tag-pastelove","16":"product_tag-vertikalni","17":"product_tag-vicebarevny","19":"first","20":"instock","21":"taxable","22":"shipping-taxable","23":"purchasable","24":"product-type-variable","25":"has-default-attributes"},"aioseo_notices":[],"_links":{"self":[{"href":"https:\/\/interiorposter.com\/cs\/wp-json\/wp\/v2\/product\/144905","targetHints":{"allow":["GET"]}}],"collection":[{"href":"https:\/\/interiorposter.com\/cs\/wp-json\/wp\/v2\/product"}],"about":[{"href":"https:\/\/interiorposter.com\/cs\/wp-json\/wp\/v2\/types\/product"}],"replies":[{"embeddable":true,"href":"https:\/\/interiorposter.com\/cs\/wp-json\/wp\/v2\/comments?post=144905"}],"wp:featuredmedia":[{"embeddable":true,"href":"https:\/\/interiorposter.com\/cs\/wp-json\/wp\/v2\/media\/92458"}],"wp:attachment":[{"href":"https:\/\/interiorposter.com\/cs\/wp-json\/wp\/v2\/media?parent=144905"}],"wp:term":[{"taxonomy":"product_brand","embeddable":true,"href":"https:\/\/interiorposter.com\/cs\/wp-json\/wp\/v2\/product_brand?post=144905"},{"taxonomy":"product_cat","embeddable":true,"href":"https:\/\/interiorposter.com\/cs\/wp-json\/wp\/v2\/product_cat?post=144905"},{"taxonomy":"product_tag","embeddable":true,"href":"https:\/\/interiorposter.com\/cs\/wp-json\/wp\/v2\/product_tag?post=144905"}],"curies":[{"name":"wp","href":"https:\/\/api.w.org\/{rel}","templated":true}]}}