{"id":144672,"date":"2026-01-27T00:45:36","date_gmt":"2026-01-26T23:45:36","guid":{"rendered":"https:\/\/interiorposter.com\/product\/panorama-warszawy-o-zachodzie-slonca-na-plotnie\/"},"modified":"2026-01-27T00:47:29","modified_gmt":"2026-01-26T23:47:29","slug":"panorama-warszawy-o-zachodzie-slonca-na-plotnie","status":"publish","type":"product","link":"https:\/\/interiorposter.com\/cs\/product\/panorama-warszawy-o-zachodzie-slonca-na-plotnie\/","title":{"rendered":"Panorama Var\u0161avy p\u0159i z\u00e1padu slunce na pl\u00e1tn\u011b"},"content":{"rendered":"<p>Fotografie panoramatu Var\u0161avy p\u0159i z\u00e1padu slunce je obraz na pl\u00e1tn\u011b, kter\u00fd do interi\u00e9ru p\u0159in\u00e1\u0161\u00ed velkom\u011bstskou atmosf\u00e9ru a elegantn\u00ed energii. Tepl\u00e9 zlat\u00e9 a oran\u017eov\u00e9 t\u00f3ny se spojuj\u00ed s chladn\u00fdmi modr\u00fdmi odst\u00edny oblohy a grafitovou architekturou mrakodrap\u016f, \u010d\u00edm\u017e vznik\u00e1 p\u016fsobiv\u00e1 kontrastn\u00ed barevnost. Tento obraz do ob\u00fdvac\u00edho pokoje skv\u011ble podtrhne modern\u00ed za\u0159\u00edzen\u00ed, a v kancel\u00e1\u0159i dod\u00e1 motivaci i profesion\u00e1ln\u00ed charakter. Hod\u00ed se tak\u00e9 do lo\u017enice, chodby, hotelu a restaurace jako v\u00fdrazn\u00e1 dekorace na ze\u010f pro milovn\u00edky m\u011bst.<\/p>\n","protected":false},"excerpt":{"rendered":"<p>Panorama Var\u0161avy na pl\u00e1tn\u011b p\u0159i z\u00e1padu slunce. Kontrast zlata a mod\u0159i a modern\u00ed mrakodrapy tvo\u0159\u00ed stylovou dekoraci do ob\u00fdv\u00e1ku, kancel\u00e1\u0159e i hotelu.<\/p>\n","protected":false},"featured_media":144665,"comment_status":"open","ping_status":"closed","template":"","meta":[],"product_brand":[],"product_cat":[108,74,86,68,120,105,265,83,71,89],"product_tag":[702,271,186],"class_list":{"0":"post-144672","1":"product","2":"type-product","3":"status-publish","4":"has-post-thumbnail","6":"product_cat-fotografie","7":"product_cat-hotel-cs","8":"product_cat-kancelar","9":"product_cat-loznice","10":"product_cat-mesta-a-mosty","11":"product_cat-moderni","12":"product_cat-nocni","13":"product_cat-obyvaci-pokoj","14":"product_cat-predsin","15":"product_cat-restaurace","16":"product_tag-horizontalni","17":"product_tag-tmave","18":"product_tag-vicebarevny","20":"first","21":"instock","22":"taxable","23":"shipping-taxable","24":"purchasable","25":"product-type-variable","26":"has-default-attributes"},"aioseo_notices":[],"_links":{"self":[{"href":"https:\/\/interiorposter.com\/cs\/wp-json\/wp\/v2\/product\/144672","targetHints":{"allow":["GET"]}}],"collection":[{"href":"https:\/\/interiorposter.com\/cs\/wp-json\/wp\/v2\/product"}],"about":[{"href":"https:\/\/interiorposter.com\/cs\/wp-json\/wp\/v2\/types\/product"}],"replies":[{"embeddable":true,"href":"https:\/\/interiorposter.com\/cs\/wp-json\/wp\/v2\/comments?post=144672"}],"wp:featuredmedia":[{"embeddable":true,"href":"https:\/\/interiorposter.com\/cs\/wp-json\/wp\/v2\/media\/144665"}],"wp:attachment":[{"href":"https:\/\/interiorposter.com\/cs\/wp-json\/wp\/v2\/media?parent=144672"}],"wp:term":[{"taxonomy":"product_brand","embeddable":true,"href":"https:\/\/interiorposter.com\/cs\/wp-json\/wp\/v2\/product_brand?post=144672"},{"taxonomy":"product_cat","embeddable":true,"href":"https:\/\/interiorposter.com\/cs\/wp-json\/wp\/v2\/product_cat?post=144672"},{"taxonomy":"product_tag","embeddable":true,"href":"https:\/\/interiorposter.com\/cs\/wp-json\/wp\/v2\/product_tag?post=144672"}],"curies":[{"name":"wp","href":"https:\/\/api.w.org\/{rel}","templated":true}]}}