{"id":144621,"date":"2026-01-27T00:11:10","date_gmt":"2026-01-26T23:11:10","guid":{"rendered":"https:\/\/interiorposter.com\/product\/vintage-mapa-swiata-obraz-na-plotnie-retro-w-sepii\/"},"modified":"2026-01-27T00:19:17","modified_gmt":"2026-01-26T23:19:17","slug":"vintage-mapa-swiata-obraz-na-plotnie-retro-w-sepii","status":"publish","type":"product","link":"https:\/\/interiorposter.com\/cs\/product\/vintage-mapa-swiata-obraz-na-plotnie-retro-w-sepii\/","title":{"rendered":"Vintage mapa sv\u011bta na pl\u00e1tn\u011b retro v sepii"},"content":{"rendered":"<p>Stylizovan\u00e1 mapa sv\u011bta jako obraz na pl\u00e1tn\u011b vnese do interi\u00e9ru atmosf\u00e9ru d\u00e1vn\u00fdch cest a objev\u016f. Patinovan\u00e9 pozad\u00ed v tepl\u00e9 sepii, hn\u011bd\u00fdch a b\u00e9\u017eov\u00fdch t\u00f3nech dopl\u0148uj\u00ed p\u0159esn\u00e9 obrysy kontinent\u016f, naviga\u010dn\u00ed linie a v\u011btrn\u00e9 r\u016f\u017eice, d\u00edky \u010demu\u017e vznik\u00e1 elegantn\u00ed dekorace se sb\u011bratelsk\u00fdm n\u00e1dechem. Skv\u011ble se hod\u00ed jako obraz do ob\u00fdvac\u00edho pokoje i kancel\u00e1\u0159e, stejn\u011b tak do lo\u017enice, chodby, hotelu nebo restaurace, kde prostoru dod\u00e1 styl a p\u0159\u00edb\u011bh. Tlumen\u00e1 paleta lad\u00ed se d\u0159evem, k\u016f\u017e\u00ed i \u010dern\u00fdmi detaily a zapadne do industri\u00e1ln\u00edch, loftov\u00fdch i klasick\u00fdch interi\u00e9r\u016f.<\/p>\n","protected":false},"excerpt":{"rendered":"<p>Vintage mapa sv\u011bta na pl\u00e1tn\u011b v sepii a tepl\u00fdch hn\u011bd\u00fdch t\u00f3nech, s naviga\u010dn\u00edmi liniemi a v\u011btrn\u00fdmi r\u016f\u017eicemi. Elegantn\u00ed dekorace na ze\u010f do ob\u00fdv\u00e1ku, kancel\u00e1\u0159e nebo hotelu.<\/p>\n","protected":false},"featured_media":144594,"comment_status":"open","ping_status":"closed","template":"","meta":[],"product_brand":[],"product_cat":[74,289,86,68,300,83,71,89],"product_tag":[702,274],"class_list":{"0":"post-144621","1":"product","2":"type-product","3":"status-publish","4":"has-post-thumbnail","6":"product_cat-hotel-cs","7":"product_cat-ilustrace","8":"product_cat-kancelar","9":"product_cat-loznice","10":"product_cat-mapy","11":"product_cat-obyvaci-pokoj","12":"product_cat-predsin","13":"product_cat-restaurace","14":"product_tag-horizontalni","15":"product_tag-svetle","17":"first","18":"instock","19":"taxable","20":"shipping-taxable","21":"purchasable","22":"product-type-variable","23":"has-default-attributes"},"aioseo_notices":[],"_links":{"self":[{"href":"https:\/\/interiorposter.com\/cs\/wp-json\/wp\/v2\/product\/144621","targetHints":{"allow":["GET"]}}],"collection":[{"href":"https:\/\/interiorposter.com\/cs\/wp-json\/wp\/v2\/product"}],"about":[{"href":"https:\/\/interiorposter.com\/cs\/wp-json\/wp\/v2\/types\/product"}],"replies":[{"embeddable":true,"href":"https:\/\/interiorposter.com\/cs\/wp-json\/wp\/v2\/comments?post=144621"}],"wp:featuredmedia":[{"embeddable":true,"href":"https:\/\/interiorposter.com\/cs\/wp-json\/wp\/v2\/media\/144594"}],"wp:attachment":[{"href":"https:\/\/interiorposter.com\/cs\/wp-json\/wp\/v2\/media?parent=144621"}],"wp:term":[{"taxonomy":"product_brand","embeddable":true,"href":"https:\/\/interiorposter.com\/cs\/wp-json\/wp\/v2\/product_brand?post=144621"},{"taxonomy":"product_cat","embeddable":true,"href":"https:\/\/interiorposter.com\/cs\/wp-json\/wp\/v2\/product_cat?post=144621"},{"taxonomy":"product_tag","embeddable":true,"href":"https:\/\/interiorposter.com\/cs\/wp-json\/wp\/v2\/product_tag?post=144621"}],"curies":[{"name":"wp","href":"https:\/\/api.w.org\/{rel}","templated":true}]}}