{"id":144542,"date":"2026-01-26T23:51:26","date_gmt":"2026-01-26T22:51:26","guid":{"rendered":"https:\/\/interiorposter.com\/product\/kolorowa-mapa-swiata-obraz-na-plotnie-w-stylu-akwarelowym\/"},"modified":"2026-01-26T23:54:37","modified_gmt":"2026-01-26T22:54:37","slug":"kolorowa-mapa-swiata-obraz-na-plotnie-w-stylu-akwarelowym","status":"publish","type":"product","link":"https:\/\/interiorposter.com\/cs\/product\/kolorowa-mapa-swiata-obraz-na-plotnie-w-stylu-akwarelowym\/","title":{"rendered":"Barevn\u00e1 mapa sv\u011bta na pl\u00e1tn\u011b ve stylu akvarelu"},"content":{"rendered":"<p>Barevn\u00e1 mapa sv\u011bta jako obraz na pl\u00e1tn\u011b p\u0159in\u00e1\u0161\u00ed do interi\u00e9ru lehkost a pozitivn\u00ed atmosf\u00e9ru. Kontinenty tvo\u0159\u00ed v\u00fdraznou kompozici modr\u00e9, \u017elut\u00e9, zelen\u00e9, \u010derven\u00e9 i r\u016f\u017eov\u00e9 na sv\u011btl\u00e9m pozad\u00ed s dynamick\u00fdm efektem c\u00e1kanc\u016f, d\u00edky \u010demu\u017e dekorace kr\u00e1sn\u011b o\u017eiv\u00ed prostor, ani\u017e by p\u016fsobila t\u011b\u017ece. Skv\u011ble se hod\u00ed jako obraz do ob\u00fdvac\u00edho pokoje, a tak\u00e9 do kancel\u00e1\u0159e, lo\u017enice, chodby, hotelu i restaurace. Vynikne zejm\u00e9na v modern\u00edm, minimalistick\u00e9m a skandin\u00e1vsk\u00e9m stylu, podtrhne v\u00e1\u0161e\u0148 pro cestov\u00e1n\u00ed a dod\u00e1 zdi v\u00fdrazn\u00fd akcent.<\/p>\n","protected":false},"excerpt":{"rendered":"<p>Barevn\u00e1 mapa sv\u011bta na pl\u00e1tn\u011b s efektem c\u00e1kanc\u016f. Modern\u00ed dekorace na ze\u010f do ob\u00fdv\u00e1ku i kancel\u00e1\u0159e s cestovatelskou atmosf\u00e9rou.<\/p>\n","protected":false},"featured_media":144523,"comment_status":"open","ping_status":"closed","template":"","meta":[],"product_brand":[],"product_cat":[74,289,86,207,68,297,300,102,105,83,71,89,111],"product_tag":[702,186],"class_list":{"0":"post-144542","1":"product","2":"type-product","3":"status-publish","4":"has-post-thumbnail","6":"product_cat-hotel-cs","7":"product_cat-ilustrace","8":"product_cat-kancelar","9":"product_cat-konceptualni-umeni","10":"product_cat-loznice","11":"product_cat-malirsky","12":"product_cat-mapy","13":"product_cat-minimalisticky","14":"product_cat-moderni","15":"product_cat-obyvaci-pokoj","16":"product_cat-predsin","17":"product_cat-restaurace","18":"product_cat-skandinavsky","19":"product_tag-horizontalni","20":"product_tag-vicebarevny","22":"first","23":"instock","24":"taxable","25":"shipping-taxable","26":"purchasable","27":"product-type-variable","28":"has-default-attributes"},"aioseo_notices":[],"_links":{"self":[{"href":"https:\/\/interiorposter.com\/cs\/wp-json\/wp\/v2\/product\/144542","targetHints":{"allow":["GET"]}}],"collection":[{"href":"https:\/\/interiorposter.com\/cs\/wp-json\/wp\/v2\/product"}],"about":[{"href":"https:\/\/interiorposter.com\/cs\/wp-json\/wp\/v2\/types\/product"}],"replies":[{"embeddable":true,"href":"https:\/\/interiorposter.com\/cs\/wp-json\/wp\/v2\/comments?post=144542"}],"wp:featuredmedia":[{"embeddable":true,"href":"https:\/\/interiorposter.com\/cs\/wp-json\/wp\/v2\/media\/144523"}],"wp:attachment":[{"href":"https:\/\/interiorposter.com\/cs\/wp-json\/wp\/v2\/media?parent=144542"}],"wp:term":[{"taxonomy":"product_brand","embeddable":true,"href":"https:\/\/interiorposter.com\/cs\/wp-json\/wp\/v2\/product_brand?post=144542"},{"taxonomy":"product_cat","embeddable":true,"href":"https:\/\/interiorposter.com\/cs\/wp-json\/wp\/v2\/product_cat?post=144542"},{"taxonomy":"product_tag","embeddable":true,"href":"https:\/\/interiorposter.com\/cs\/wp-json\/wp\/v2\/product_tag?post=144542"}],"curies":[{"name":"wp","href":"https:\/\/api.w.org\/{rel}","templated":true}]}}