{"id":144408,"date":"2026-01-26T23:07:57","date_gmt":"2026-01-26T22:07:57","guid":{"rendered":"https:\/\/interiorposter.com\/product\/mapa-swiata-czarno-biala-na-plotnie-industrialna\/"},"modified":"2026-01-26T23:10:43","modified_gmt":"2026-01-26T22:10:43","slug":"mapa-swiata-czarno-biala-na-plotnie-industrialna","status":"publish","type":"product","link":"https:\/\/interiorposter.com\/cs\/product\/mapa-swiata-czarno-biala-na-plotnie-industrialna\/","title":{"rendered":"\u010cern\u00e1 b\u00edl\u00e1 mapa sv\u011bta na pl\u00e1tn\u011b industri\u00e1ln\u00ed"},"content":{"rendered":"<p>Surov\u00e1 mapa sv\u011bta na pl\u00e1tn\u011b zaujme siln\u00fdm kontrastem \u010dern\u00e9 a \u0161ed\u00e9 a betonovou strukturou pozad\u00ed. Tento modern\u00ed obraz na ze\u010f dod\u00e1 interi\u00e9ru charakter a podtrhne v\u00e1\u0161e\u0148 pro cestov\u00e1n\u00ed, byznys nebo geografii. Skv\u011ble se hod\u00ed do ob\u00fdvac\u00edho pokoje, kancel\u00e1\u0159e, lo\u017enice, chodby, hotelu i restaurace, zejm\u00e9na v industri\u00e1ln\u00edm a minimalistick\u00e9m stylu. Monochromatick\u00e1 paleta se snadno kombinuje se d\u0159evem, kovem i sv\u011btl\u00fdm n\u00e1bytkem a vytv\u00e1\u0159\u00ed elegantn\u00ed, sjednocen\u00fd dojem.<\/p>\n","protected":false},"excerpt":{"rendered":"<p>Monochromatick\u00e1 mapa sv\u011bta na pl\u00e1tn\u011b s betonovou strukturou. Industri\u00e1ln\u00ed akcent do ob\u00fdv\u00e1ku i kancel\u00e1\u0159e, kter\u00fd dod\u00e1 interi\u00e9ru charakter a cestovatelskou atmosf\u00e9ru.<\/p>\n","protected":false},"featured_media":144405,"comment_status":"open","ping_status":"closed","template":"","meta":[],"product_brand":[],"product_cat":[74,132,86,68,300,102,105,83,71,89],"product_tag":[702,180],"class_list":{"0":"post-144408","1":"product","2":"type-product","3":"status-publish","4":"has-post-thumbnail","6":"product_cat-hotel-cs","7":"product_cat-industrialni","8":"product_cat-kancelar","9":"product_cat-loznice","10":"product_cat-mapy","11":"product_cat-minimalisticky","12":"product_cat-moderni","13":"product_cat-obyvaci-pokoj","14":"product_cat-predsin","15":"product_cat-restaurace","16":"product_tag-horizontalni","17":"product_tag-seda","19":"first","20":"instock","21":"taxable","22":"shipping-taxable","23":"purchasable","24":"product-type-variable","25":"has-default-attributes"},"aioseo_notices":[],"_links":{"self":[{"href":"https:\/\/interiorposter.com\/cs\/wp-json\/wp\/v2\/product\/144408","targetHints":{"allow":["GET"]}}],"collection":[{"href":"https:\/\/interiorposter.com\/cs\/wp-json\/wp\/v2\/product"}],"about":[{"href":"https:\/\/interiorposter.com\/cs\/wp-json\/wp\/v2\/types\/product"}],"replies":[{"embeddable":true,"href":"https:\/\/interiorposter.com\/cs\/wp-json\/wp\/v2\/comments?post=144408"}],"wp:featuredmedia":[{"embeddable":true,"href":"https:\/\/interiorposter.com\/cs\/wp-json\/wp\/v2\/media\/144405"}],"wp:attachment":[{"href":"https:\/\/interiorposter.com\/cs\/wp-json\/wp\/v2\/media?parent=144408"}],"wp:term":[{"taxonomy":"product_brand","embeddable":true,"href":"https:\/\/interiorposter.com\/cs\/wp-json\/wp\/v2\/product_brand?post=144408"},{"taxonomy":"product_cat","embeddable":true,"href":"https:\/\/interiorposter.com\/cs\/wp-json\/wp\/v2\/product_cat?post=144408"},{"taxonomy":"product_tag","embeddable":true,"href":"https:\/\/interiorposter.com\/cs\/wp-json\/wp\/v2\/product_tag?post=144408"}],"curies":[{"name":"wp","href":"https:\/\/api.w.org\/{rel}","templated":true}]}}