{"id":144198,"date":"2026-01-25T01:41:53","date_gmt":"2026-01-25T00:41:53","guid":{"rendered":"https:\/\/interiorposter.com\/product\/plakat-kwiatowe-detale-w-czarnej-aluminiowej-ramie\/"},"modified":"2026-01-25T01:44:26","modified_gmt":"2026-01-25T00:44:26","slug":"plakat-kwiatowe-detale-w-czarnej-aluminiowej-ramie","status":"publish","type":"product","link":"https:\/\/interiorposter.com\/cs\/product\/plakat-kwiatowe-detale-w-czarnej-aluminiowej-ramie\/","title":{"rendered":"Plak\u00e1t Kv\u011btinov\u00e9 detaily v \u010dern\u00e9m hlin\u00edkov\u00e9m r\u00e1mu"},"content":{"rendered":"<p>Jemn\u00fd plak\u00e1t v akvarelov\u00e9m stylu, kter\u00fd vnese do interi\u00e9ru lehkost a sv\u011b\u017eest. Delik\u00e1tn\u00ed listy eukalyptu a drobn\u00e9 kv\u011bty v pastelov\u00fdch odst\u00ednech zelen\u00e9 a pudrov\u011b r\u016f\u017eov\u00e9 tvo\u0159\u00ed elegantn\u00ed kompozici s velk\u00fdm pod\u00edlem b\u00edl\u00e9, d\u00edky \u010demu\u017e prostor p\u016fsob\u00ed sv\u011btleji a klidn\u011bji. Skv\u011bl\u00e1 volba do lo\u017enice, ob\u00fdvac\u00edho pokoje, p\u0159eds\u00edn\u011b, koupelny i kuchyn\u011b, stejn\u011b tak do kancel\u00e1\u0159e, hotelu nebo restaurace, kdy\u017e chcete dodat p\u0159\u00edrodn\u00ed \u0161arm bez toho, aby dekorace dominovala. Tato dekorace vizu\u00e1ln\u011b zklidn\u00ed st\u011bnu a dod\u00e1 interi\u00e9ru harmonii.<\/p>\n","protected":false},"excerpt":{"rendered":"<p>Pastelov\u00fd plak\u00e1t s akvarelov\u00fdmi listy a kv\u011bty. Hodn\u011b b\u00edl\u00e9, jemn\u00e1 zele\u0148 a pudrov\u00e1 r\u016f\u017eov\u00e1 projasn\u00ed prostor a vytvo\u0159\u00ed klidnou, elegantn\u00ed atmosf\u00e9ru.<\/p>\n","protected":false},"featured_media":144195,"comment_status":"open","ping_status":"closed","template":"","meta":[],"product_brand":[],"product_cat":[74,289,86,65,80,68,297,102,105,83,71,89,123,111],"product_tag":[277,274,704,186],"class_list":{"0":"post-144198","1":"product","2":"type-product","3":"status-publish","4":"has-post-thumbnail","6":"product_cat-hotel-cs","7":"product_cat-ilustrace","8":"product_cat-kancelar","9":"product_cat-koupelna","10":"product_cat-kuchyne","11":"product_cat-loznice","12":"product_cat-malirsky","13":"product_cat-minimalisticky","14":"product_cat-moderni","15":"product_cat-obyvaci-pokoj","16":"product_cat-predsin","17":"product_cat-restaurace","18":"product_cat-rostliny-a-kvetiny","19":"product_cat-skandinavsky","20":"product_tag-pastelove","21":"product_tag-svetle","22":"product_tag-vertikalni","23":"product_tag-vicebarevny","25":"first","26":"instock","27":"taxable","28":"shipping-taxable","29":"purchasable","30":"product-type-variable","31":"has-default-attributes"},"aioseo_notices":[],"_links":{"self":[{"href":"https:\/\/interiorposter.com\/cs\/wp-json\/wp\/v2\/product\/144198","targetHints":{"allow":["GET"]}}],"collection":[{"href":"https:\/\/interiorposter.com\/cs\/wp-json\/wp\/v2\/product"}],"about":[{"href":"https:\/\/interiorposter.com\/cs\/wp-json\/wp\/v2\/types\/product"}],"replies":[{"embeddable":true,"href":"https:\/\/interiorposter.com\/cs\/wp-json\/wp\/v2\/comments?post=144198"}],"wp:featuredmedia":[{"embeddable":true,"href":"https:\/\/interiorposter.com\/cs\/wp-json\/wp\/v2\/media\/144195"}],"wp:attachment":[{"href":"https:\/\/interiorposter.com\/cs\/wp-json\/wp\/v2\/media?parent=144198"}],"wp:term":[{"taxonomy":"product_brand","embeddable":true,"href":"https:\/\/interiorposter.com\/cs\/wp-json\/wp\/v2\/product_brand?post=144198"},{"taxonomy":"product_cat","embeddable":true,"href":"https:\/\/interiorposter.com\/cs\/wp-json\/wp\/v2\/product_cat?post=144198"},{"taxonomy":"product_tag","embeddable":true,"href":"https:\/\/interiorposter.com\/cs\/wp-json\/wp\/v2\/product_tag?post=144198"}],"curies":[{"name":"wp","href":"https:\/\/api.w.org\/{rel}","templated":true}]}}