{"id":143904,"date":"2026-01-25T00:01:33","date_gmt":"2026-01-24T23:01:33","guid":{"rendered":"https:\/\/interiorposter.com\/product\/pomarancze-na-drewnianej-desce-obraz-na-plotnie\/"},"modified":"2026-01-25T00:03:36","modified_gmt":"2026-01-24T23:03:36","slug":"pomarancze-na-drewnianej-desce-obraz-na-plotnie","status":"publish","type":"product","link":"https:\/\/interiorposter.com\/cs\/product\/pomarancze-na-drewnianej-desce-obraz-na-plotnie\/","title":{"rendered":"Pomeran\u010de na d\u0159ev\u011bn\u00e9m prk\u00e9nku, obraz na pl\u00e1tn\u011b"},"content":{"rendered":"<p>Tento obraz na pl\u00e1tn\u011b zobrazuje \u0161\u0165avnat\u00e9 pomeran\u010de naaran\u017eovan\u00e9 na d\u0159ev\u011bn\u00e9m prk\u00e9nku, s detailem rozkrojen\u00e9ho plodu a \u010derstv\u00fdmi zelen\u00fdmi listy. Tepl\u00e1, p\u0159irozen\u00e1 paleta oran\u017eov\u00fdch a zlat\u00fdch t\u00f3n\u016f kr\u00e1sn\u011b kontrastuje s tmav\u0161\u00edm pozad\u00edm a vytv\u00e1\u0159\u00ed \u00fatulnou, l\u00e1kavou atmosf\u00e9ru. Skv\u011ble se hod\u00ed do kuchyn\u011b a j\u00eddelny, a v restauraci nebo hotelu podtrhne sv\u011b\u017eest a kvalitu. Vynikne tak\u00e9 v ob\u00fdv\u00e1ku \u010di kancel\u00e1\u0159i jako elegantn\u00ed akcent, kter\u00fd interi\u00e9r z\u00fatuln\u00ed a dod\u00e1 mu energii.<\/p>\n","protected":false},"excerpt":{"rendered":"<p>Tepl\u00fd obraz na pl\u00e1tn\u011b s pomeran\u010di a listy na d\u0159ev\u011bn\u00e9m prk\u00e9nku. Ide\u00e1ln\u00ed do kuchyn\u011b, j\u00eddelny i restaurace, vnese sv\u011b\u017eest, chu\u0165 a \u00fatuln\u00fd dojem.<\/p>\n","protected":false},"featured_media":143901,"comment_status":"open","ping_status":"closed","template":"","meta":[],"product_brand":[],"product_cat":[108,74,126,86,80,138,102,83,89],"product_tag":[702,271,186],"class_list":{"0":"post-143904","1":"product","2":"type-product","3":"status-publish","4":"has-post-thumbnail","6":"product_cat-fotografie","7":"product_cat-hotel-cs","8":"product_cat-jidlo","9":"product_cat-kancelar","10":"product_cat-kuchyne","11":"product_cat-makro","12":"product_cat-minimalisticky","13":"product_cat-obyvaci-pokoj","14":"product_cat-restaurace","15":"product_tag-horizontalni","16":"product_tag-tmave","17":"product_tag-vicebarevny","19":"first","20":"instock","21":"taxable","22":"shipping-taxable","23":"purchasable","24":"product-type-variable","25":"has-default-attributes"},"aioseo_notices":[],"_links":{"self":[{"href":"https:\/\/interiorposter.com\/cs\/wp-json\/wp\/v2\/product\/143904","targetHints":{"allow":["GET"]}}],"collection":[{"href":"https:\/\/interiorposter.com\/cs\/wp-json\/wp\/v2\/product"}],"about":[{"href":"https:\/\/interiorposter.com\/cs\/wp-json\/wp\/v2\/types\/product"}],"replies":[{"embeddable":true,"href":"https:\/\/interiorposter.com\/cs\/wp-json\/wp\/v2\/comments?post=143904"}],"wp:featuredmedia":[{"embeddable":true,"href":"https:\/\/interiorposter.com\/cs\/wp-json\/wp\/v2\/media\/143901"}],"wp:attachment":[{"href":"https:\/\/interiorposter.com\/cs\/wp-json\/wp\/v2\/media?parent=143904"}],"wp:term":[{"taxonomy":"product_brand","embeddable":true,"href":"https:\/\/interiorposter.com\/cs\/wp-json\/wp\/v2\/product_brand?post=143904"},{"taxonomy":"product_cat","embeddable":true,"href":"https:\/\/interiorposter.com\/cs\/wp-json\/wp\/v2\/product_cat?post=143904"},{"taxonomy":"product_tag","embeddable":true,"href":"https:\/\/interiorposter.com\/cs\/wp-json\/wp\/v2\/product_tag?post=143904"}],"curies":[{"name":"wp","href":"https:\/\/api.w.org\/{rel}","templated":true}]}}