{"id":143648,"date":"2026-01-21T10:25:55","date_gmt":"2026-01-21T09:25:55","guid":{"rendered":"https:\/\/interiorposter.com\/product\/czarno-bialy-plakat-z-liscmi-palmy\/"},"modified":"2026-01-21T10:29:31","modified_gmt":"2026-01-21T09:29:31","slug":"czarno-bialy-plakat-z-liscmi-palmy","status":"publish","type":"product","link":"https:\/\/interiorposter.com\/cs\/product\/czarno-bialy-plakat-z-liscmi-palmy\/","title":{"rendered":"\u010cernob\u00edl\u00fd plak\u00e1t s palmov\u00fdmi listy"},"content":{"rendered":"<p>Minimalistick\u00fd \u010dernob\u00edl\u00fd plak\u00e1t s palmov\u00fdmi listy je jednoduch\u00fd zp\u016fsob, jak dodat interi\u00e9ru eleganci a modern\u00ed rytmus. Dynamick\u00e9, grafick\u00e9 linie list\u016f p\u016fsob\u00ed lehce a vzdu\u0161n\u011b, z\u00e1rove\u0148 v\u0161ak zaujmou jako stylov\u00e1 dekorace na st\u011bnu. Skv\u011ble se hod\u00ed do ob\u00fdvac\u00edho pokoje, lo\u017enice, p\u0159eds\u00edn\u011b i pracovny, stejn\u011b tak do hotelov\u00fdch prostor nebo restaurac\u00ed, kde je d\u016fle\u017eit\u00e1 \u010dist\u00e1, promy\u0161len\u00e1 estetika. Barevnost: monochromatick\u00e1, kontrastn\u00ed, sv\u011btl\u00e1, s v\u00fdrazn\u00fdmi \u010dern\u00fdmi akcenty. Perfektn\u011b zapadne do minimalistick\u00fdch, modern\u00edch a skandin\u00e1vsk\u00fdch interi\u00e9r\u016f, kdy\u017e chcete podtrhnout prostor bez zbyte\u010dn\u00fdch dopl\u0148k\u016f.<\/p>\n","protected":false},"excerpt":{"rendered":"<p>Kontrastn\u00ed \u010dernob\u00edl\u00fd plak\u00e1t s palmov\u00fdmi listy. Minimalistick\u00e1 dekorace na st\u011bnu do ob\u00fdv\u00e1ku, lo\u017enice i pracovny, ide\u00e1ln\u00ed do modern\u00edch interi\u00e9r\u016f.<\/p>\n","protected":false},"featured_media":143644,"comment_status":"open","ping_status":"closed","template":"","meta":[],"product_brand":[],"product_cat":[210,74,86,80,68,102,105,83,71,89,123],"product_tag":[180,274,704],"class_list":{"0":"post-143648","1":"product","2":"type-product","3":"status-publish","4":"has-post-thumbnail","6":"product_cat-geometricke","7":"product_cat-hotel-cs","8":"product_cat-kancelar","9":"product_cat-kuchyne","10":"product_cat-loznice","11":"product_cat-minimalisticky","12":"product_cat-moderni","13":"product_cat-obyvaci-pokoj","14":"product_cat-predsin","15":"product_cat-restaurace","16":"product_cat-rostliny-a-kvetiny","17":"product_tag-seda","18":"product_tag-svetle","19":"product_tag-vertikalni","21":"first","22":"instock","23":"taxable","24":"shipping-taxable","25":"purchasable","26":"product-type-variable","27":"has-default-attributes"},"aioseo_notices":[],"_links":{"self":[{"href":"https:\/\/interiorposter.com\/cs\/wp-json\/wp\/v2\/product\/143648","targetHints":{"allow":["GET"]}}],"collection":[{"href":"https:\/\/interiorposter.com\/cs\/wp-json\/wp\/v2\/product"}],"about":[{"href":"https:\/\/interiorposter.com\/cs\/wp-json\/wp\/v2\/types\/product"}],"replies":[{"embeddable":true,"href":"https:\/\/interiorposter.com\/cs\/wp-json\/wp\/v2\/comments?post=143648"}],"wp:featuredmedia":[{"embeddable":true,"href":"https:\/\/interiorposter.com\/cs\/wp-json\/wp\/v2\/media\/143644"}],"wp:attachment":[{"href":"https:\/\/interiorposter.com\/cs\/wp-json\/wp\/v2\/media?parent=143648"}],"wp:term":[{"taxonomy":"product_brand","embeddable":true,"href":"https:\/\/interiorposter.com\/cs\/wp-json\/wp\/v2\/product_brand?post=143648"},{"taxonomy":"product_cat","embeddable":true,"href":"https:\/\/interiorposter.com\/cs\/wp-json\/wp\/v2\/product_cat?post=143648"},{"taxonomy":"product_tag","embeddable":true,"href":"https:\/\/interiorposter.com\/cs\/wp-json\/wp\/v2\/product_tag?post=143648"}],"curies":[{"name":"wp","href":"https:\/\/api.w.org\/{rel}","templated":true}]}}