{"id":143262,"date":"2026-01-20T21:21:29","date_gmt":"2026-01-20T20:21:29","guid":{"rendered":"https:\/\/interiorposter.com\/product\/obraz-na-plotnie-krople-wody-na-zielonym-lisciu\/"},"modified":"2026-01-20T21:26:56","modified_gmt":"2026-01-20T20:26:56","slug":"obraz-na-plotnie-krople-wody-na-zielonym-lisciu","status":"publish","type":"product","link":"https:\/\/interiorposter.com\/cs\/product\/obraz-na-plotnie-krople-wody-na-zielonym-lisciu\/","title":{"rendered":"Obraz na pl\u00e1tn\u011b kapky vody na zelen\u00e9m listu"},"content":{"rendered":"<p>Vneste do interi\u00e9ru sv\u011b\u017eest p\u0159\u00edrody a uklid\u0148uj\u00edc\u00ed klid. Tento obraz na pl\u00e1tn\u011b zachycuje makro detail zelen\u00e9ho listu s leskl\u00fdmi kapkami vody, kter\u00e9 kr\u00e1sn\u011b odr\u00e1\u017eej\u00ed sv\u011btlo a vytv\u00e1\u0159ej\u00ed dojem \u010distoty a harmonie. Barevnost je sv\u011btl\u00e1 a p\u0159irozen\u00e1, postaven\u00e1 na odst\u00ednech zelen\u00e9 s jemn\u00fdmi, sv\u011bteln\u00fdmi p\u0159echody. Skv\u011ble se hod\u00ed jako dekorace na ze\u010f do ob\u00fdv\u00e1ku, lo\u017enice nebo pracovny, a tak\u00e9 do koupelny, hotelu \u010di p\u0159eds\u00edn\u011b, kde podtrhne pocit sv\u011b\u017eesti. Minimalistick\u00e1 forma a detail z n\u011bj d\u011blaj\u00ed ide\u00e1ln\u00ed volbu do modern\u00edch i skandin\u00e1vsk\u00fdch interi\u00e9r\u016f.<\/p>\n","protected":false},"excerpt":{"rendered":"<p>Obraz na pl\u00e1tn\u011b s makro detailem kapek vody na zelen\u00e9m listu. Sv\u011b\u017e\u00ed zelen\u00e9 t\u00f3ny a p\u0159\u00edrodn\u00ed detail, ide\u00e1ln\u00ed do ob\u00fdv\u00e1ku, lo\u017enice, pracovny i koupelny.<\/p>\n","protected":false},"featured_media":45850,"comment_status":"open","ping_status":"closed","template":"","meta":[],"product_brand":[],"product_cat":[108,74,86,207,65,80,68,138,102,105,83,71,89,123,111],"product_tag":[702,186],"class_list":{"0":"post-143262","1":"product","2":"type-product","3":"status-publish","4":"has-post-thumbnail","6":"product_cat-fotografie","7":"product_cat-hotel-cs","8":"product_cat-kancelar","9":"product_cat-konceptualni-umeni","10":"product_cat-koupelna","11":"product_cat-kuchyne","12":"product_cat-loznice","13":"product_cat-makro","14":"product_cat-minimalisticky","15":"product_cat-moderni","16":"product_cat-obyvaci-pokoj","17":"product_cat-predsin","18":"product_cat-restaurace","19":"product_cat-rostliny-a-kvetiny","20":"product_cat-skandinavsky","21":"product_tag-horizontalni","22":"product_tag-vicebarevny","24":"first","25":"instock","26":"taxable","27":"shipping-taxable","28":"purchasable","29":"product-type-variable","30":"has-default-attributes"},"aioseo_notices":[],"_links":{"self":[{"href":"https:\/\/interiorposter.com\/cs\/wp-json\/wp\/v2\/product\/143262","targetHints":{"allow":["GET"]}}],"collection":[{"href":"https:\/\/interiorposter.com\/cs\/wp-json\/wp\/v2\/product"}],"about":[{"href":"https:\/\/interiorposter.com\/cs\/wp-json\/wp\/v2\/types\/product"}],"replies":[{"embeddable":true,"href":"https:\/\/interiorposter.com\/cs\/wp-json\/wp\/v2\/comments?post=143262"}],"wp:featuredmedia":[{"embeddable":true,"href":"https:\/\/interiorposter.com\/cs\/wp-json\/wp\/v2\/media\/45850"}],"wp:attachment":[{"href":"https:\/\/interiorposter.com\/cs\/wp-json\/wp\/v2\/media?parent=143262"}],"wp:term":[{"taxonomy":"product_brand","embeddable":true,"href":"https:\/\/interiorposter.com\/cs\/wp-json\/wp\/v2\/product_brand?post=143262"},{"taxonomy":"product_cat","embeddable":true,"href":"https:\/\/interiorposter.com\/cs\/wp-json\/wp\/v2\/product_cat?post=143262"},{"taxonomy":"product_tag","embeddable":true,"href":"https:\/\/interiorposter.com\/cs\/wp-json\/wp\/v2\/product_tag?post=143262"}],"curies":[{"name":"wp","href":"https:\/\/api.w.org\/{rel}","templated":true}]}}